{"id":32653,"date":"2025-07-20T20:47:34","date_gmt":"2025-07-20T20:47:34","guid":{"rendered":"https:\/\/web.agro-trade.co\/geschaeftsbedingungen\/"},"modified":"2025-09-02T23:45:06","modified_gmt":"2025-09-02T23:45:06","slug":"geschaeftsbedingungen","status":"publish","type":"page","link":"https:\/\/web.agro-trade.co\/de\/geschaeftsbedingungen\/","title":{"rendered":"Gesch\u00e4ftsbedingungen"},"content":{"rendered":"\r\n<p data-pm-slice=\"1 1 []\">Diese Allgemeinen Gesch\u00e4ftsbedingungen regeln Ihre Nutzung der Dienste, der Website und der Gesch\u00e4ftsbeziehungen von Agro Trade. Durch die Nutzung unseres Unternehmens oder unserer Website (www.agro-trade.co) erkl\u00e4ren Sie sich mit diesen Bedingungen einverstanden. Unser Unternehmen unterliegt \u00e4gyptischem Handelsrecht und internationalen Exportbestimmungen.<\/p>\r\n<p>Firmeninformationen: Agro Trade ist ein eingetragenes Exportunternehmen mit Sitz in Beheira, \u00c4gypten. Wir sind auf den Export von frischem Obst und Gem\u00fcse unter der Marke Mahdy Fresh spezialisiert.<\/p>\r\n<p>Nutzung der Website Alle Informationen auf unserer Website dienen ausschlie\u00dflich der allgemeinen Information. Wir bem\u00fchen uns um Richtigkeit, haften jedoch nicht f\u00fcr Fehler oder Auslassungen. Unbefugte Nutzung, Datenabsch\u00f6pfung oder Vervielf\u00e4ltigung ist untersagt.<\/p>\r\n<p>Bestellung und Vertrag<\/p>\r\n<ul data-spread=\"false\">\r\n<li>\r\n<p>Alle Bestellungen unterliegen der Produktverf\u00fcgbarkeit und -best\u00e4tigung<\/p>\r\n<\/li>\r\n<li>\r\n<p>Preise und Produktdetails werden \u00fcber offizielle Proforma-Rechnungen mitgeteilt<\/p>\r\n<\/li>\r\n<li>\r\n<p>Endg\u00fcltige Vertr\u00e4ge kommen erst mit schriftlicher Vereinbarung oder Zahlungsbest\u00e4tigung zustande.<\/p>\r\n<\/li>\r\n<li>\r\n<p>Agro Trade beh\u00e4lt sich das Recht vor, nach eigenem Ermessen die Dienstleistung zu verweigern oder Bestellungen zu stornieren.<\/p>\r\n<\/li>\r\n<\/ul>\r\n<p>Versand und Lieferung<\/p>\r\n<ul data-spread=\"false\">\r\n<li>\r\n<p>Der Versand der Produkte erfolgt je nach Produkt per K\u00fchlcontainer oder Luftfracht<\/p>\r\n<\/li>\r\n<li>\r\n<p>Alle Sendungen erfolgen gem\u00e4\u00df den internationalen INCOTERMS (FOB, CIF usw.) wie vereinbart<\/p>\r\n<\/li>\r\n<li>\r\n<p>Verz\u00f6gerungen durch Zoll oder h\u00f6here Gewalt liegen nicht in unserer Verantwortung<\/p>\r\n<\/li>\r\n<\/ul>\r\n<p>Zertifizierungen und Konformit\u00e4t Agro Trade garantiert, dass exportierte Produkte den folgenden Anforderungen entsprechen:<\/p>\r\n<ul data-spread=\"false\">\r\n<li>\r\n<p>EU-Restmengenstandards<\/p>\r\n<\/li>\r\n<li>\r\n<p>GLOBALG.A.P, IFS Food, EU Klasse 1 und FDA-Zertifizierungen<\/p>\r\n<\/li>\r\n<li>\r\n<p>Von den Ziell\u00e4ndern geforderte Pflanzenschutz- und Lebensmittelsicherheitsstandards<\/p>\r\n<\/li>\r\n<\/ul>\r\n<p>Haftung Wir haften nicht f\u00fcr indirekte, zuf\u00e4llige oder Folgesch\u00e4den, die durch die Verwendung oder Lieferung unserer Produkte entstehen. Unsere Haftung ist auf den Wert der gekauften Waren beschr\u00e4nkt.<\/p>\r\n<p>Geistiges Eigentum Alle Inhalte auf unserer Website, Markennamen (Mahdy Fresh), Produktbeschreibungen, Bilder und Marketingmaterialien sind geistiges Eigentum von Agro Trade und d\u00fcrfen nicht ohne schriftliche Zustimmung verwendet werden.<\/p>\r\n<p>Geltendes Recht Alle kommerziellen Aktivit\u00e4ten und Streitigkeiten unterliegen \u00e4gyptischem Recht gem\u00e4\u00df den internationalen Exportpraktiken. Streitigkeiten werden von den Wirtschaftsgerichten in Kairo oder den zust\u00e4ndigen Schiedsstellen behandelt.<\/p>\r\n<p>\u00c4nderungen der Bedingungen Wir k\u00f6nnen diese Bedingungen ohne vorherige Ank\u00fcndigung aktualisieren. Die fortgesetzte Nutzung unserer Website oder Dienste gilt als Annahme der ge\u00e4nderten Bedingungen.<\/p>\r\n<div><hr \/><\/div>\r\n<p>&nbsp;<\/p>\r\n","protected":false},"excerpt":{"rendered":"<p>Diese Allgemeinen Gesch\u00e4ftsbedingungen regeln Ihre Nutzung der Dienste, der Website und der Gesch\u00e4ftsbeziehungen von Agro Trade. Durch die Nutzung unseres<\/p>\n","protected":false},"author":1,"featured_media":0,"parent":0,"menu_order":0,"comment_status":"closed","ping_status":"closed","template":"","meta":{"_acf_changed":false,"footnotes":""},"class_list":["post-32653","page","type-page","status-publish","hentry"],"acf":[],"yoast_head":"<!-- This site is optimized with the Yoast SEO plugin v27.0 - https:\/\/yoast.com\/product\/yoast-seo-wordpress\/ -->\n<title>Allgemeine Gesch\u00e4ftsbedingungen \u2013 Agro Trade<\/title>\n<meta name=\"description\" content=\"Lesen Sie die Allgemeinen Gesch\u00e4ftsbedingungen von Agro Trade, um unsere Richtlinien, gesetzlichen Anforderungen und Ihre Rechte bei der Nutzung unserer Dienste zu verstehen.\" \/>\n<meta name=\"robots\" content=\"index, follow, max-snippet:-1, max-image-preview:large, max-video-preview:-1\" \/>\n<link rel=\"canonical\" href=\"https:\/\/web.agro-trade.co\/de\/geschaeftsbedingungen\/\" \/>\n<meta property=\"og:locale\" content=\"de_DE\" \/>\n<meta property=\"og:type\" content=\"article\" \/>\n<meta property=\"og:title\" content=\"Allgemeine Gesch\u00e4ftsbedingungen \u2013 Agro Trade\" \/>\n<meta property=\"og:description\" content=\"Lesen Sie die Allgemeinen Gesch\u00e4ftsbedingungen von Agro Trade, um unsere Richtlinien, gesetzlichen Anforderungen und Ihre Rechte bei der Nutzung unserer Dienste zu verstehen.\" \/>\n<meta property=\"og:url\" content=\"https:\/\/web.agro-trade.co\/de\/geschaeftsbedingungen\/\" \/>\n<meta property=\"og:site_name\" content=\"Agro Trade\" \/>\n<meta property=\"article:publisher\" content=\"https:\/\/www.facebook.com\/AgroTradeforImportandExport\/\" \/>\n<meta property=\"article:modified_time\" content=\"2025-09-02T23:45:06+00:00\" \/>\n<meta property=\"og:image\" content=\"https:\/\/web.agro-trade.co\/wp-content\/uploads\/2021\/08\/Agro-Trade-scaled.webp\" \/>\n\t<meta property=\"og:image:width\" content=\"2560\" \/>\n\t<meta property=\"og:image:height\" content=\"1225\" \/>\n\t<meta property=\"og:image:type\" content=\"image\/webp\" \/>\n<meta name=\"twitter:card\" content=\"summary_large_image\" \/>\n<meta name=\"twitter:label1\" content=\"Gesch\u00e4tzte Lesezeit\" \/>\n\t<meta name=\"twitter:data1\" content=\"2\u00a0Minuten\" \/>\n<script type=\"application\/ld+json\" class=\"yoast-schema-graph\">{\"@context\":\"https:\/\/schema.org\",\"@graph\":[{\"@type\":\"WebPage\",\"@id\":\"https:\/\/web.agro-trade.co\/de\/geschaeftsbedingungen\/\",\"url\":\"https:\/\/web.agro-trade.co\/de\/geschaeftsbedingungen\/\",\"name\":\"Allgemeine Gesch\u00e4ftsbedingungen \u2013 Agro Trade\",\"isPartOf\":{\"@id\":\"https:\/\/web.agro-trade.co\/#website\"},\"datePublished\":\"2025-07-20T20:47:34+00:00\",\"dateModified\":\"2025-09-02T23:45:06+00:00\",\"description\":\"Lesen Sie die Allgemeinen Gesch\u00e4ftsbedingungen von Agro Trade, um unsere Richtlinien, gesetzlichen Anforderungen und Ihre Rechte bei der Nutzung unserer Dienste zu verstehen.\",\"breadcrumb\":{\"@id\":\"https:\/\/web.agro-trade.co\/de\/geschaeftsbedingungen\/#breadcrumb\"},\"inLanguage\":\"de\",\"potentialAction\":[{\"@type\":\"ReadAction\",\"target\":[\"https:\/\/web.agro-trade.co\/de\/geschaeftsbedingungen\/\"]}]},{\"@type\":\"BreadcrumbList\",\"@id\":\"https:\/\/web.agro-trade.co\/de\/geschaeftsbedingungen\/#breadcrumb\",\"itemListElement\":[{\"@type\":\"ListItem\",\"position\":1,\"name\":\"Home\",\"item\":\"https:\/\/web.agro-trade.co\/\"},{\"@type\":\"ListItem\",\"position\":2,\"name\":\"Gesch\u00e4ftsbedingungen\"}]},{\"@type\":\"WebSite\",\"@id\":\"https:\/\/web.agro-trade.co\/#website\",\"url\":\"https:\/\/web.agro-trade.co\/\",\"name\":\"Agro Trade\",\"description\":\"Premium Egyptian Fruits &amp; Vegetables for Global Export\",\"publisher\":{\"@id\":\"https:\/\/web.agro-trade.co\/#organization\"},\"alternateName\":\"Agro Trade\",\"potentialAction\":[{\"@type\":\"SearchAction\",\"target\":{\"@type\":\"EntryPoint\",\"urlTemplate\":\"https:\/\/web.agro-trade.co\/?s={search_term_string}\"},\"query-input\":{\"@type\":\"PropertyValueSpecification\",\"valueRequired\":true,\"valueName\":\"search_term_string\"}}],\"inLanguage\":\"de\"},{\"@type\":\"Organization\",\"@id\":\"https:\/\/web.agro-trade.co\/#organization\",\"name\":\"Agro Trade\",\"alternateName\":\"AgroTrade\",\"url\":\"https:\/\/web.agro-trade.co\/\",\"logo\":{\"@type\":\"ImageObject\",\"inLanguage\":\"de\",\"@id\":\"https:\/\/web.agro-trade.co\/#\/schema\/logo\/image\/\",\"url\":\"https:\/\/web.agro-trade.co\/wp-content\/uploads\/2025\/07\/cropped-Etsy-Organic-Beauty-Shop-Icon-e1753043861523.png\",\"contentUrl\":\"https:\/\/web.agro-trade.co\/wp-content\/uploads\/2025\/07\/cropped-Etsy-Organic-Beauty-Shop-Icon-e1753043861523.png\",\"width\":512,\"height\":512,\"caption\":\"Agro Trade\"},\"image\":{\"@id\":\"https:\/\/web.agro-trade.co\/#\/schema\/logo\/image\/\"},\"sameAs\":[\"https:\/\/www.facebook.com\/AgroTradeforImportandExport\/\",\"https:\/\/www.tiktok.com\/@agrotrade.eg\",\"https:\/\/www.linkedin.com\/company\/agro-trade-export-import\/\",\"https:\/\/www.youtube.com\/@AgroTradeforImportExport\",\"https:\/\/www.instagram.com\/agrotrade.eg\/\"]}]}<\/script>\n<!-- \/ Yoast SEO plugin. -->","yoast_head_json":{"title":"Allgemeine Gesch\u00e4ftsbedingungen \u2013 Agro Trade","description":"Lesen Sie die Allgemeinen Gesch\u00e4ftsbedingungen von Agro Trade, um unsere Richtlinien, gesetzlichen Anforderungen und Ihre Rechte bei der Nutzung unserer Dienste zu verstehen.","robots":{"index":"index","follow":"follow","max-snippet":"max-snippet:-1","max-image-preview":"max-image-preview:large","max-video-preview":"max-video-preview:-1"},"canonical":"https:\/\/web.agro-trade.co\/de\/geschaeftsbedingungen\/","og_locale":"de_DE","og_type":"article","og_title":"Allgemeine Gesch\u00e4ftsbedingungen \u2013 Agro Trade","og_description":"Lesen Sie die Allgemeinen Gesch\u00e4ftsbedingungen von Agro Trade, um unsere Richtlinien, gesetzlichen Anforderungen und Ihre Rechte bei der Nutzung unserer Dienste zu verstehen.","og_url":"https:\/\/web.agro-trade.co\/de\/geschaeftsbedingungen\/","og_site_name":"Agro Trade","article_publisher":"https:\/\/www.facebook.com\/AgroTradeforImportandExport\/","article_modified_time":"2025-09-02T23:45:06+00:00","og_image":[{"width":2560,"height":1225,"url":"https:\/\/web.agro-trade.co\/wp-content\/uploads\/2021\/08\/Agro-Trade-scaled.webp","type":"image\/webp"}],"twitter_card":"summary_large_image","twitter_misc":{"Gesch\u00e4tzte Lesezeit":"2\u00a0Minuten"},"schema":{"@context":"https:\/\/schema.org","@graph":[{"@type":"WebPage","@id":"https:\/\/web.agro-trade.co\/de\/geschaeftsbedingungen\/","url":"https:\/\/web.agro-trade.co\/de\/geschaeftsbedingungen\/","name":"Allgemeine Gesch\u00e4ftsbedingungen \u2013 Agro Trade","isPartOf":{"@id":"https:\/\/web.agro-trade.co\/#website"},"datePublished":"2025-07-20T20:47:34+00:00","dateModified":"2025-09-02T23:45:06+00:00","description":"Lesen Sie die Allgemeinen Gesch\u00e4ftsbedingungen von Agro Trade, um unsere Richtlinien, gesetzlichen Anforderungen und Ihre Rechte bei der Nutzung unserer Dienste zu verstehen.","breadcrumb":{"@id":"https:\/\/web.agro-trade.co\/de\/geschaeftsbedingungen\/#breadcrumb"},"inLanguage":"de","potentialAction":[{"@type":"ReadAction","target":["https:\/\/web.agro-trade.co\/de\/geschaeftsbedingungen\/"]}]},{"@type":"BreadcrumbList","@id":"https:\/\/web.agro-trade.co\/de\/geschaeftsbedingungen\/#breadcrumb","itemListElement":[{"@type":"ListItem","position":1,"name":"Home","item":"https:\/\/web.agro-trade.co\/"},{"@type":"ListItem","position":2,"name":"Gesch\u00e4ftsbedingungen"}]},{"@type":"WebSite","@id":"https:\/\/web.agro-trade.co\/#website","url":"https:\/\/web.agro-trade.co\/","name":"Agro Trade","description":"Premium Egyptian Fruits &amp; Vegetables for Global Export","publisher":{"@id":"https:\/\/web.agro-trade.co\/#organization"},"alternateName":"Agro Trade","potentialAction":[{"@type":"SearchAction","target":{"@type":"EntryPoint","urlTemplate":"https:\/\/web.agro-trade.co\/?s={search_term_string}"},"query-input":{"@type":"PropertyValueSpecification","valueRequired":true,"valueName":"search_term_string"}}],"inLanguage":"de"},{"@type":"Organization","@id":"https:\/\/web.agro-trade.co\/#organization","name":"Agro Trade","alternateName":"AgroTrade","url":"https:\/\/web.agro-trade.co\/","logo":{"@type":"ImageObject","inLanguage":"de","@id":"https:\/\/web.agro-trade.co\/#\/schema\/logo\/image\/","url":"https:\/\/web.agro-trade.co\/wp-content\/uploads\/2025\/07\/cropped-Etsy-Organic-Beauty-Shop-Icon-e1753043861523.png","contentUrl":"https:\/\/web.agro-trade.co\/wp-content\/uploads\/2025\/07\/cropped-Etsy-Organic-Beauty-Shop-Icon-e1753043861523.png","width":512,"height":512,"caption":"Agro Trade"},"image":{"@id":"https:\/\/web.agro-trade.co\/#\/schema\/logo\/image\/"},"sameAs":["https:\/\/www.facebook.com\/AgroTradeforImportandExport\/","https:\/\/www.tiktok.com\/@agrotrade.eg","https:\/\/www.linkedin.com\/company\/agro-trade-export-import\/","https:\/\/www.youtube.com\/@AgroTradeforImportExport","https:\/\/www.instagram.com\/agrotrade.eg\/"]}]}},"_links":{"self":[{"href":"https:\/\/web.agro-trade.co\/de\/wp-json\/wp\/v2\/pages\/32653","targetHints":{"allow":["GET"]}}],"collection":[{"href":"https:\/\/web.agro-trade.co\/de\/wp-json\/wp\/v2\/pages"}],"about":[{"href":"https:\/\/web.agro-trade.co\/de\/wp-json\/wp\/v2\/types\/page"}],"author":[{"embeddable":true,"href":"https:\/\/web.agro-trade.co\/de\/wp-json\/wp\/v2\/users\/1"}],"replies":[{"embeddable":true,"href":"https:\/\/web.agro-trade.co\/de\/wp-json\/wp\/v2\/comments?post=32653"}],"version-history":[{"count":2,"href":"https:\/\/web.agro-trade.co\/de\/wp-json\/wp\/v2\/pages\/32653\/revisions"}],"predecessor-version":[{"id":32801,"href":"https:\/\/web.agro-trade.co\/de\/wp-json\/wp\/v2\/pages\/32653\/revisions\/32801"}],"wp:attachment":[{"href":"https:\/\/web.agro-trade.co\/de\/wp-json\/wp\/v2\/media?parent=32653"}],"curies":[{"name":"wp","href":"https:\/\/api.w.org\/{rel}","templated":true}]}}