{"id":33387,"date":"2025-09-06T15:38:09","date_gmt":"2025-09-06T15:38:09","guid":{"rendered":"https:\/\/web.agro-trade.co\/product\/grapefruits\/"},"modified":"2025-09-06T15:38:09","modified_gmt":"2025-09-06T15:38:09","slug":"grapefruits","status":"publish","type":"product","link":"https:\/\/web.agro-trade.co\/de\/produkt\/grapefruits\/","title":{"rendered":"Grapefruits"},"content":{"rendered":"<p>Unsere Grapefruits erf\u00fcllen die Klasse-1-Standards mit ausgezeichnetem Geschmack und Saftigkeit. Perfekt f\u00fcr Exportm\u00e4rkte, erh\u00e4ltlich in K\u00fchlcontainern mit individueller Verpackung.<\/p>\n","protected":false},"excerpt":{"rendered":"<p>Frische Grapefruits \u2013 kr\u00e4ftig und herb, reich an Saft und Antioxidantien, ideal f\u00fcr den Export<\/p>\n","protected":false},"featured_media":29651,"template":"","meta":{"_acf_changed":false},"product_brand":[],"product_cat":[718],"product_tag":[740,741,104,735],"class_list":{"0":"post-33387","1":"product","2":"type-product","3":"status-publish","4":"has-post-thumbnail","6":"product_cat-zitrusfruchte","7":"product_tag-bitterfrucht","8":"product_tag-exportfruechte","9":"product_tag-grapefruit","10":"product_tag-zitrusfrucht","12":"first","13":"instock","14":"shipping-taxable","15":"product-type-simple"},"acf":[],"yoast_head":"<!-- This site is optimized with the Yoast SEO plugin v27.0 - https:\/\/yoast.com\/product\/yoast-seo-wordpress\/ -->\n<title>Grapefruits | Agro Trade<\/title>\n<meta name=\"robots\" content=\"index, follow, max-snippet:-1, max-image-preview:large, max-video-preview:-1\" \/>\n<link rel=\"canonical\" href=\"https:\/\/web.agro-trade.co\/de\/produkt\/grapefruits\/\" \/>\n<meta property=\"og:locale\" content=\"de_DE\" \/>\n<meta property=\"og:type\" content=\"article\" \/>\n<meta property=\"og:title\" content=\"Grapefruits | Agro Trade\" \/>\n<meta property=\"og:description\" content=\"Frische Grapefruits \u2013 kr\u00e4ftig und herb, reich an Saft und Antioxidantien, ideal f\u00fcr den Export\" \/>\n<meta property=\"og:url\" content=\"https:\/\/web.agro-trade.co\/de\/produkt\/grapefruits\/\" \/>\n<meta property=\"og:site_name\" content=\"Agro Trade\" \/>\n<meta property=\"article:publisher\" content=\"https:\/\/www.facebook.com\/AgroTradeforImportandExport\/\" \/>\n<meta property=\"og:image\" content=\"https:\/\/web.agro-trade.co\/wp-content\/uploads\/2021\/08\/Agro-Trade-scaled.webp\" \/>\n\t<meta property=\"og:image:width\" content=\"2560\" \/>\n\t<meta property=\"og:image:height\" content=\"1225\" \/>\n\t<meta property=\"og:image:type\" content=\"image\/webp\" \/>\n<meta name=\"twitter:card\" content=\"summary_large_image\" \/>\n<script type=\"application\/ld+json\" class=\"yoast-schema-graph\">{\"@context\":\"https:\/\/schema.org\",\"@graph\":[{\"@type\":\"WebPage\",\"@id\":\"https:\/\/web.agro-trade.co\/de\/produkt\/grapefruits\/\",\"url\":\"https:\/\/web.agro-trade.co\/de\/produkt\/grapefruits\/\",\"name\":\"Grapefruits | Agro Trade\",\"isPartOf\":{\"@id\":\"https:\/\/web.agro-trade.co\/#website\"},\"primaryImageOfPage\":{\"@id\":\"https:\/\/web.agro-trade.co\/de\/produkt\/grapefruits\/#primaryimage\"},\"image\":{\"@id\":\"https:\/\/web.agro-trade.co\/de\/produkt\/grapefruits\/#primaryimage\"},\"thumbnailUrl\":\"https:\/\/web.agro-trade.co\/wp-content\/uploads\/2025\/07\/1-17.png\",\"datePublished\":\"2025-09-06T15:38:09+00:00\",\"breadcrumb\":{\"@id\":\"https:\/\/web.agro-trade.co\/de\/produkt\/grapefruits\/#breadcrumb\"},\"inLanguage\":\"de\",\"potentialAction\":[{\"@type\":\"ReadAction\",\"target\":[\"https:\/\/web.agro-trade.co\/de\/produkt\/grapefruits\/\"]}]},{\"@type\":\"ImageObject\",\"inLanguage\":\"de\",\"@id\":\"https:\/\/web.agro-trade.co\/de\/produkt\/grapefruits\/#primaryimage\",\"url\":\"https:\/\/web.agro-trade.co\/wp-content\/uploads\/2025\/07\/1-17.png\",\"contentUrl\":\"https:\/\/web.agro-trade.co\/wp-content\/uploads\/2025\/07\/1-17.png\",\"width\":500,\"height\":500,\"caption\":\"Premium quality Egyptian grapefruit, freshly harvested, packed, and exported by Agro Trade under the Mahdy Fresh brand \u2013 trusted by global importers.\"},{\"@type\":\"BreadcrumbList\",\"@id\":\"https:\/\/web.agro-trade.co\/de\/produkt\/grapefruits\/#breadcrumb\",\"itemListElement\":[{\"@type\":\"ListItem\",\"position\":1,\"name\":\"Home\",\"item\":\"https:\/\/web.agro-trade.co\/\"},{\"@type\":\"ListItem\",\"position\":2,\"name\":\"Produkte\",\"item\":\"https:\/\/web.agro-trade.co\/de\/produkte\/\"},{\"@type\":\"ListItem\",\"position\":3,\"name\":\"Grapefruits\"}]},{\"@type\":\"WebSite\",\"@id\":\"https:\/\/web.agro-trade.co\/#website\",\"url\":\"https:\/\/web.agro-trade.co\/\",\"name\":\"Agro Trade\",\"description\":\"Premium Egyptian Fruits &amp; Vegetables for Global Export\",\"publisher\":{\"@id\":\"https:\/\/web.agro-trade.co\/#organization\"},\"alternateName\":\"Agro Trade\",\"potentialAction\":[{\"@type\":\"SearchAction\",\"target\":{\"@type\":\"EntryPoint\",\"urlTemplate\":\"https:\/\/web.agro-trade.co\/?s={search_term_string}\"},\"query-input\":{\"@type\":\"PropertyValueSpecification\",\"valueRequired\":true,\"valueName\":\"search_term_string\"}}],\"inLanguage\":\"de\"},{\"@type\":\"Organization\",\"@id\":\"https:\/\/web.agro-trade.co\/#organization\",\"name\":\"Agro Trade\",\"alternateName\":\"AgroTrade\",\"url\":\"https:\/\/web.agro-trade.co\/\",\"logo\":{\"@type\":\"ImageObject\",\"inLanguage\":\"de\",\"@id\":\"https:\/\/web.agro-trade.co\/#\/schema\/logo\/image\/\",\"url\":\"https:\/\/web.agro-trade.co\/wp-content\/uploads\/2025\/07\/cropped-Etsy-Organic-Beauty-Shop-Icon-e1753043861523.png\",\"contentUrl\":\"https:\/\/web.agro-trade.co\/wp-content\/uploads\/2025\/07\/cropped-Etsy-Organic-Beauty-Shop-Icon-e1753043861523.png\",\"width\":512,\"height\":512,\"caption\":\"Agro Trade\"},\"image\":{\"@id\":\"https:\/\/web.agro-trade.co\/#\/schema\/logo\/image\/\"},\"sameAs\":[\"https:\/\/www.facebook.com\/AgroTradeforImportandExport\/\",\"https:\/\/www.tiktok.com\/@agrotrade.eg\",\"https:\/\/www.linkedin.com\/company\/agro-trade-export-import\/\",\"https:\/\/www.youtube.com\/@AgroTradeforImportExport\",\"https:\/\/www.instagram.com\/agrotrade.eg\/\"]}]}<\/script>\n<!-- \/ Yoast SEO plugin. -->","yoast_head_json":{"title":"Grapefruits | Agro Trade","robots":{"index":"index","follow":"follow","max-snippet":"max-snippet:-1","max-image-preview":"max-image-preview:large","max-video-preview":"max-video-preview:-1"},"canonical":"https:\/\/web.agro-trade.co\/de\/produkt\/grapefruits\/","og_locale":"de_DE","og_type":"article","og_title":"Grapefruits | Agro Trade","og_description":"Frische Grapefruits \u2013 kr\u00e4ftig und herb, reich an Saft und Antioxidantien, ideal f\u00fcr den Export","og_url":"https:\/\/web.agro-trade.co\/de\/produkt\/grapefruits\/","og_site_name":"Agro Trade","article_publisher":"https:\/\/www.facebook.com\/AgroTradeforImportandExport\/","og_image":[{"width":2560,"height":1225,"url":"https:\/\/web.agro-trade.co\/wp-content\/uploads\/2021\/08\/Agro-Trade-scaled.webp","type":"image\/webp"}],"twitter_card":"summary_large_image","schema":{"@context":"https:\/\/schema.org","@graph":[{"@type":"WebPage","@id":"https:\/\/web.agro-trade.co\/de\/produkt\/grapefruits\/","url":"https:\/\/web.agro-trade.co\/de\/produkt\/grapefruits\/","name":"Grapefruits | Agro Trade","isPartOf":{"@id":"https:\/\/web.agro-trade.co\/#website"},"primaryImageOfPage":{"@id":"https:\/\/web.agro-trade.co\/de\/produkt\/grapefruits\/#primaryimage"},"image":{"@id":"https:\/\/web.agro-trade.co\/de\/produkt\/grapefruits\/#primaryimage"},"thumbnailUrl":"https:\/\/web.agro-trade.co\/wp-content\/uploads\/2025\/07\/1-17.png","datePublished":"2025-09-06T15:38:09+00:00","breadcrumb":{"@id":"https:\/\/web.agro-trade.co\/de\/produkt\/grapefruits\/#breadcrumb"},"inLanguage":"de","potentialAction":[{"@type":"ReadAction","target":["https:\/\/web.agro-trade.co\/de\/produkt\/grapefruits\/"]}]},{"@type":"ImageObject","inLanguage":"de","@id":"https:\/\/web.agro-trade.co\/de\/produkt\/grapefruits\/#primaryimage","url":"https:\/\/web.agro-trade.co\/wp-content\/uploads\/2025\/07\/1-17.png","contentUrl":"https:\/\/web.agro-trade.co\/wp-content\/uploads\/2025\/07\/1-17.png","width":500,"height":500,"caption":"Premium quality Egyptian grapefruit, freshly harvested, packed, and exported by Agro Trade under the Mahdy Fresh brand \u2013 trusted by global importers."},{"@type":"BreadcrumbList","@id":"https:\/\/web.agro-trade.co\/de\/produkt\/grapefruits\/#breadcrumb","itemListElement":[{"@type":"ListItem","position":1,"name":"Home","item":"https:\/\/web.agro-trade.co\/"},{"@type":"ListItem","position":2,"name":"Produkte","item":"https:\/\/web.agro-trade.co\/de\/produkte\/"},{"@type":"ListItem","position":3,"name":"Grapefruits"}]},{"@type":"WebSite","@id":"https:\/\/web.agro-trade.co\/#website","url":"https:\/\/web.agro-trade.co\/","name":"Agro Trade","description":"Premium Egyptian Fruits &amp; Vegetables for Global Export","publisher":{"@id":"https:\/\/web.agro-trade.co\/#organization"},"alternateName":"Agro Trade","potentialAction":[{"@type":"SearchAction","target":{"@type":"EntryPoint","urlTemplate":"https:\/\/web.agro-trade.co\/?s={search_term_string}"},"query-input":{"@type":"PropertyValueSpecification","valueRequired":true,"valueName":"search_term_string"}}],"inLanguage":"de"},{"@type":"Organization","@id":"https:\/\/web.agro-trade.co\/#organization","name":"Agro Trade","alternateName":"AgroTrade","url":"https:\/\/web.agro-trade.co\/","logo":{"@type":"ImageObject","inLanguage":"de","@id":"https:\/\/web.agro-trade.co\/#\/schema\/logo\/image\/","url":"https:\/\/web.agro-trade.co\/wp-content\/uploads\/2025\/07\/cropped-Etsy-Organic-Beauty-Shop-Icon-e1753043861523.png","contentUrl":"https:\/\/web.agro-trade.co\/wp-content\/uploads\/2025\/07\/cropped-Etsy-Organic-Beauty-Shop-Icon-e1753043861523.png","width":512,"height":512,"caption":"Agro Trade"},"image":{"@id":"https:\/\/web.agro-trade.co\/#\/schema\/logo\/image\/"},"sameAs":["https:\/\/www.facebook.com\/AgroTradeforImportandExport\/","https:\/\/www.tiktok.com\/@agrotrade.eg","https:\/\/www.linkedin.com\/company\/agro-trade-export-import\/","https:\/\/www.youtube.com\/@AgroTradeforImportExport","https:\/\/www.instagram.com\/agrotrade.eg\/"]}]}},"_links":{"self":[{"href":"https:\/\/web.agro-trade.co\/de\/wp-json\/wp\/v2\/product\/33387","targetHints":{"allow":["GET"]}}],"collection":[{"href":"https:\/\/web.agro-trade.co\/de\/wp-json\/wp\/v2\/product"}],"about":[{"href":"https:\/\/web.agro-trade.co\/de\/wp-json\/wp\/v2\/types\/product"}],"version-history":[{"count":0,"href":"https:\/\/web.agro-trade.co\/de\/wp-json\/wp\/v2\/product\/33387\/revisions"}],"wp:featuredmedia":[{"embeddable":true,"href":"https:\/\/web.agro-trade.co\/de\/wp-json\/wp\/v2\/media\/29651"}],"wp:attachment":[{"href":"https:\/\/web.agro-trade.co\/de\/wp-json\/wp\/v2\/media?parent=33387"}],"wp:term":[{"taxonomy":"product_brand","embeddable":true,"href":"https:\/\/web.agro-trade.co\/de\/wp-json\/wp\/v2\/product_brand?post=33387"},{"taxonomy":"product_cat","embeddable":true,"href":"https:\/\/web.agro-trade.co\/de\/wp-json\/wp\/v2\/product_cat?post=33387"},{"taxonomy":"product_tag","embeddable":true,"href":"https:\/\/web.agro-trade.co\/de\/wp-json\/wp\/v2\/product_tag?post=33387"}],"curies":[{"name":"wp","href":"https:\/\/api.w.org\/{rel}","templated":true}]}}