{"id":33403,"date":"2025-09-06T15:38:10","date_gmt":"2025-09-06T15:38:10","guid":{"rendered":"https:\/\/web.agro-trade.co\/product\/granataepfel\/"},"modified":"2025-09-06T15:38:11","modified_gmt":"2025-09-06T15:38:11","slug":"granataepfel","status":"publish","type":"product","link":"https:\/\/web.agro-trade.co\/de\/produkt\/granataepfel\/","title":{"rendered":"Granat\u00e4pfel"},"content":{"rendered":"<p>Granat\u00e4pfel (Wonderful und Early 116) nach EU-Klasse-1-Standards. Erh\u00e4ltlich in den Gr\u00f6\u00dfen 6\u201314 und verpackt in 5,5-kg-Kartons. Versorgung von August bis Dezember.<\/p>\n","protected":false},"excerpt":{"rendered":"<p>Frische Granat\u00e4pfel \u2013 saftige Kerne mit s\u00fc\u00df-s\u00e4uerlichem Geschmack, reich an Antioxidantien, perfekt f\u00fcr gesundheitsbewusste M\u00e4rkte<\/p>\n","protected":false},"featured_media":29643,"template":"","meta":{"_acf_changed":false},"product_brand":[],"product_cat":[719],"product_tag":[752,747,753,119],"class_list":{"0":"post-33403","1":"product","2":"type-product","3":"status-publish","4":"has-post-thumbnail","6":"product_cat-obst","7":"product_tag-antioxidative-frucht","8":"product_tag-exportfrucht","9":"product_tag-granatapfel","10":"product_tag-superfood","12":"first","13":"instock","14":"shipping-taxable","15":"product-type-simple"},"acf":[],"yoast_head":"<!-- This site is optimized with the Yoast SEO plugin v27.0 - https:\/\/yoast.com\/product\/yoast-seo-wordpress\/ -->\n<title>Granat\u00e4pfel | Agro Trade<\/title>\n<meta name=\"robots\" content=\"index, follow, max-snippet:-1, max-image-preview:large, max-video-preview:-1\" \/>\n<link rel=\"canonical\" href=\"https:\/\/web.agro-trade.co\/de\/produkt\/granataepfel\/\" \/>\n<meta property=\"og:locale\" content=\"de_DE\" \/>\n<meta property=\"og:type\" content=\"article\" \/>\n<meta property=\"og:title\" content=\"Granat\u00e4pfel | Agro Trade\" \/>\n<meta property=\"og:description\" content=\"Frische Granat\u00e4pfel \u2013 saftige Kerne mit s\u00fc\u00df-s\u00e4uerlichem Geschmack, reich an Antioxidantien, perfekt f\u00fcr gesundheitsbewusste M\u00e4rkte\" \/>\n<meta property=\"og:url\" content=\"https:\/\/web.agro-trade.co\/de\/produkt\/granataepfel\/\" \/>\n<meta property=\"og:site_name\" content=\"Agro Trade\" \/>\n<meta property=\"article:publisher\" content=\"https:\/\/www.facebook.com\/AgroTradeforImportandExport\/\" \/>\n<meta property=\"article:modified_time\" content=\"2025-09-06T15:38:11+00:00\" \/>\n<meta property=\"og:image\" content=\"https:\/\/web.agro-trade.co\/wp-content\/uploads\/2021\/08\/Agro-Trade-scaled.webp\" \/>\n\t<meta property=\"og:image:width\" content=\"2560\" \/>\n\t<meta property=\"og:image:height\" content=\"1225\" \/>\n\t<meta property=\"og:image:type\" content=\"image\/webp\" \/>\n<meta name=\"twitter:card\" content=\"summary_large_image\" \/>\n<script type=\"application\/ld+json\" class=\"yoast-schema-graph\">{\"@context\":\"https:\/\/schema.org\",\"@graph\":[{\"@type\":\"WebPage\",\"@id\":\"https:\/\/web.agro-trade.co\/de\/produkt\/granataepfel\/\",\"url\":\"https:\/\/web.agro-trade.co\/de\/produkt\/granataepfel\/\",\"name\":\"Granat\u00e4pfel | Agro Trade\",\"isPartOf\":{\"@id\":\"https:\/\/web.agro-trade.co\/#website\"},\"primaryImageOfPage\":{\"@id\":\"https:\/\/web.agro-trade.co\/de\/produkt\/granataepfel\/#primaryimage\"},\"image\":{\"@id\":\"https:\/\/web.agro-trade.co\/de\/produkt\/granataepfel\/#primaryimage\"},\"thumbnailUrl\":\"https:\/\/web.agro-trade.co\/wp-content\/uploads\/2025\/07\/1-9.png\",\"datePublished\":\"2025-09-06T15:38:10+00:00\",\"dateModified\":\"2025-09-06T15:38:11+00:00\",\"breadcrumb\":{\"@id\":\"https:\/\/web.agro-trade.co\/de\/produkt\/granataepfel\/#breadcrumb\"},\"inLanguage\":\"de\",\"potentialAction\":[{\"@type\":\"ReadAction\",\"target\":[\"https:\/\/web.agro-trade.co\/de\/produkt\/granataepfel\/\"]}]},{\"@type\":\"ImageObject\",\"inLanguage\":\"de\",\"@id\":\"https:\/\/web.agro-trade.co\/de\/produkt\/granataepfel\/#primaryimage\",\"url\":\"https:\/\/web.agro-trade.co\/wp-content\/uploads\/2025\/07\/1-9.png\",\"contentUrl\":\"https:\/\/web.agro-trade.co\/wp-content\/uploads\/2025\/07\/1-9.png\",\"width\":500,\"height\":500,\"caption\":\"Premium Egyptian pomegranates \u2013 freshly harvested and packed by Agro Trade under the trusted Mahdy Fresh brand, supplied to Europe, Gulf, and Asian markets.\"},{\"@type\":\"BreadcrumbList\",\"@id\":\"https:\/\/web.agro-trade.co\/de\/produkt\/granataepfel\/#breadcrumb\",\"itemListElement\":[{\"@type\":\"ListItem\",\"position\":1,\"name\":\"Home\",\"item\":\"https:\/\/web.agro-trade.co\/\"},{\"@type\":\"ListItem\",\"position\":2,\"name\":\"Produkte\",\"item\":\"https:\/\/web.agro-trade.co\/de\/produkte\/\"},{\"@type\":\"ListItem\",\"position\":3,\"name\":\"Granat\u00e4pfel\"}]},{\"@type\":\"WebSite\",\"@id\":\"https:\/\/web.agro-trade.co\/#website\",\"url\":\"https:\/\/web.agro-trade.co\/\",\"name\":\"Agro Trade\",\"description\":\"Premium Egyptian Fruits &amp; Vegetables for Global Export\",\"publisher\":{\"@id\":\"https:\/\/web.agro-trade.co\/#organization\"},\"alternateName\":\"Agro Trade\",\"potentialAction\":[{\"@type\":\"SearchAction\",\"target\":{\"@type\":\"EntryPoint\",\"urlTemplate\":\"https:\/\/web.agro-trade.co\/?s={search_term_string}\"},\"query-input\":{\"@type\":\"PropertyValueSpecification\",\"valueRequired\":true,\"valueName\":\"search_term_string\"}}],\"inLanguage\":\"de\"},{\"@type\":\"Organization\",\"@id\":\"https:\/\/web.agro-trade.co\/#organization\",\"name\":\"Agro Trade\",\"alternateName\":\"AgroTrade\",\"url\":\"https:\/\/web.agro-trade.co\/\",\"logo\":{\"@type\":\"ImageObject\",\"inLanguage\":\"de\",\"@id\":\"https:\/\/web.agro-trade.co\/#\/schema\/logo\/image\/\",\"url\":\"https:\/\/web.agro-trade.co\/wp-content\/uploads\/2025\/07\/cropped-Etsy-Organic-Beauty-Shop-Icon-e1753043861523.png\",\"contentUrl\":\"https:\/\/web.agro-trade.co\/wp-content\/uploads\/2025\/07\/cropped-Etsy-Organic-Beauty-Shop-Icon-e1753043861523.png\",\"width\":512,\"height\":512,\"caption\":\"Agro Trade\"},\"image\":{\"@id\":\"https:\/\/web.agro-trade.co\/#\/schema\/logo\/image\/\"},\"sameAs\":[\"https:\/\/www.facebook.com\/AgroTradeforImportandExport\/\",\"https:\/\/www.tiktok.com\/@agrotrade.eg\",\"https:\/\/www.linkedin.com\/company\/agro-trade-export-import\/\",\"https:\/\/www.youtube.com\/@AgroTradeforImportExport\",\"https:\/\/www.instagram.com\/agrotrade.eg\/\"]}]}<\/script>\n<!-- \/ Yoast SEO plugin. -->","yoast_head_json":{"title":"Granat\u00e4pfel | Agro Trade","robots":{"index":"index","follow":"follow","max-snippet":"max-snippet:-1","max-image-preview":"max-image-preview:large","max-video-preview":"max-video-preview:-1"},"canonical":"https:\/\/web.agro-trade.co\/de\/produkt\/granataepfel\/","og_locale":"de_DE","og_type":"article","og_title":"Granat\u00e4pfel | Agro Trade","og_description":"Frische Granat\u00e4pfel \u2013 saftige Kerne mit s\u00fc\u00df-s\u00e4uerlichem Geschmack, reich an Antioxidantien, perfekt f\u00fcr gesundheitsbewusste M\u00e4rkte","og_url":"https:\/\/web.agro-trade.co\/de\/produkt\/granataepfel\/","og_site_name":"Agro Trade","article_publisher":"https:\/\/www.facebook.com\/AgroTradeforImportandExport\/","article_modified_time":"2025-09-06T15:38:11+00:00","og_image":[{"width":2560,"height":1225,"url":"https:\/\/web.agro-trade.co\/wp-content\/uploads\/2021\/08\/Agro-Trade-scaled.webp","type":"image\/webp"}],"twitter_card":"summary_large_image","schema":{"@context":"https:\/\/schema.org","@graph":[{"@type":"WebPage","@id":"https:\/\/web.agro-trade.co\/de\/produkt\/granataepfel\/","url":"https:\/\/web.agro-trade.co\/de\/produkt\/granataepfel\/","name":"Granat\u00e4pfel | Agro Trade","isPartOf":{"@id":"https:\/\/web.agro-trade.co\/#website"},"primaryImageOfPage":{"@id":"https:\/\/web.agro-trade.co\/de\/produkt\/granataepfel\/#primaryimage"},"image":{"@id":"https:\/\/web.agro-trade.co\/de\/produkt\/granataepfel\/#primaryimage"},"thumbnailUrl":"https:\/\/web.agro-trade.co\/wp-content\/uploads\/2025\/07\/1-9.png","datePublished":"2025-09-06T15:38:10+00:00","dateModified":"2025-09-06T15:38:11+00:00","breadcrumb":{"@id":"https:\/\/web.agro-trade.co\/de\/produkt\/granataepfel\/#breadcrumb"},"inLanguage":"de","potentialAction":[{"@type":"ReadAction","target":["https:\/\/web.agro-trade.co\/de\/produkt\/granataepfel\/"]}]},{"@type":"ImageObject","inLanguage":"de","@id":"https:\/\/web.agro-trade.co\/de\/produkt\/granataepfel\/#primaryimage","url":"https:\/\/web.agro-trade.co\/wp-content\/uploads\/2025\/07\/1-9.png","contentUrl":"https:\/\/web.agro-trade.co\/wp-content\/uploads\/2025\/07\/1-9.png","width":500,"height":500,"caption":"Premium Egyptian pomegranates \u2013 freshly harvested and packed by Agro Trade under the trusted Mahdy Fresh brand, supplied to Europe, Gulf, and Asian markets."},{"@type":"BreadcrumbList","@id":"https:\/\/web.agro-trade.co\/de\/produkt\/granataepfel\/#breadcrumb","itemListElement":[{"@type":"ListItem","position":1,"name":"Home","item":"https:\/\/web.agro-trade.co\/"},{"@type":"ListItem","position":2,"name":"Produkte","item":"https:\/\/web.agro-trade.co\/de\/produkte\/"},{"@type":"ListItem","position":3,"name":"Granat\u00e4pfel"}]},{"@type":"WebSite","@id":"https:\/\/web.agro-trade.co\/#website","url":"https:\/\/web.agro-trade.co\/","name":"Agro Trade","description":"Premium Egyptian Fruits &amp; Vegetables for Global Export","publisher":{"@id":"https:\/\/web.agro-trade.co\/#organization"},"alternateName":"Agro Trade","potentialAction":[{"@type":"SearchAction","target":{"@type":"EntryPoint","urlTemplate":"https:\/\/web.agro-trade.co\/?s={search_term_string}"},"query-input":{"@type":"PropertyValueSpecification","valueRequired":true,"valueName":"search_term_string"}}],"inLanguage":"de"},{"@type":"Organization","@id":"https:\/\/web.agro-trade.co\/#organization","name":"Agro Trade","alternateName":"AgroTrade","url":"https:\/\/web.agro-trade.co\/","logo":{"@type":"ImageObject","inLanguage":"de","@id":"https:\/\/web.agro-trade.co\/#\/schema\/logo\/image\/","url":"https:\/\/web.agro-trade.co\/wp-content\/uploads\/2025\/07\/cropped-Etsy-Organic-Beauty-Shop-Icon-e1753043861523.png","contentUrl":"https:\/\/web.agro-trade.co\/wp-content\/uploads\/2025\/07\/cropped-Etsy-Organic-Beauty-Shop-Icon-e1753043861523.png","width":512,"height":512,"caption":"Agro Trade"},"image":{"@id":"https:\/\/web.agro-trade.co\/#\/schema\/logo\/image\/"},"sameAs":["https:\/\/www.facebook.com\/AgroTradeforImportandExport\/","https:\/\/www.tiktok.com\/@agrotrade.eg","https:\/\/www.linkedin.com\/company\/agro-trade-export-import\/","https:\/\/www.youtube.com\/@AgroTradeforImportExport","https:\/\/www.instagram.com\/agrotrade.eg\/"]}]}},"_links":{"self":[{"href":"https:\/\/web.agro-trade.co\/de\/wp-json\/wp\/v2\/product\/33403","targetHints":{"allow":["GET"]}}],"collection":[{"href":"https:\/\/web.agro-trade.co\/de\/wp-json\/wp\/v2\/product"}],"about":[{"href":"https:\/\/web.agro-trade.co\/de\/wp-json\/wp\/v2\/types\/product"}],"version-history":[{"count":0,"href":"https:\/\/web.agro-trade.co\/de\/wp-json\/wp\/v2\/product\/33403\/revisions"}],"wp:featuredmedia":[{"embeddable":true,"href":"https:\/\/web.agro-trade.co\/de\/wp-json\/wp\/v2\/media\/29643"}],"wp:attachment":[{"href":"https:\/\/web.agro-trade.co\/de\/wp-json\/wp\/v2\/media?parent=33403"}],"wp:term":[{"taxonomy":"product_brand","embeddable":true,"href":"https:\/\/web.agro-trade.co\/de\/wp-json\/wp\/v2\/product_brand?post=33403"},{"taxonomy":"product_cat","embeddable":true,"href":"https:\/\/web.agro-trade.co\/de\/wp-json\/wp\/v2\/product_cat?post=33403"},{"taxonomy":"product_tag","embeddable":true,"href":"https:\/\/web.agro-trade.co\/de\/wp-json\/wp\/v2\/product_tag?post=33403"}],"curies":[{"name":"wp","href":"https:\/\/api.w.org\/{rel}","templated":true}]}}