{"id":33409,"date":"2025-09-06T15:38:11","date_gmt":"2025-09-06T15:38:11","guid":{"rendered":"https:\/\/web.agro-trade.co\/product\/barhi-datteln\/"},"modified":"2025-09-06T15:38:12","modified_gmt":"2025-09-06T15:38:12","slug":"barhi-datteln","status":"publish","type":"product","link":"https:\/\/web.agro-trade.co\/de\/produkt\/barhi-datteln\/","title":{"rendered":"Barhi-Datteln"},"content":{"rendered":"<p>Premium-Barhi-Datteln, verpackt in 5,5-kg-Kartons. Ideal f\u00fcr den Frischverzehr und Desserts. Exportiert unter kontrollierter K\u00fchlkette.<\/p>\n","protected":false},"excerpt":{"rendered":"<p>Frische Barhi-Datteln \u2013 goldbraun, halbfest und nat\u00fcrlich s\u00fc\u00df, hervorragend als Snack und f\u00fcr exklusiven Export<\/p>\n","protected":false},"featured_media":29635,"template":"","meta":{"_acf_changed":false},"product_brand":[],"product_cat":[719],"product_tag":[758,759,760,761],"class_list":{"0":"post-33409","1":"product","2":"type-product","3":"status-publish","4":"has-post-thumbnail","6":"product_cat-obst","7":"product_tag-barhi-datteln","8":"product_tag-datteln","9":"product_tag-frische-datteln","10":"product_tag-natuerlicher-suessstoff","12":"first","13":"instock","14":"shipping-taxable","15":"product-type-simple"},"acf":[],"yoast_head":"<!-- This site is optimized with the Yoast SEO plugin v27.4 - https:\/\/yoast.com\/product\/yoast-seo-wordpress\/ -->\n<title>Barhi-Datteln | Agro Trade<\/title>\n<meta name=\"robots\" content=\"index, follow, max-snippet:-1, max-image-preview:large, max-video-preview:-1\" \/>\n<link rel=\"canonical\" href=\"https:\/\/web.agro-trade.co\/de\/produkt\/barhi-datteln\/\" \/>\n<meta property=\"og:locale\" content=\"de_DE\" \/>\n<meta property=\"og:type\" content=\"article\" \/>\n<meta property=\"og:title\" content=\"Barhi-Datteln | Agro Trade\" \/>\n<meta property=\"og:description\" content=\"Frische Barhi-Datteln \u2013 goldbraun, halbfest und nat\u00fcrlich s\u00fc\u00df, hervorragend als Snack und f\u00fcr exklusiven Export\" \/>\n<meta property=\"og:url\" content=\"https:\/\/web.agro-trade.co\/de\/produkt\/barhi-datteln\/\" \/>\n<meta property=\"og:site_name\" content=\"Agro Trade\" \/>\n<meta property=\"article:publisher\" content=\"https:\/\/www.facebook.com\/AgroTradeforImportandExport\/\" \/>\n<meta property=\"article:modified_time\" content=\"2025-09-06T15:38:12+00:00\" \/>\n<meta property=\"og:image\" content=\"https:\/\/web.agro-trade.co\/wp-content\/uploads\/2021\/08\/Agro-Trade-scaled.webp\" \/>\n\t<meta property=\"og:image:width\" content=\"2560\" \/>\n\t<meta property=\"og:image:height\" content=\"1225\" \/>\n\t<meta property=\"og:image:type\" content=\"image\/webp\" \/>\n<meta name=\"twitter:card\" content=\"summary_large_image\" \/>\n<script type=\"application\/ld+json\" class=\"yoast-schema-graph\">{\"@context\":\"https:\\\/\\\/schema.org\",\"@graph\":[{\"@type\":\"WebPage\",\"@id\":\"https:\\\/\\\/web.agro-trade.co\\\/de\\\/produkt\\\/barhi-datteln\\\/\",\"url\":\"https:\\\/\\\/web.agro-trade.co\\\/de\\\/produkt\\\/barhi-datteln\\\/\",\"name\":\"Barhi-Datteln | Agro Trade\",\"isPartOf\":{\"@id\":\"https:\\\/\\\/web.agro-trade.co\\\/#website\"},\"primaryImageOfPage\":{\"@id\":\"https:\\\/\\\/web.agro-trade.co\\\/de\\\/produkt\\\/barhi-datteln\\\/#primaryimage\"},\"image\":{\"@id\":\"https:\\\/\\\/web.agro-trade.co\\\/de\\\/produkt\\\/barhi-datteln\\\/#primaryimage\"},\"thumbnailUrl\":\"https:\\\/\\\/web.agro-trade.co\\\/wp-content\\\/uploads\\\/2025\\\/07\\\/1-1-1.png\",\"datePublished\":\"2025-09-06T15:38:11+00:00\",\"dateModified\":\"2025-09-06T15:38:12+00:00\",\"breadcrumb\":{\"@id\":\"https:\\\/\\\/web.agro-trade.co\\\/de\\\/produkt\\\/barhi-datteln\\\/#breadcrumb\"},\"inLanguage\":\"de\",\"potentialAction\":[{\"@type\":\"ReadAction\",\"target\":[\"https:\\\/\\\/web.agro-trade.co\\\/de\\\/produkt\\\/barhi-datteln\\\/\"]}]},{\"@type\":\"ImageObject\",\"inLanguage\":\"de\",\"@id\":\"https:\\\/\\\/web.agro-trade.co\\\/de\\\/produkt\\\/barhi-datteln\\\/#primaryimage\",\"url\":\"https:\\\/\\\/web.agro-trade.co\\\/wp-content\\\/uploads\\\/2025\\\/07\\\/1-1-1.png\",\"contentUrl\":\"https:\\\/\\\/web.agro-trade.co\\\/wp-content\\\/uploads\\\/2025\\\/07\\\/1-1-1.png\",\"width\":500,\"height\":500,\"caption\":\"Premium quality Egyptian Barhi Dates, freshly harvested and carefully packed by Agro Trade under the trusted Mahdy Fresh brand \u2013 supplied to global markets with guaranteed freshness and taste.\"},{\"@type\":\"BreadcrumbList\",\"@id\":\"https:\\\/\\\/web.agro-trade.co\\\/de\\\/produkt\\\/barhi-datteln\\\/#breadcrumb\",\"itemListElement\":[{\"@type\":\"ListItem\",\"position\":1,\"name\":\"Home\",\"item\":\"https:\\\/\\\/web.agro-trade.co\\\/\"},{\"@type\":\"ListItem\",\"position\":2,\"name\":\"Produkte\",\"item\":\"https:\\\/\\\/web.agro-trade.co\\\/de\\\/produkte\\\/\"},{\"@type\":\"ListItem\",\"position\":3,\"name\":\"Barhi-Datteln\"}]},{\"@type\":\"WebSite\",\"@id\":\"https:\\\/\\\/web.agro-trade.co\\\/#website\",\"url\":\"https:\\\/\\\/web.agro-trade.co\\\/\",\"name\":\"Agro Trade\",\"description\":\"Premium Egyptian Fruits &amp; Vegetables for Global Export\",\"publisher\":{\"@id\":\"https:\\\/\\\/web.agro-trade.co\\\/#organization\"},\"alternateName\":\"Agro Trade\",\"potentialAction\":[{\"@type\":\"SearchAction\",\"target\":{\"@type\":\"EntryPoint\",\"urlTemplate\":\"https:\\\/\\\/web.agro-trade.co\\\/?s={search_term_string}\"},\"query-input\":{\"@type\":\"PropertyValueSpecification\",\"valueRequired\":true,\"valueName\":\"search_term_string\"}}],\"inLanguage\":\"de\"},{\"@type\":\"Organization\",\"@id\":\"https:\\\/\\\/web.agro-trade.co\\\/#organization\",\"name\":\"Agro Trade\",\"alternateName\":\"AgroTrade\",\"url\":\"https:\\\/\\\/web.agro-trade.co\\\/\",\"logo\":{\"@type\":\"ImageObject\",\"inLanguage\":\"de\",\"@id\":\"https:\\\/\\\/web.agro-trade.co\\\/#\\\/schema\\\/logo\\\/image\\\/\",\"url\":\"https:\\\/\\\/web.agro-trade.co\\\/wp-content\\\/uploads\\\/2025\\\/07\\\/cropped-Etsy-Organic-Beauty-Shop-Icon-e1753043861523.png\",\"contentUrl\":\"https:\\\/\\\/web.agro-trade.co\\\/wp-content\\\/uploads\\\/2025\\\/07\\\/cropped-Etsy-Organic-Beauty-Shop-Icon-e1753043861523.png\",\"width\":512,\"height\":512,\"caption\":\"Agro Trade\"},\"image\":{\"@id\":\"https:\\\/\\\/web.agro-trade.co\\\/#\\\/schema\\\/logo\\\/image\\\/\"},\"sameAs\":[\"https:\\\/\\\/www.facebook.com\\\/AgroTradeforImportandExport\\\/\",\"https:\\\/\\\/www.tiktok.com\\\/@agrotrade.eg\",\"https:\\\/\\\/www.linkedin.com\\\/company\\\/agro-trade-export-import\\\/\",\"https:\\\/\\\/www.youtube.com\\\/@AgroTradeforImportExport\",\"https:\\\/\\\/www.instagram.com\\\/agrotrade.eg\\\/\"]}]}<\/script>\n<!-- \/ Yoast SEO plugin. -->","yoast_head_json":{"title":"Barhi-Datteln | Agro Trade","robots":{"index":"index","follow":"follow","max-snippet":"max-snippet:-1","max-image-preview":"max-image-preview:large","max-video-preview":"max-video-preview:-1"},"canonical":"https:\/\/web.agro-trade.co\/de\/produkt\/barhi-datteln\/","og_locale":"de_DE","og_type":"article","og_title":"Barhi-Datteln | Agro Trade","og_description":"Frische Barhi-Datteln \u2013 goldbraun, halbfest und nat\u00fcrlich s\u00fc\u00df, hervorragend als Snack und f\u00fcr exklusiven Export","og_url":"https:\/\/web.agro-trade.co\/de\/produkt\/barhi-datteln\/","og_site_name":"Agro Trade","article_publisher":"https:\/\/www.facebook.com\/AgroTradeforImportandExport\/","article_modified_time":"2025-09-06T15:38:12+00:00","og_image":[{"width":2560,"height":1225,"url":"https:\/\/web.agro-trade.co\/wp-content\/uploads\/2021\/08\/Agro-Trade-scaled.webp","type":"image\/webp"}],"twitter_card":"summary_large_image","schema":{"@context":"https:\/\/schema.org","@graph":[{"@type":"WebPage","@id":"https:\/\/web.agro-trade.co\/de\/produkt\/barhi-datteln\/","url":"https:\/\/web.agro-trade.co\/de\/produkt\/barhi-datteln\/","name":"Barhi-Datteln | Agro Trade","isPartOf":{"@id":"https:\/\/web.agro-trade.co\/#website"},"primaryImageOfPage":{"@id":"https:\/\/web.agro-trade.co\/de\/produkt\/barhi-datteln\/#primaryimage"},"image":{"@id":"https:\/\/web.agro-trade.co\/de\/produkt\/barhi-datteln\/#primaryimage"},"thumbnailUrl":"https:\/\/web.agro-trade.co\/wp-content\/uploads\/2025\/07\/1-1-1.png","datePublished":"2025-09-06T15:38:11+00:00","dateModified":"2025-09-06T15:38:12+00:00","breadcrumb":{"@id":"https:\/\/web.agro-trade.co\/de\/produkt\/barhi-datteln\/#breadcrumb"},"inLanguage":"de","potentialAction":[{"@type":"ReadAction","target":["https:\/\/web.agro-trade.co\/de\/produkt\/barhi-datteln\/"]}]},{"@type":"ImageObject","inLanguage":"de","@id":"https:\/\/web.agro-trade.co\/de\/produkt\/barhi-datteln\/#primaryimage","url":"https:\/\/web.agro-trade.co\/wp-content\/uploads\/2025\/07\/1-1-1.png","contentUrl":"https:\/\/web.agro-trade.co\/wp-content\/uploads\/2025\/07\/1-1-1.png","width":500,"height":500,"caption":"Premium quality Egyptian Barhi Dates, freshly harvested and carefully packed by Agro Trade under the trusted Mahdy Fresh brand \u2013 supplied to global markets with guaranteed freshness and taste."},{"@type":"BreadcrumbList","@id":"https:\/\/web.agro-trade.co\/de\/produkt\/barhi-datteln\/#breadcrumb","itemListElement":[{"@type":"ListItem","position":1,"name":"Home","item":"https:\/\/web.agro-trade.co\/"},{"@type":"ListItem","position":2,"name":"Produkte","item":"https:\/\/web.agro-trade.co\/de\/produkte\/"},{"@type":"ListItem","position":3,"name":"Barhi-Datteln"}]},{"@type":"WebSite","@id":"https:\/\/web.agro-trade.co\/#website","url":"https:\/\/web.agro-trade.co\/","name":"Agro Trade","description":"Premium Egyptian Fruits &amp; Vegetables for Global Export","publisher":{"@id":"https:\/\/web.agro-trade.co\/#organization"},"alternateName":"Agro Trade","potentialAction":[{"@type":"SearchAction","target":{"@type":"EntryPoint","urlTemplate":"https:\/\/web.agro-trade.co\/?s={search_term_string}"},"query-input":{"@type":"PropertyValueSpecification","valueRequired":true,"valueName":"search_term_string"}}],"inLanguage":"de"},{"@type":"Organization","@id":"https:\/\/web.agro-trade.co\/#organization","name":"Agro Trade","alternateName":"AgroTrade","url":"https:\/\/web.agro-trade.co\/","logo":{"@type":"ImageObject","inLanguage":"de","@id":"https:\/\/web.agro-trade.co\/#\/schema\/logo\/image\/","url":"https:\/\/web.agro-trade.co\/wp-content\/uploads\/2025\/07\/cropped-Etsy-Organic-Beauty-Shop-Icon-e1753043861523.png","contentUrl":"https:\/\/web.agro-trade.co\/wp-content\/uploads\/2025\/07\/cropped-Etsy-Organic-Beauty-Shop-Icon-e1753043861523.png","width":512,"height":512,"caption":"Agro Trade"},"image":{"@id":"https:\/\/web.agro-trade.co\/#\/schema\/logo\/image\/"},"sameAs":["https:\/\/www.facebook.com\/AgroTradeforImportandExport\/","https:\/\/www.tiktok.com\/@agrotrade.eg","https:\/\/www.linkedin.com\/company\/agro-trade-export-import\/","https:\/\/www.youtube.com\/@AgroTradeforImportExport","https:\/\/www.instagram.com\/agrotrade.eg\/"]}]}},"_links":{"self":[{"href":"https:\/\/web.agro-trade.co\/de\/wp-json\/wp\/v2\/product\/33409","targetHints":{"allow":["GET"]}}],"collection":[{"href":"https:\/\/web.agro-trade.co\/de\/wp-json\/wp\/v2\/product"}],"about":[{"href":"https:\/\/web.agro-trade.co\/de\/wp-json\/wp\/v2\/types\/product"}],"version-history":[{"count":0,"href":"https:\/\/web.agro-trade.co\/de\/wp-json\/wp\/v2\/product\/33409\/revisions"}],"wp:featuredmedia":[{"embeddable":true,"href":"https:\/\/web.agro-trade.co\/de\/wp-json\/wp\/v2\/media\/29635"}],"wp:attachment":[{"href":"https:\/\/web.agro-trade.co\/de\/wp-json\/wp\/v2\/media?parent=33409"}],"wp:term":[{"taxonomy":"product_brand","embeddable":true,"href":"https:\/\/web.agro-trade.co\/de\/wp-json\/wp\/v2\/product_brand?post=33409"},{"taxonomy":"product_cat","embeddable":true,"href":"https:\/\/web.agro-trade.co\/de\/wp-json\/wp\/v2\/product_cat?post=33409"},{"taxonomy":"product_tag","embeddable":true,"href":"https:\/\/web.agro-trade.co\/de\/wp-json\/wp\/v2\/product_tag?post=33409"}],"curies":[{"name":"wp","href":"https:\/\/api.w.org\/{rel}","templated":true}]}}