{"id":33416,"date":"2025-09-06T15:38:14","date_gmt":"2025-09-06T15:38:14","guid":{"rendered":"https:\/\/web.agro-trade.co\/product\/avocado\/"},"modified":"2025-09-06T15:38:14","modified_gmt":"2025-09-06T15:38:14","slug":"avocado","status":"publish","type":"product","link":"https:\/\/web.agro-trade.co\/de\/produkt\/avocado\/","title":{"rendered":"Avocado"},"content":{"rendered":"<p>Cremige und n\u00e4hrstoffreiche Export-Avocados, perfekt kultiviert. Reich an gesunden einfach unges\u00e4ttigten Fetten, Kalium und Ballaststoffen. Jede Frucht wird auf Festigkeit, Reife und makellose Schale gepr\u00fcft, ideal f\u00fcr Einzelhandel und Gro\u00dfhandel.<\/p>\n","protected":false},"excerpt":{"rendered":"<p>Cremige Avocados \u2013 reich an gesunden Fetten, zarte Textur und exportselektiert, perfekt f\u00fcr Gesundheitsm\u00e4rkte<\/p>\n","protected":false},"featured_media":30580,"template":"","meta":{"_acf_changed":false},"product_brand":[],"product_cat":[719],"product_tag":[785,172,784,762,786,119,787],"class_list":{"0":"post-33416","1":"product","2":"type-product","3":"status-publish","4":"has-post-thumbnail","6":"product_cat-obst","7":"product_tag-aegyptische-avocado","8":"product_tag-avocado","9":"product_tag-cremige-frucht","10":"product_tag-frischexport","11":"product_tag-gesunde-fette","12":"product_tag-superfood","13":"product_tag-vitamin-e","15":"first","16":"instock","17":"shipping-taxable","18":"product-type-simple"},"acf":[],"yoast_head":"<!-- This site is optimized with the Yoast SEO plugin v27.0 - https:\/\/yoast.com\/product\/yoast-seo-wordpress\/ -->\n<title>Avocado | Agro Trade<\/title>\n<meta name=\"robots\" content=\"index, follow, max-snippet:-1, max-image-preview:large, max-video-preview:-1\" \/>\n<link rel=\"canonical\" href=\"https:\/\/web.agro-trade.co\/de\/produkt\/avocado\/\" \/>\n<meta property=\"og:locale\" content=\"de_DE\" \/>\n<meta property=\"og:type\" content=\"article\" \/>\n<meta property=\"og:title\" content=\"Avocado | Agro Trade\" \/>\n<meta property=\"og:description\" content=\"Cremige Avocados \u2013 reich an gesunden Fetten, zarte Textur und exportselektiert, perfekt f\u00fcr Gesundheitsm\u00e4rkte\" \/>\n<meta property=\"og:url\" content=\"https:\/\/web.agro-trade.co\/de\/produkt\/avocado\/\" \/>\n<meta property=\"og:site_name\" content=\"Agro Trade\" \/>\n<meta property=\"article:publisher\" content=\"https:\/\/www.facebook.com\/AgroTradeforImportandExport\/\" \/>\n<meta property=\"og:image\" content=\"https:\/\/web.agro-trade.co\/wp-content\/uploads\/2021\/08\/Agro-Trade-scaled.webp\" \/>\n\t<meta property=\"og:image:width\" content=\"2560\" \/>\n\t<meta property=\"og:image:height\" content=\"1225\" \/>\n\t<meta property=\"og:image:type\" content=\"image\/webp\" \/>\n<meta name=\"twitter:card\" content=\"summary_large_image\" \/>\n<script type=\"application\/ld+json\" class=\"yoast-schema-graph\">{\"@context\":\"https:\/\/schema.org\",\"@graph\":[{\"@type\":\"WebPage\",\"@id\":\"https:\/\/web.agro-trade.co\/de\/produkt\/avocado\/\",\"url\":\"https:\/\/web.agro-trade.co\/de\/produkt\/avocado\/\",\"name\":\"Avocado | Agro Trade\",\"isPartOf\":{\"@id\":\"https:\/\/web.agro-trade.co\/#website\"},\"primaryImageOfPage\":{\"@id\":\"https:\/\/web.agro-trade.co\/de\/produkt\/avocado\/#primaryimage\"},\"image\":{\"@id\":\"https:\/\/web.agro-trade.co\/de\/produkt\/avocado\/#primaryimage\"},\"thumbnailUrl\":\"https:\/\/web.agro-trade.co\/wp-content\/uploads\/2025\/07\/31.png\",\"datePublished\":\"2025-09-06T15:38:14+00:00\",\"breadcrumb\":{\"@id\":\"https:\/\/web.agro-trade.co\/de\/produkt\/avocado\/#breadcrumb\"},\"inLanguage\":\"de\",\"potentialAction\":[{\"@type\":\"ReadAction\",\"target\":[\"https:\/\/web.agro-trade.co\/de\/produkt\/avocado\/\"]}]},{\"@type\":\"ImageObject\",\"inLanguage\":\"de\",\"@id\":\"https:\/\/web.agro-trade.co\/de\/produkt\/avocado\/#primaryimage\",\"url\":\"https:\/\/web.agro-trade.co\/wp-content\/uploads\/2025\/07\/31.png\",\"contentUrl\":\"https:\/\/web.agro-trade.co\/wp-content\/uploads\/2025\/07\/31.png\",\"width\":500,\"height\":500,\"caption\":\"Fresh Hass avocados from Egypt, carefully harvested and exported by Agro Trade under the Mahdy Fresh brand \u2013 trusted by international importers for quality and compliance.\"},{\"@type\":\"BreadcrumbList\",\"@id\":\"https:\/\/web.agro-trade.co\/de\/produkt\/avocado\/#breadcrumb\",\"itemListElement\":[{\"@type\":\"ListItem\",\"position\":1,\"name\":\"Home\",\"item\":\"https:\/\/web.agro-trade.co\/\"},{\"@type\":\"ListItem\",\"position\":2,\"name\":\"Produkte\",\"item\":\"https:\/\/web.agro-trade.co\/de\/produkte\/\"},{\"@type\":\"ListItem\",\"position\":3,\"name\":\"Avocado\"}]},{\"@type\":\"WebSite\",\"@id\":\"https:\/\/web.agro-trade.co\/#website\",\"url\":\"https:\/\/web.agro-trade.co\/\",\"name\":\"Agro Trade\",\"description\":\"Premium Egyptian Fruits &amp; Vegetables for Global Export\",\"publisher\":{\"@id\":\"https:\/\/web.agro-trade.co\/#organization\"},\"alternateName\":\"Agro Trade\",\"potentialAction\":[{\"@type\":\"SearchAction\",\"target\":{\"@type\":\"EntryPoint\",\"urlTemplate\":\"https:\/\/web.agro-trade.co\/?s={search_term_string}\"},\"query-input\":{\"@type\":\"PropertyValueSpecification\",\"valueRequired\":true,\"valueName\":\"search_term_string\"}}],\"inLanguage\":\"de\"},{\"@type\":\"Organization\",\"@id\":\"https:\/\/web.agro-trade.co\/#organization\",\"name\":\"Agro Trade\",\"alternateName\":\"AgroTrade\",\"url\":\"https:\/\/web.agro-trade.co\/\",\"logo\":{\"@type\":\"ImageObject\",\"inLanguage\":\"de\",\"@id\":\"https:\/\/web.agro-trade.co\/#\/schema\/logo\/image\/\",\"url\":\"https:\/\/web.agro-trade.co\/wp-content\/uploads\/2025\/07\/cropped-Etsy-Organic-Beauty-Shop-Icon-e1753043861523.png\",\"contentUrl\":\"https:\/\/web.agro-trade.co\/wp-content\/uploads\/2025\/07\/cropped-Etsy-Organic-Beauty-Shop-Icon-e1753043861523.png\",\"width\":512,\"height\":512,\"caption\":\"Agro Trade\"},\"image\":{\"@id\":\"https:\/\/web.agro-trade.co\/#\/schema\/logo\/image\/\"},\"sameAs\":[\"https:\/\/www.facebook.com\/AgroTradeforImportandExport\/\",\"https:\/\/www.tiktok.com\/@agrotrade.eg\",\"https:\/\/www.linkedin.com\/company\/agro-trade-export-import\/\",\"https:\/\/www.youtube.com\/@AgroTradeforImportExport\",\"https:\/\/www.instagram.com\/agrotrade.eg\/\"]}]}<\/script>\n<!-- \/ Yoast SEO plugin. -->","yoast_head_json":{"title":"Avocado | Agro Trade","robots":{"index":"index","follow":"follow","max-snippet":"max-snippet:-1","max-image-preview":"max-image-preview:large","max-video-preview":"max-video-preview:-1"},"canonical":"https:\/\/web.agro-trade.co\/de\/produkt\/avocado\/","og_locale":"de_DE","og_type":"article","og_title":"Avocado | Agro Trade","og_description":"Cremige Avocados \u2013 reich an gesunden Fetten, zarte Textur und exportselektiert, perfekt f\u00fcr Gesundheitsm\u00e4rkte","og_url":"https:\/\/web.agro-trade.co\/de\/produkt\/avocado\/","og_site_name":"Agro Trade","article_publisher":"https:\/\/www.facebook.com\/AgroTradeforImportandExport\/","og_image":[{"width":2560,"height":1225,"url":"https:\/\/web.agro-trade.co\/wp-content\/uploads\/2021\/08\/Agro-Trade-scaled.webp","type":"image\/webp"}],"twitter_card":"summary_large_image","schema":{"@context":"https:\/\/schema.org","@graph":[{"@type":"WebPage","@id":"https:\/\/web.agro-trade.co\/de\/produkt\/avocado\/","url":"https:\/\/web.agro-trade.co\/de\/produkt\/avocado\/","name":"Avocado | Agro Trade","isPartOf":{"@id":"https:\/\/web.agro-trade.co\/#website"},"primaryImageOfPage":{"@id":"https:\/\/web.agro-trade.co\/de\/produkt\/avocado\/#primaryimage"},"image":{"@id":"https:\/\/web.agro-trade.co\/de\/produkt\/avocado\/#primaryimage"},"thumbnailUrl":"https:\/\/web.agro-trade.co\/wp-content\/uploads\/2025\/07\/31.png","datePublished":"2025-09-06T15:38:14+00:00","breadcrumb":{"@id":"https:\/\/web.agro-trade.co\/de\/produkt\/avocado\/#breadcrumb"},"inLanguage":"de","potentialAction":[{"@type":"ReadAction","target":["https:\/\/web.agro-trade.co\/de\/produkt\/avocado\/"]}]},{"@type":"ImageObject","inLanguage":"de","@id":"https:\/\/web.agro-trade.co\/de\/produkt\/avocado\/#primaryimage","url":"https:\/\/web.agro-trade.co\/wp-content\/uploads\/2025\/07\/31.png","contentUrl":"https:\/\/web.agro-trade.co\/wp-content\/uploads\/2025\/07\/31.png","width":500,"height":500,"caption":"Fresh Hass avocados from Egypt, carefully harvested and exported by Agro Trade under the Mahdy Fresh brand \u2013 trusted by international importers for quality and compliance."},{"@type":"BreadcrumbList","@id":"https:\/\/web.agro-trade.co\/de\/produkt\/avocado\/#breadcrumb","itemListElement":[{"@type":"ListItem","position":1,"name":"Home","item":"https:\/\/web.agro-trade.co\/"},{"@type":"ListItem","position":2,"name":"Produkte","item":"https:\/\/web.agro-trade.co\/de\/produkte\/"},{"@type":"ListItem","position":3,"name":"Avocado"}]},{"@type":"WebSite","@id":"https:\/\/web.agro-trade.co\/#website","url":"https:\/\/web.agro-trade.co\/","name":"Agro Trade","description":"Premium Egyptian Fruits &amp; Vegetables for Global Export","publisher":{"@id":"https:\/\/web.agro-trade.co\/#organization"},"alternateName":"Agro Trade","potentialAction":[{"@type":"SearchAction","target":{"@type":"EntryPoint","urlTemplate":"https:\/\/web.agro-trade.co\/?s={search_term_string}"},"query-input":{"@type":"PropertyValueSpecification","valueRequired":true,"valueName":"search_term_string"}}],"inLanguage":"de"},{"@type":"Organization","@id":"https:\/\/web.agro-trade.co\/#organization","name":"Agro Trade","alternateName":"AgroTrade","url":"https:\/\/web.agro-trade.co\/","logo":{"@type":"ImageObject","inLanguage":"de","@id":"https:\/\/web.agro-trade.co\/#\/schema\/logo\/image\/","url":"https:\/\/web.agro-trade.co\/wp-content\/uploads\/2025\/07\/cropped-Etsy-Organic-Beauty-Shop-Icon-e1753043861523.png","contentUrl":"https:\/\/web.agro-trade.co\/wp-content\/uploads\/2025\/07\/cropped-Etsy-Organic-Beauty-Shop-Icon-e1753043861523.png","width":512,"height":512,"caption":"Agro Trade"},"image":{"@id":"https:\/\/web.agro-trade.co\/#\/schema\/logo\/image\/"},"sameAs":["https:\/\/www.facebook.com\/AgroTradeforImportandExport\/","https:\/\/www.tiktok.com\/@agrotrade.eg","https:\/\/www.linkedin.com\/company\/agro-trade-export-import\/","https:\/\/www.youtube.com\/@AgroTradeforImportExport","https:\/\/www.instagram.com\/agrotrade.eg\/"]}]}},"_links":{"self":[{"href":"https:\/\/web.agro-trade.co\/de\/wp-json\/wp\/v2\/product\/33416","targetHints":{"allow":["GET"]}}],"collection":[{"href":"https:\/\/web.agro-trade.co\/de\/wp-json\/wp\/v2\/product"}],"about":[{"href":"https:\/\/web.agro-trade.co\/de\/wp-json\/wp\/v2\/types\/product"}],"version-history":[{"count":0,"href":"https:\/\/web.agro-trade.co\/de\/wp-json\/wp\/v2\/product\/33416\/revisions"}],"wp:featuredmedia":[{"embeddable":true,"href":"https:\/\/web.agro-trade.co\/de\/wp-json\/wp\/v2\/media\/30580"}],"wp:attachment":[{"href":"https:\/\/web.agro-trade.co\/de\/wp-json\/wp\/v2\/media?parent=33416"}],"wp:term":[{"taxonomy":"product_brand","embeddable":true,"href":"https:\/\/web.agro-trade.co\/de\/wp-json\/wp\/v2\/product_brand?post=33416"},{"taxonomy":"product_cat","embeddable":true,"href":"https:\/\/web.agro-trade.co\/de\/wp-json\/wp\/v2\/product_cat?post=33416"},{"taxonomy":"product_tag","embeddable":true,"href":"https:\/\/web.agro-trade.co\/de\/wp-json\/wp\/v2\/product_tag?post=33416"}],"curies":[{"name":"wp","href":"https:\/\/api.w.org\/{rel}","templated":true}]}}