{"id":33010,"date":"2025-07-20T20:47:34","date_gmt":"2025-07-20T20:47:34","guid":{"rendered":"https:\/\/web.agro-trade.co\/?page_id=33010"},"modified":"2025-09-04T16:14:07","modified_gmt":"2025-09-04T16:14:07","slug":"terminos-y-condiciones","status":"publish","type":"page","link":"https:\/\/web.agro-trade.co\/es\/terminos-y-condiciones\/","title":{"rendered":"T\u00e9rminos y condiciones"},"content":{"rendered":"\t\t<div data-elementor-type=\"wp-page\" data-elementor-id=\"33010\" class=\"elementor elementor-33010 elementor-29749\" data-elementor-post-type=\"page\">\n\t\t\t\t<div class=\"wd-negative-gap elementor-element elementor-element-448f4ef e-flex e-con-boxed e-con e-parent\" data-id=\"448f4ef\" data-element_type=\"container\" data-e-type=\"container\">\n\t\t\t\t\t<div class=\"e-con-inner\">\n\t\t\t\t<div class=\"elementor-element elementor-element-d402b79 color-scheme-inherit text-left elementor-widget elementor-widget-text-editor\" data-id=\"d402b79\" data-element_type=\"widget\" data-e-type=\"widget\" data-widget_type=\"text-editor.default\">\n\t\t\t\t\t\t\t\t\t<p>Estos T\u00e9rminos y Condiciones rigen el uso de los servicios, el sitio web y las relaciones comerciales de Agro Trade. Al interactuar con nuestra empresa o nuestro sitio web (www.agro-trade.co), usted acepta estos t\u00e9rminos. Nuestra empresa opera bajo la legislaci\u00f3n comercial egipcia y cumple con las regulaciones internacionales de exportaci\u00f3n.<\/p><p>Informaci\u00f3n de la empresa: Agro Trade es una empresa exportadora registrada ubicada en Beheira, Egipto. Nos especializamos en la exportaci\u00f3n de frutas y verduras frescas bajo la marca Mahdy Fresh.<\/p><p>Uso del sitio web: Toda la informaci\u00f3n de nuestro sitio web es solo para fines informativos. Nos esforzamos al m\u00e1ximo para garantizar la precisi\u00f3n, pero no nos responsabilizamos de ning\u00fan error u omisi\u00f3n. Queda prohibido el uso no autorizado, la extracci\u00f3n de datos o la reproducci\u00f3n.<\/p><p>Pedido y Contrato<\/p><p>Todos los pedidos est\u00e1n sujetos a la disponibilidad y confirmaci\u00f3n del producto.<\/p><p>Los precios y detalles del producto se comparten mediante facturas proforma oficiales.<\/p><p>Los contratos finales son vinculantes tras un acuerdo por escrito o la confirmaci\u00f3n del pago.<\/p><p>Agro Trade se reserva el derecho de rechazar el servicio o cancelar pedidos a su discreci\u00f3n.<\/p><p>Env\u00edo y Entrega<\/p><p>Los productos se env\u00edan en contenedores refrigerados o por transporte a\u00e9reo, seg\u00fan el producto.<\/p><p>Todos los env\u00edos cumplen con los INCOTERMS internacionales (FOB, CIF, etc.) seg\u00fan lo acordado.<\/p><p>Los retrasos causados \u200b\u200bpor aduanas o causas de fuerza mayor no son nuestra responsabilidad.<\/p><p>Certificaciones y Cumplimiento: Agro Trade garantiza que los productos exportados cumplen con:<\/p><p>Est\u00e1ndares LMR de la UE<\/p><p>Certificaciones GLOBALG.A.P, IFS Food, Clase 1 de la UE y FDA<\/p><p>Est\u00e1ndares fitosanitarios y de seguridad alimentaria exigidos por los pa\u00edses de destino<\/p><p>Responsabilidad: No nos hacemos responsables de da\u00f1os indirectos, incidentales o consecuentes derivados del uso o suministro de nuestros productos. Nuestra responsabilidad se limita al valor de los bienes adquiridos.<\/p><p>Propiedad intelectual. Todo el contenido de nuestro sitio web, las marcas (Mahdy Fresh), las descripciones de productos, las im\u00e1genes y el material de marketing son propiedad intelectual de Agro Trade y no pueden utilizarse sin consentimiento por escrito.<\/p><p>Ley aplicable. Todas las actividades comerciales y disputas se rigen por la legislaci\u00f3n egipcia, de conformidad con las pr\u00e1cticas internacionales de exportaci\u00f3n. Las disputas ser\u00e1n resueltas por los Tribunales Econ\u00f3micos de El Cairo o los organismos de arbitraje pertinentes.<\/p><p>Cambios en los t\u00e9rminos. Podemos actualizar estos t\u00e9rminos sin previo aviso. El uso continuado de nuestro sitio web o nuestros servicios constituye la aceptaci\u00f3n de los t\u00e9rminos revisados.<\/p>\t\t\t\t\t\t\t\t<\/div>\n\t\t\t\t\t<\/div>\n\t\t\t\t<\/div>\n\t\t\t\t<\/div>\n\t\t","protected":false},"excerpt":{"rendered":"<p>Estos T\u00e9rminos y Condiciones rigen el uso de los servicios, el sitio web y las relaciones comerciales de Agro Trade.<\/p>\n","protected":false},"author":1,"featured_media":0,"parent":0,"menu_order":0,"comment_status":"closed","ping_status":"closed","template":"","meta":{"_acf_changed":false,"footnotes":""},"class_list":["post-33010","page","type-page","status-publish","hentry"],"acf":[],"yoast_head":"<!-- This site is optimized with the Yoast SEO plugin v27.0 - https:\/\/yoast.com\/product\/yoast-seo-wordpress\/ -->\n<title>T\u00e9rminos y condiciones | Agro Trade<\/title>\n<meta name=\"robots\" content=\"index, follow, max-snippet:-1, max-image-preview:large, max-video-preview:-1\" \/>\n<link rel=\"canonical\" href=\"https:\/\/web.agro-trade.co\/es\/terminos-y-condiciones\/\" \/>\n<meta property=\"og:locale\" content=\"es_ES\" \/>\n<meta property=\"og:type\" content=\"article\" \/>\n<meta property=\"og:title\" content=\"T\u00e9rminos y condiciones | Agro Trade\" \/>\n<meta property=\"og:description\" content=\"Estos T\u00e9rminos y Condiciones rigen el uso de los servicios, el sitio web y las relaciones comerciales de Agro Trade.\" \/>\n<meta property=\"og:url\" content=\"https:\/\/web.agro-trade.co\/es\/terminos-y-condiciones\/\" \/>\n<meta property=\"og:site_name\" content=\"Agro Trade\" \/>\n<meta property=\"article:publisher\" content=\"https:\/\/www.facebook.com\/AgroTradeforImportandExport\/\" \/>\n<meta property=\"article:modified_time\" content=\"2025-09-04T16:14:07+00:00\" \/>\n<meta property=\"og:image\" content=\"https:\/\/web.agro-trade.co\/wp-content\/uploads\/2021\/08\/Agro-Trade-scaled.webp\" \/>\n\t<meta property=\"og:image:width\" content=\"2560\" \/>\n\t<meta property=\"og:image:height\" content=\"1225\" \/>\n\t<meta property=\"og:image:type\" content=\"image\/webp\" \/>\n<meta name=\"twitter:card\" content=\"summary_large_image\" \/>\n<meta name=\"twitter:label1\" content=\"Tiempo de lectura\" \/>\n\t<meta name=\"twitter:data1\" content=\"2 minutos\" \/>\n<script type=\"application\/ld+json\" class=\"yoast-schema-graph\">{\"@context\":\"https:\/\/schema.org\",\"@graph\":[{\"@type\":\"WebPage\",\"@id\":\"https:\/\/web.agro-trade.co\/es\/terminos-y-condiciones\/\",\"url\":\"https:\/\/web.agro-trade.co\/es\/terminos-y-condiciones\/\",\"name\":\"T\u00e9rminos y condiciones | Agro Trade\",\"isPartOf\":{\"@id\":\"https:\/\/web.agro-trade.co\/#website\"},\"datePublished\":\"2025-07-20T20:47:34+00:00\",\"dateModified\":\"2025-09-04T16:14:07+00:00\",\"breadcrumb\":{\"@id\":\"https:\/\/web.agro-trade.co\/es\/terminos-y-condiciones\/#breadcrumb\"},\"inLanguage\":\"es\",\"potentialAction\":[{\"@type\":\"ReadAction\",\"target\":[\"https:\/\/web.agro-trade.co\/es\/terminos-y-condiciones\/\"]}]},{\"@type\":\"BreadcrumbList\",\"@id\":\"https:\/\/web.agro-trade.co\/es\/terminos-y-condiciones\/#breadcrumb\",\"itemListElement\":[{\"@type\":\"ListItem\",\"position\":1,\"name\":\"Home\",\"item\":\"https:\/\/web.agro-trade.co\/\"},{\"@type\":\"ListItem\",\"position\":2,\"name\":\"T\u00e9rminos y condiciones\"}]},{\"@type\":\"WebSite\",\"@id\":\"https:\/\/web.agro-trade.co\/#website\",\"url\":\"https:\/\/web.agro-trade.co\/\",\"name\":\"Agro Trade\",\"description\":\"Premium Egyptian Fruits &amp; Vegetables for Global Export\",\"publisher\":{\"@id\":\"https:\/\/web.agro-trade.co\/#organization\"},\"alternateName\":\"Agro Trade\",\"potentialAction\":[{\"@type\":\"SearchAction\",\"target\":{\"@type\":\"EntryPoint\",\"urlTemplate\":\"https:\/\/web.agro-trade.co\/?s={search_term_string}\"},\"query-input\":{\"@type\":\"PropertyValueSpecification\",\"valueRequired\":true,\"valueName\":\"search_term_string\"}}],\"inLanguage\":\"es\"},{\"@type\":\"Organization\",\"@id\":\"https:\/\/web.agro-trade.co\/#organization\",\"name\":\"Agro Trade\",\"alternateName\":\"AgroTrade\",\"url\":\"https:\/\/web.agro-trade.co\/\",\"logo\":{\"@type\":\"ImageObject\",\"inLanguage\":\"es\",\"@id\":\"https:\/\/web.agro-trade.co\/#\/schema\/logo\/image\/\",\"url\":\"https:\/\/web.agro-trade.co\/wp-content\/uploads\/2025\/07\/cropped-Etsy-Organic-Beauty-Shop-Icon-e1753043861523.png\",\"contentUrl\":\"https:\/\/web.agro-trade.co\/wp-content\/uploads\/2025\/07\/cropped-Etsy-Organic-Beauty-Shop-Icon-e1753043861523.png\",\"width\":512,\"height\":512,\"caption\":\"Agro Trade\"},\"image\":{\"@id\":\"https:\/\/web.agro-trade.co\/#\/schema\/logo\/image\/\"},\"sameAs\":[\"https:\/\/www.facebook.com\/AgroTradeforImportandExport\/\",\"https:\/\/www.tiktok.com\/@agrotrade.eg\",\"https:\/\/www.linkedin.com\/company\/agro-trade-export-import\/\",\"https:\/\/www.youtube.com\/@AgroTradeforImportExport\",\"https:\/\/www.instagram.com\/agrotrade.eg\/\"]}]}<\/script>\n<!-- \/ Yoast SEO plugin. -->","yoast_head_json":{"title":"T\u00e9rminos y condiciones | Agro Trade","robots":{"index":"index","follow":"follow","max-snippet":"max-snippet:-1","max-image-preview":"max-image-preview:large","max-video-preview":"max-video-preview:-1"},"canonical":"https:\/\/web.agro-trade.co\/es\/terminos-y-condiciones\/","og_locale":"es_ES","og_type":"article","og_title":"T\u00e9rminos y condiciones | Agro Trade","og_description":"Estos T\u00e9rminos y Condiciones rigen el uso de los servicios, el sitio web y las relaciones comerciales de Agro Trade.","og_url":"https:\/\/web.agro-trade.co\/es\/terminos-y-condiciones\/","og_site_name":"Agro Trade","article_publisher":"https:\/\/www.facebook.com\/AgroTradeforImportandExport\/","article_modified_time":"2025-09-04T16:14:07+00:00","og_image":[{"width":2560,"height":1225,"url":"https:\/\/web.agro-trade.co\/wp-content\/uploads\/2021\/08\/Agro-Trade-scaled.webp","type":"image\/webp"}],"twitter_card":"summary_large_image","twitter_misc":{"Tiempo de lectura":"2 minutos"},"schema":{"@context":"https:\/\/schema.org","@graph":[{"@type":"WebPage","@id":"https:\/\/web.agro-trade.co\/es\/terminos-y-condiciones\/","url":"https:\/\/web.agro-trade.co\/es\/terminos-y-condiciones\/","name":"T\u00e9rminos y condiciones | Agro Trade","isPartOf":{"@id":"https:\/\/web.agro-trade.co\/#website"},"datePublished":"2025-07-20T20:47:34+00:00","dateModified":"2025-09-04T16:14:07+00:00","breadcrumb":{"@id":"https:\/\/web.agro-trade.co\/es\/terminos-y-condiciones\/#breadcrumb"},"inLanguage":"es","potentialAction":[{"@type":"ReadAction","target":["https:\/\/web.agro-trade.co\/es\/terminos-y-condiciones\/"]}]},{"@type":"BreadcrumbList","@id":"https:\/\/web.agro-trade.co\/es\/terminos-y-condiciones\/#breadcrumb","itemListElement":[{"@type":"ListItem","position":1,"name":"Home","item":"https:\/\/web.agro-trade.co\/"},{"@type":"ListItem","position":2,"name":"T\u00e9rminos y condiciones"}]},{"@type":"WebSite","@id":"https:\/\/web.agro-trade.co\/#website","url":"https:\/\/web.agro-trade.co\/","name":"Agro Trade","description":"Premium Egyptian Fruits &amp; Vegetables for Global Export","publisher":{"@id":"https:\/\/web.agro-trade.co\/#organization"},"alternateName":"Agro Trade","potentialAction":[{"@type":"SearchAction","target":{"@type":"EntryPoint","urlTemplate":"https:\/\/web.agro-trade.co\/?s={search_term_string}"},"query-input":{"@type":"PropertyValueSpecification","valueRequired":true,"valueName":"search_term_string"}}],"inLanguage":"es"},{"@type":"Organization","@id":"https:\/\/web.agro-trade.co\/#organization","name":"Agro Trade","alternateName":"AgroTrade","url":"https:\/\/web.agro-trade.co\/","logo":{"@type":"ImageObject","inLanguage":"es","@id":"https:\/\/web.agro-trade.co\/#\/schema\/logo\/image\/","url":"https:\/\/web.agro-trade.co\/wp-content\/uploads\/2025\/07\/cropped-Etsy-Organic-Beauty-Shop-Icon-e1753043861523.png","contentUrl":"https:\/\/web.agro-trade.co\/wp-content\/uploads\/2025\/07\/cropped-Etsy-Organic-Beauty-Shop-Icon-e1753043861523.png","width":512,"height":512,"caption":"Agro Trade"},"image":{"@id":"https:\/\/web.agro-trade.co\/#\/schema\/logo\/image\/"},"sameAs":["https:\/\/www.facebook.com\/AgroTradeforImportandExport\/","https:\/\/www.tiktok.com\/@agrotrade.eg","https:\/\/www.linkedin.com\/company\/agro-trade-export-import\/","https:\/\/www.youtube.com\/@AgroTradeforImportExport","https:\/\/www.instagram.com\/agrotrade.eg\/"]}]}},"_links":{"self":[{"href":"https:\/\/web.agro-trade.co\/es\/wp-json\/wp\/v2\/pages\/33010","targetHints":{"allow":["GET"]}}],"collection":[{"href":"https:\/\/web.agro-trade.co\/es\/wp-json\/wp\/v2\/pages"}],"about":[{"href":"https:\/\/web.agro-trade.co\/es\/wp-json\/wp\/v2\/types\/page"}],"author":[{"embeddable":true,"href":"https:\/\/web.agro-trade.co\/es\/wp-json\/wp\/v2\/users\/1"}],"replies":[{"embeddable":true,"href":"https:\/\/web.agro-trade.co\/es\/wp-json\/wp\/v2\/comments?post=33010"}],"version-history":[{"count":3,"href":"https:\/\/web.agro-trade.co\/es\/wp-json\/wp\/v2\/pages\/33010\/revisions"}],"predecessor-version":[{"id":33015,"href":"https:\/\/web.agro-trade.co\/es\/wp-json\/wp\/v2\/pages\/33010\/revisions\/33015"}],"wp:attachment":[{"href":"https:\/\/web.agro-trade.co\/es\/wp-json\/wp\/v2\/media?parent=33010"}],"curies":[{"name":"wp","href":"https:\/\/api.w.org\/{rel}","templated":true}]}}