{"id":33023,"date":"2025-07-20T20:47:34","date_gmt":"2025-07-20T20:47:34","guid":{"rendered":"https:\/\/web.agro-trade.co\/?page_id=33023"},"modified":"2025-09-04T16:18:23","modified_gmt":"2025-09-04T16:18:23","slug":"politica-de-reembolsos-y-devoluciones","status":"publish","type":"page","link":"https:\/\/web.agro-trade.co\/es\/politica-de-reembolsos-y-devoluciones\/","title":{"rendered":"Pol\u00edtica de reembolsos y devoluciones"},"content":{"rendered":"\t\t<div data-elementor-type=\"wp-page\" data-elementor-id=\"33023\" class=\"elementor elementor-33023 elementor-20\" data-elementor-post-type=\"page\">\n\t\t\t\t<div class=\"wd-negative-gap elementor-element elementor-element-d7a983f e-flex e-con-boxed e-con e-parent\" data-id=\"d7a983f\" data-element_type=\"container\" data-e-type=\"container\">\n\t\t\t\t\t<div class=\"e-con-inner\">\n\t\t\t\t<div class=\"elementor-element elementor-element-37501ad color-scheme-inherit text-left elementor-widget elementor-widget-text-editor\" data-id=\"37501ad\" data-element_type=\"widget\" data-e-type=\"widget\" data-widget_type=\"text-editor.default\">\n\t\t\t\t\t\t\t\t\t<p>Pol\u00edtica de Devoluciones y Reembolsos<\/p><p>Agro Trade mantiene una pol\u00edtica de devoluciones y reembolsos transparente y justa para garantizar la confianza y la satisfacci\u00f3n de nuestros clientes internacionales. Como exportador global de productos perecederos, alineamos nuestra pol\u00edtica con las normas y regulaciones comerciales internacionales.<\/p><p>Reclamaciones v\u00e1lidas: Solo se aceptar\u00e1n reclamaciones de reembolso o devoluci\u00f3n si:<\/p><p>El producto presenta da\u00f1os visibles al llegar.<\/p><p>Existe una desviaci\u00f3n significativa de la calidad con respecto al contrato o las especificaciones.<\/p><p>Existe una infracci\u00f3n documentada en la log\u00edstica de la cadena de fr\u00edo que se pueda atribuir a nuestras operaciones.<\/p><p>La reclamaci\u00f3n se presenta dentro de las 48 horas posteriores a la entrega, con pruebas fotogr\u00e1ficas o en video.<\/p><p>Circunstancias no v\u00e1lidas: No ofrecemos reembolsos ni devoluciones por:<\/p><p>Retrasos causados \u200b\u200bpor las autoridades aduaneras o portuarias.<\/p><p>Mal almacenamiento en el destino.<\/p><p>Defectos visuales menores que no afecten la usabilidad del producto.<\/p><p>Reclamaciones sin fundamento o presentadas fuera del plazo de reclamaci\u00f3n.<\/p><p>Proceso de devoluci\u00f3n:<\/p><p>Los clientes deben presentar una reclamaci\u00f3n oficial con las pruebas adjuntas a info@agro-trade.co.<\/p><p>Agro Trade iniciar\u00e1 una investigaci\u00f3n y responder\u00e1 en un plazo de 5 d\u00edas h\u00e1biles.<\/p><p>Si se aprueba, podemos ofrecer:<\/p><p>Reembolso parcial.<\/p><p>Reemplazo del producto en un futuro env\u00edo.<\/p><p>Cr\u00e9dito comercial para el pr\u00f3ximo pedido.<\/p><p>Gastos de env\u00edo: El env\u00edo de devoluci\u00f3n de productos defectuosos puede estar cubierto a discreci\u00f3n de Agro Trade. Seg\u00fan la ubicaci\u00f3n y el volumen. No reembolsamos los aranceles ni impuestos pagados por el importador.<\/p><p>Pol\u00edtica sobre productos perecederos: Debido a la naturaleza de los productos frescos, las devoluciones son extremadamente urgentes. Se recomienda a los clientes inspeccionar los env\u00edos inmediatamente a su llegada y almacenarlos en condiciones de refrigeraci\u00f3n adecuadas.<\/p><p>Decisi\u00f3n final: La gerencia de Agro Trade revisar\u00e1 cada reclamaci\u00f3n individualmente. Nuestro objetivo es mantener relaciones comerciales s\u00f3lidas y entregar productos frescos certificados de alta calidad.<\/p><p>Contacto: Todas las consultas y reclamaciones relacionadas con la pol\u00edtica deben dirigirse a: info@agro-trade.co +20 1001627524 \/ +20 33782526033<\/p>\t\t\t\t\t\t\t\t<\/div>\n\t\t\t\t\t<\/div>\n\t\t\t\t<\/div>\n\t\t\t\t<\/div>\n\t\t","protected":false},"excerpt":{"rendered":"<p>Pol\u00edtica de Devoluciones y Reembolsos Agro Trade mantiene una pol\u00edtica de devoluciones y reembolsos transparente y justa para garantizar la<\/p>\n","protected":false},"author":1,"featured_media":0,"parent":0,"menu_order":0,"comment_status":"closed","ping_status":"closed","template":"","meta":{"_acf_changed":false,"footnotes":""},"class_list":["post-33023","page","type-page","status-publish","hentry"],"acf":[],"yoast_head":"<!-- This site is optimized with the Yoast SEO plugin v27.4 - https:\/\/yoast.com\/product\/yoast-seo-wordpress\/ -->\n<title>Pol\u00edtica de reembolsos y devoluciones | Agro Trade<\/title>\n<meta name=\"robots\" content=\"index, follow, max-snippet:-1, max-image-preview:large, max-video-preview:-1\" \/>\n<link rel=\"canonical\" href=\"https:\/\/web.agro-trade.co\/es\/politica-de-reembolsos-y-devoluciones\/\" \/>\n<meta property=\"og:locale\" content=\"es_ES\" \/>\n<meta property=\"og:type\" content=\"article\" \/>\n<meta property=\"og:title\" content=\"Pol\u00edtica de reembolsos y devoluciones | Agro Trade\" \/>\n<meta property=\"og:description\" content=\"Pol\u00edtica de Devoluciones y Reembolsos Agro Trade mantiene una pol\u00edtica de devoluciones y reembolsos transparente y justa para garantizar la\" \/>\n<meta property=\"og:url\" content=\"https:\/\/web.agro-trade.co\/es\/politica-de-reembolsos-y-devoluciones\/\" \/>\n<meta property=\"og:site_name\" content=\"Agro Trade\" \/>\n<meta property=\"article:publisher\" content=\"https:\/\/www.facebook.com\/AgroTradeforImportandExport\/\" \/>\n<meta property=\"article:modified_time\" content=\"2025-09-04T16:18:23+00:00\" \/>\n<meta property=\"og:image\" content=\"https:\/\/web.agro-trade.co\/wp-content\/uploads\/2021\/08\/Agro-Trade-scaled.webp\" \/>\n\t<meta property=\"og:image:width\" content=\"2560\" \/>\n\t<meta property=\"og:image:height\" content=\"1225\" \/>\n\t<meta property=\"og:image:type\" content=\"image\/webp\" \/>\n<meta name=\"twitter:card\" content=\"summary_large_image\" \/>\n<meta name=\"twitter:label1\" content=\"Tiempo de lectura\" \/>\n\t<meta name=\"twitter:data1\" content=\"2 minutos\" \/>\n<script type=\"application\/ld+json\" class=\"yoast-schema-graph\">{\"@context\":\"https:\\\/\\\/schema.org\",\"@graph\":[{\"@type\":\"WebPage\",\"@id\":\"https:\\\/\\\/web.agro-trade.co\\\/es\\\/politica-de-reembolsos-y-devoluciones\\\/\",\"url\":\"https:\\\/\\\/web.agro-trade.co\\\/es\\\/politica-de-reembolsos-y-devoluciones\\\/\",\"name\":\"Pol\u00edtica de reembolsos y devoluciones | Agro Trade\",\"isPartOf\":{\"@id\":\"https:\\\/\\\/web.agro-trade.co\\\/#website\"},\"datePublished\":\"2025-07-20T20:47:34+00:00\",\"dateModified\":\"2025-09-04T16:18:23+00:00\",\"breadcrumb\":{\"@id\":\"https:\\\/\\\/web.agro-trade.co\\\/es\\\/politica-de-reembolsos-y-devoluciones\\\/#breadcrumb\"},\"inLanguage\":\"es\",\"potentialAction\":[{\"@type\":\"ReadAction\",\"target\":[\"https:\\\/\\\/web.agro-trade.co\\\/es\\\/politica-de-reembolsos-y-devoluciones\\\/\"]}]},{\"@type\":\"BreadcrumbList\",\"@id\":\"https:\\\/\\\/web.agro-trade.co\\\/es\\\/politica-de-reembolsos-y-devoluciones\\\/#breadcrumb\",\"itemListElement\":[{\"@type\":\"ListItem\",\"position\":1,\"name\":\"Home\",\"item\":\"https:\\\/\\\/web.agro-trade.co\\\/\"},{\"@type\":\"ListItem\",\"position\":2,\"name\":\"Pol\u00edtica de reembolsos y devoluciones\"}]},{\"@type\":\"WebSite\",\"@id\":\"https:\\\/\\\/web.agro-trade.co\\\/#website\",\"url\":\"https:\\\/\\\/web.agro-trade.co\\\/\",\"name\":\"Agro Trade\",\"description\":\"Premium Egyptian Fruits &amp; Vegetables for Global Export\",\"publisher\":{\"@id\":\"https:\\\/\\\/web.agro-trade.co\\\/#organization\"},\"alternateName\":\"Agro Trade\",\"potentialAction\":[{\"@type\":\"SearchAction\",\"target\":{\"@type\":\"EntryPoint\",\"urlTemplate\":\"https:\\\/\\\/web.agro-trade.co\\\/?s={search_term_string}\"},\"query-input\":{\"@type\":\"PropertyValueSpecification\",\"valueRequired\":true,\"valueName\":\"search_term_string\"}}],\"inLanguage\":\"es\"},{\"@type\":\"Organization\",\"@id\":\"https:\\\/\\\/web.agro-trade.co\\\/#organization\",\"name\":\"Agro Trade\",\"alternateName\":\"AgroTrade\",\"url\":\"https:\\\/\\\/web.agro-trade.co\\\/\",\"logo\":{\"@type\":\"ImageObject\",\"inLanguage\":\"es\",\"@id\":\"https:\\\/\\\/web.agro-trade.co\\\/#\\\/schema\\\/logo\\\/image\\\/\",\"url\":\"https:\\\/\\\/web.agro-trade.co\\\/wp-content\\\/uploads\\\/2025\\\/07\\\/cropped-Etsy-Organic-Beauty-Shop-Icon-e1753043861523.png\",\"contentUrl\":\"https:\\\/\\\/web.agro-trade.co\\\/wp-content\\\/uploads\\\/2025\\\/07\\\/cropped-Etsy-Organic-Beauty-Shop-Icon-e1753043861523.png\",\"width\":512,\"height\":512,\"caption\":\"Agro Trade\"},\"image\":{\"@id\":\"https:\\\/\\\/web.agro-trade.co\\\/#\\\/schema\\\/logo\\\/image\\\/\"},\"sameAs\":[\"https:\\\/\\\/www.facebook.com\\\/AgroTradeforImportandExport\\\/\",\"https:\\\/\\\/www.tiktok.com\\\/@agrotrade.eg\",\"https:\\\/\\\/www.linkedin.com\\\/company\\\/agro-trade-export-import\\\/\",\"https:\\\/\\\/www.youtube.com\\\/@AgroTradeforImportExport\",\"https:\\\/\\\/www.instagram.com\\\/agrotrade.eg\\\/\"]}]}<\/script>\n<!-- \/ Yoast SEO plugin. -->","yoast_head_json":{"title":"Pol\u00edtica de reembolsos y devoluciones | Agro Trade","robots":{"index":"index","follow":"follow","max-snippet":"max-snippet:-1","max-image-preview":"max-image-preview:large","max-video-preview":"max-video-preview:-1"},"canonical":"https:\/\/web.agro-trade.co\/es\/politica-de-reembolsos-y-devoluciones\/","og_locale":"es_ES","og_type":"article","og_title":"Pol\u00edtica de reembolsos y devoluciones | Agro Trade","og_description":"Pol\u00edtica de Devoluciones y Reembolsos Agro Trade mantiene una pol\u00edtica de devoluciones y reembolsos transparente y justa para garantizar la","og_url":"https:\/\/web.agro-trade.co\/es\/politica-de-reembolsos-y-devoluciones\/","og_site_name":"Agro Trade","article_publisher":"https:\/\/www.facebook.com\/AgroTradeforImportandExport\/","article_modified_time":"2025-09-04T16:18:23+00:00","og_image":[{"width":2560,"height":1225,"url":"https:\/\/web.agro-trade.co\/wp-content\/uploads\/2021\/08\/Agro-Trade-scaled.webp","type":"image\/webp"}],"twitter_card":"summary_large_image","twitter_misc":{"Tiempo de lectura":"2 minutos"},"schema":{"@context":"https:\/\/schema.org","@graph":[{"@type":"WebPage","@id":"https:\/\/web.agro-trade.co\/es\/politica-de-reembolsos-y-devoluciones\/","url":"https:\/\/web.agro-trade.co\/es\/politica-de-reembolsos-y-devoluciones\/","name":"Pol\u00edtica de reembolsos y devoluciones | Agro Trade","isPartOf":{"@id":"https:\/\/web.agro-trade.co\/#website"},"datePublished":"2025-07-20T20:47:34+00:00","dateModified":"2025-09-04T16:18:23+00:00","breadcrumb":{"@id":"https:\/\/web.agro-trade.co\/es\/politica-de-reembolsos-y-devoluciones\/#breadcrumb"},"inLanguage":"es","potentialAction":[{"@type":"ReadAction","target":["https:\/\/web.agro-trade.co\/es\/politica-de-reembolsos-y-devoluciones\/"]}]},{"@type":"BreadcrumbList","@id":"https:\/\/web.agro-trade.co\/es\/politica-de-reembolsos-y-devoluciones\/#breadcrumb","itemListElement":[{"@type":"ListItem","position":1,"name":"Home","item":"https:\/\/web.agro-trade.co\/"},{"@type":"ListItem","position":2,"name":"Pol\u00edtica de reembolsos y devoluciones"}]},{"@type":"WebSite","@id":"https:\/\/web.agro-trade.co\/#website","url":"https:\/\/web.agro-trade.co\/","name":"Agro Trade","description":"Premium Egyptian Fruits &amp; Vegetables for Global Export","publisher":{"@id":"https:\/\/web.agro-trade.co\/#organization"},"alternateName":"Agro Trade","potentialAction":[{"@type":"SearchAction","target":{"@type":"EntryPoint","urlTemplate":"https:\/\/web.agro-trade.co\/?s={search_term_string}"},"query-input":{"@type":"PropertyValueSpecification","valueRequired":true,"valueName":"search_term_string"}}],"inLanguage":"es"},{"@type":"Organization","@id":"https:\/\/web.agro-trade.co\/#organization","name":"Agro Trade","alternateName":"AgroTrade","url":"https:\/\/web.agro-trade.co\/","logo":{"@type":"ImageObject","inLanguage":"es","@id":"https:\/\/web.agro-trade.co\/#\/schema\/logo\/image\/","url":"https:\/\/web.agro-trade.co\/wp-content\/uploads\/2025\/07\/cropped-Etsy-Organic-Beauty-Shop-Icon-e1753043861523.png","contentUrl":"https:\/\/web.agro-trade.co\/wp-content\/uploads\/2025\/07\/cropped-Etsy-Organic-Beauty-Shop-Icon-e1753043861523.png","width":512,"height":512,"caption":"Agro Trade"},"image":{"@id":"https:\/\/web.agro-trade.co\/#\/schema\/logo\/image\/"},"sameAs":["https:\/\/www.facebook.com\/AgroTradeforImportandExport\/","https:\/\/www.tiktok.com\/@agrotrade.eg","https:\/\/www.linkedin.com\/company\/agro-trade-export-import\/","https:\/\/www.youtube.com\/@AgroTradeforImportExport","https:\/\/www.instagram.com\/agrotrade.eg\/"]}]}},"_links":{"self":[{"href":"https:\/\/web.agro-trade.co\/es\/wp-json\/wp\/v2\/pages\/33023","targetHints":{"allow":["GET"]}}],"collection":[{"href":"https:\/\/web.agro-trade.co\/es\/wp-json\/wp\/v2\/pages"}],"about":[{"href":"https:\/\/web.agro-trade.co\/es\/wp-json\/wp\/v2\/types\/page"}],"author":[{"embeddable":true,"href":"https:\/\/web.agro-trade.co\/es\/wp-json\/wp\/v2\/users\/1"}],"replies":[{"embeddable":true,"href":"https:\/\/web.agro-trade.co\/es\/wp-json\/wp\/v2\/comments?post=33023"}],"version-history":[{"count":3,"href":"https:\/\/web.agro-trade.co\/es\/wp-json\/wp\/v2\/pages\/33023\/revisions"}],"predecessor-version":[{"id":33028,"href":"https:\/\/web.agro-trade.co\/es\/wp-json\/wp\/v2\/pages\/33023\/revisions\/33028"}],"wp:attachment":[{"href":"https:\/\/web.agro-trade.co\/es\/wp-json\/wp\/v2\/media?parent=33023"}],"curies":[{"name":"wp","href":"https:\/\/api.w.org\/{rel}","templated":true}]}}