{"id":33533,"date":"2025-09-06T16:22:37","date_gmt":"2025-09-06T16:22:37","guid":{"rendered":"https:\/\/web.agro-trade.co\/product\/cebollas-tiernas\/"},"modified":"2025-09-06T16:22:37","modified_gmt":"2025-09-06T16:22:37","slug":"cebollas-tiernas","status":"publish","type":"product","link":"https:\/\/web.agro-trade.co\/es\/producto\/cebollas-tiernas\/","title":{"rendered":"Cebollas tiernas"},"content":{"rendered":"<p>Cebolletas (Giza \/ Futon) en cajas de 2,5 kg. Sabor fresco, ideales para ensaladas y usos culinarios. Disponibles todo el a\u00f1o por transporte a\u00e9reo o mar\u00edtimo.<\/p>\n","protected":false},"excerpt":{"rendered":"<p>Cebolletas Suaves \u2013 Tiernas, arom\u00e1ticas y crujientes, nuestras cebolletas se clasifican y envasan para mercados internacionales.<\/p>\n","protected":false},"featured_media":29640,"template":"","meta":{"_acf_changed":false},"product_brand":[],"product_cat":[729],"product_tag":[1137,1135,1136,1134],"class_list":{"0":"post-33533","1":"product","2":"type-product","3":"status-publish","4":"has-post-thumbnail","6":"product_cat-verduras","7":"product_tag-cebolla-de-primavera","8":"product_tag-cebolletas","9":"product_tag-cebollinos","10":"product_tag-exportacion-fresca","12":"first","13":"instock","14":"shipping-taxable","15":"product-type-simple"},"acf":[],"yoast_head":"<!-- This site is optimized with the Yoast SEO plugin v27.0 - https:\/\/yoast.com\/product\/yoast-seo-wordpress\/ -->\n<title>Cebollas tiernas | Agro Trade<\/title>\n<meta name=\"robots\" content=\"index, follow, max-snippet:-1, max-image-preview:large, max-video-preview:-1\" \/>\n<link rel=\"canonical\" href=\"https:\/\/web.agro-trade.co\/es\/producto\/cebollas-tiernas\/\" \/>\n<meta property=\"og:locale\" content=\"es_ES\" \/>\n<meta property=\"og:type\" content=\"article\" \/>\n<meta property=\"og:title\" content=\"Cebollas tiernas | Agro Trade\" \/>\n<meta property=\"og:description\" content=\"Cebolletas Suaves \u2013 Tiernas, arom\u00e1ticas y crujientes, nuestras cebolletas se clasifican y envasan para mercados internacionales.\" \/>\n<meta property=\"og:url\" content=\"https:\/\/web.agro-trade.co\/es\/producto\/cebollas-tiernas\/\" \/>\n<meta property=\"og:site_name\" content=\"Agro Trade\" \/>\n<meta property=\"article:publisher\" content=\"https:\/\/www.facebook.com\/AgroTradeforImportandExport\/\" \/>\n<meta property=\"og:image\" content=\"https:\/\/web.agro-trade.co\/wp-content\/uploads\/2021\/08\/Agro-Trade-scaled.webp\" \/>\n\t<meta property=\"og:image:width\" content=\"2560\" \/>\n\t<meta property=\"og:image:height\" content=\"1225\" \/>\n\t<meta property=\"og:image:type\" content=\"image\/webp\" \/>\n<meta name=\"twitter:card\" content=\"summary_large_image\" \/>\n<script type=\"application\/ld+json\" class=\"yoast-schema-graph\">{\"@context\":\"https:\/\/schema.org\",\"@graph\":[{\"@type\":\"WebPage\",\"@id\":\"https:\/\/web.agro-trade.co\/es\/producto\/cebollas-tiernas\/\",\"url\":\"https:\/\/web.agro-trade.co\/es\/producto\/cebollas-tiernas\/\",\"name\":\"Cebollas tiernas | Agro Trade\",\"isPartOf\":{\"@id\":\"https:\/\/web.agro-trade.co\/#website\"},\"primaryImageOfPage\":{\"@id\":\"https:\/\/web.agro-trade.co\/es\/producto\/cebollas-tiernas\/#primaryimage\"},\"image\":{\"@id\":\"https:\/\/web.agro-trade.co\/es\/producto\/cebollas-tiernas\/#primaryimage\"},\"thumbnailUrl\":\"https:\/\/web.agro-trade.co\/wp-content\/uploads\/2025\/07\/1-6.png\",\"datePublished\":\"2025-09-06T16:22:37+00:00\",\"breadcrumb\":{\"@id\":\"https:\/\/web.agro-trade.co\/es\/producto\/cebollas-tiernas\/#breadcrumb\"},\"inLanguage\":\"es\",\"potentialAction\":[{\"@type\":\"ReadAction\",\"target\":[\"https:\/\/web.agro-trade.co\/es\/producto\/cebollas-tiernas\/\"]}]},{\"@type\":\"ImageObject\",\"inLanguage\":\"es\",\"@id\":\"https:\/\/web.agro-trade.co\/es\/producto\/cebollas-tiernas\/#primaryimage\",\"url\":\"https:\/\/web.agro-trade.co\/wp-content\/uploads\/2025\/07\/1-6.png\",\"contentUrl\":\"https:\/\/web.agro-trade.co\/wp-content\/uploads\/2025\/07\/1-6.png\",\"width\":500,\"height\":500,\"caption\":\"Premium quality Egyptian Spring Onions, freshly harvested and packed by Agro Trade under the trusted Mahdy Fresh brand \u2013 crisp, fresh, and ready for export to Europe and Gulf markets.\"},{\"@type\":\"BreadcrumbList\",\"@id\":\"https:\/\/web.agro-trade.co\/es\/producto\/cebollas-tiernas\/#breadcrumb\",\"itemListElement\":[{\"@type\":\"ListItem\",\"position\":1,\"name\":\"Home\",\"item\":\"https:\/\/web.agro-trade.co\/\"},{\"@type\":\"ListItem\",\"position\":2,\"name\":\"Tienda\",\"item\":\"https:\/\/web.agro-trade.co\/es\/tienda\/\"},{\"@type\":\"ListItem\",\"position\":3,\"name\":\"Cebollas tiernas\"}]},{\"@type\":\"WebSite\",\"@id\":\"https:\/\/web.agro-trade.co\/#website\",\"url\":\"https:\/\/web.agro-trade.co\/\",\"name\":\"Agro Trade\",\"description\":\"Premium Egyptian Fruits &amp; Vegetables for Global Export\",\"publisher\":{\"@id\":\"https:\/\/web.agro-trade.co\/#organization\"},\"alternateName\":\"Agro Trade\",\"potentialAction\":[{\"@type\":\"SearchAction\",\"target\":{\"@type\":\"EntryPoint\",\"urlTemplate\":\"https:\/\/web.agro-trade.co\/?s={search_term_string}\"},\"query-input\":{\"@type\":\"PropertyValueSpecification\",\"valueRequired\":true,\"valueName\":\"search_term_string\"}}],\"inLanguage\":\"es\"},{\"@type\":\"Organization\",\"@id\":\"https:\/\/web.agro-trade.co\/#organization\",\"name\":\"Agro Trade\",\"alternateName\":\"AgroTrade\",\"url\":\"https:\/\/web.agro-trade.co\/\",\"logo\":{\"@type\":\"ImageObject\",\"inLanguage\":\"es\",\"@id\":\"https:\/\/web.agro-trade.co\/#\/schema\/logo\/image\/\",\"url\":\"https:\/\/web.agro-trade.co\/wp-content\/uploads\/2025\/07\/cropped-Etsy-Organic-Beauty-Shop-Icon-e1753043861523.png\",\"contentUrl\":\"https:\/\/web.agro-trade.co\/wp-content\/uploads\/2025\/07\/cropped-Etsy-Organic-Beauty-Shop-Icon-e1753043861523.png\",\"width\":512,\"height\":512,\"caption\":\"Agro Trade\"},\"image\":{\"@id\":\"https:\/\/web.agro-trade.co\/#\/schema\/logo\/image\/\"},\"sameAs\":[\"https:\/\/www.facebook.com\/AgroTradeforImportandExport\/\",\"https:\/\/www.tiktok.com\/@agrotrade.eg\",\"https:\/\/www.linkedin.com\/company\/agro-trade-export-import\/\",\"https:\/\/www.youtube.com\/@AgroTradeforImportExport\",\"https:\/\/www.instagram.com\/agrotrade.eg\/\"]}]}<\/script>\n<!-- \/ Yoast SEO plugin. -->","yoast_head_json":{"title":"Cebollas tiernas | Agro Trade","robots":{"index":"index","follow":"follow","max-snippet":"max-snippet:-1","max-image-preview":"max-image-preview:large","max-video-preview":"max-video-preview:-1"},"canonical":"https:\/\/web.agro-trade.co\/es\/producto\/cebollas-tiernas\/","og_locale":"es_ES","og_type":"article","og_title":"Cebollas tiernas | Agro Trade","og_description":"Cebolletas Suaves \u2013 Tiernas, arom\u00e1ticas y crujientes, nuestras cebolletas se clasifican y envasan para mercados internacionales.","og_url":"https:\/\/web.agro-trade.co\/es\/producto\/cebollas-tiernas\/","og_site_name":"Agro Trade","article_publisher":"https:\/\/www.facebook.com\/AgroTradeforImportandExport\/","og_image":[{"width":2560,"height":1225,"url":"https:\/\/web.agro-trade.co\/wp-content\/uploads\/2021\/08\/Agro-Trade-scaled.webp","type":"image\/webp"}],"twitter_card":"summary_large_image","schema":{"@context":"https:\/\/schema.org","@graph":[{"@type":"WebPage","@id":"https:\/\/web.agro-trade.co\/es\/producto\/cebollas-tiernas\/","url":"https:\/\/web.agro-trade.co\/es\/producto\/cebollas-tiernas\/","name":"Cebollas tiernas | Agro Trade","isPartOf":{"@id":"https:\/\/web.agro-trade.co\/#website"},"primaryImageOfPage":{"@id":"https:\/\/web.agro-trade.co\/es\/producto\/cebollas-tiernas\/#primaryimage"},"image":{"@id":"https:\/\/web.agro-trade.co\/es\/producto\/cebollas-tiernas\/#primaryimage"},"thumbnailUrl":"https:\/\/web.agro-trade.co\/wp-content\/uploads\/2025\/07\/1-6.png","datePublished":"2025-09-06T16:22:37+00:00","breadcrumb":{"@id":"https:\/\/web.agro-trade.co\/es\/producto\/cebollas-tiernas\/#breadcrumb"},"inLanguage":"es","potentialAction":[{"@type":"ReadAction","target":["https:\/\/web.agro-trade.co\/es\/producto\/cebollas-tiernas\/"]}]},{"@type":"ImageObject","inLanguage":"es","@id":"https:\/\/web.agro-trade.co\/es\/producto\/cebollas-tiernas\/#primaryimage","url":"https:\/\/web.agro-trade.co\/wp-content\/uploads\/2025\/07\/1-6.png","contentUrl":"https:\/\/web.agro-trade.co\/wp-content\/uploads\/2025\/07\/1-6.png","width":500,"height":500,"caption":"Premium quality Egyptian Spring Onions, freshly harvested and packed by Agro Trade under the trusted Mahdy Fresh brand \u2013 crisp, fresh, and ready for export to Europe and Gulf markets."},{"@type":"BreadcrumbList","@id":"https:\/\/web.agro-trade.co\/es\/producto\/cebollas-tiernas\/#breadcrumb","itemListElement":[{"@type":"ListItem","position":1,"name":"Home","item":"https:\/\/web.agro-trade.co\/"},{"@type":"ListItem","position":2,"name":"Tienda","item":"https:\/\/web.agro-trade.co\/es\/tienda\/"},{"@type":"ListItem","position":3,"name":"Cebollas tiernas"}]},{"@type":"WebSite","@id":"https:\/\/web.agro-trade.co\/#website","url":"https:\/\/web.agro-trade.co\/","name":"Agro Trade","description":"Premium Egyptian Fruits &amp; Vegetables for Global Export","publisher":{"@id":"https:\/\/web.agro-trade.co\/#organization"},"alternateName":"Agro Trade","potentialAction":[{"@type":"SearchAction","target":{"@type":"EntryPoint","urlTemplate":"https:\/\/web.agro-trade.co\/?s={search_term_string}"},"query-input":{"@type":"PropertyValueSpecification","valueRequired":true,"valueName":"search_term_string"}}],"inLanguage":"es"},{"@type":"Organization","@id":"https:\/\/web.agro-trade.co\/#organization","name":"Agro Trade","alternateName":"AgroTrade","url":"https:\/\/web.agro-trade.co\/","logo":{"@type":"ImageObject","inLanguage":"es","@id":"https:\/\/web.agro-trade.co\/#\/schema\/logo\/image\/","url":"https:\/\/web.agro-trade.co\/wp-content\/uploads\/2025\/07\/cropped-Etsy-Organic-Beauty-Shop-Icon-e1753043861523.png","contentUrl":"https:\/\/web.agro-trade.co\/wp-content\/uploads\/2025\/07\/cropped-Etsy-Organic-Beauty-Shop-Icon-e1753043861523.png","width":512,"height":512,"caption":"Agro Trade"},"image":{"@id":"https:\/\/web.agro-trade.co\/#\/schema\/logo\/image\/"},"sameAs":["https:\/\/www.facebook.com\/AgroTradeforImportandExport\/","https:\/\/www.tiktok.com\/@agrotrade.eg","https:\/\/www.linkedin.com\/company\/agro-trade-export-import\/","https:\/\/www.youtube.com\/@AgroTradeforImportExport","https:\/\/www.instagram.com\/agrotrade.eg\/"]}]}},"_links":{"self":[{"href":"https:\/\/web.agro-trade.co\/es\/wp-json\/wp\/v2\/product\/33533","targetHints":{"allow":["GET"]}}],"collection":[{"href":"https:\/\/web.agro-trade.co\/es\/wp-json\/wp\/v2\/product"}],"about":[{"href":"https:\/\/web.agro-trade.co\/es\/wp-json\/wp\/v2\/types\/product"}],"version-history":[{"count":0,"href":"https:\/\/web.agro-trade.co\/es\/wp-json\/wp\/v2\/product\/33533\/revisions"}],"wp:featuredmedia":[{"embeddable":true,"href":"https:\/\/web.agro-trade.co\/es\/wp-json\/wp\/v2\/media\/29640"}],"wp:attachment":[{"href":"https:\/\/web.agro-trade.co\/es\/wp-json\/wp\/v2\/media?parent=33533"}],"wp:term":[{"taxonomy":"product_brand","embeddable":true,"href":"https:\/\/web.agro-trade.co\/es\/wp-json\/wp\/v2\/product_brand?post=33533"},{"taxonomy":"product_cat","embeddable":true,"href":"https:\/\/web.agro-trade.co\/es\/wp-json\/wp\/v2\/product_cat?post=33533"},{"taxonomy":"product_tag","embeddable":true,"href":"https:\/\/web.agro-trade.co\/es\/wp-json\/wp\/v2\/product_tag?post=33533"}],"curies":[{"name":"wp","href":"https:\/\/api.w.org\/{rel}","templated":true}]}}