{"id":31886,"date":"2025-07-28T12:56:54","date_gmt":"2025-07-28T12:56:54","guid":{"rendered":"https:\/\/web.agro-trade.co\/?post_type=product&#038;p=31886"},"modified":"2025-08-18T13:20:15","modified_gmt":"2025-08-18T13:20:15","slug":"valence","status":"publish","type":"product","link":"https:\/\/web.agro-trade.co\/fr\/produit\/valence\/","title":{"rendered":"Valence"},"content":{"rendered":"<p>Nos oranges de Valence sont cultiv\u00e9es pour r\u00e9pondre aux normes internationales et europ\u00e9ennes de classe 1. Disponible dans des tailles de 48 \u00e0 125, emball\u00e9 dans diff\u00e9rents formats, des cartons aux bacs. Approvisionnement toute l&rsquo;ann\u00e9e avec haute saison de d\u00e9cembre \u00e0 mai.<\/p>\n","protected":false},"excerpt":{"rendered":"<p>Oranges fra\u00eeches de Valence \u2013 Juteuses, sucr\u00e9es et faciles \u00e0 presser, nos oranges de Valence sont parfaites pour les march\u00e9s d&rsquo;exportation et la consommation fra\u00eeche.<\/p>\n","protected":false},"featured_media":31132,"template":"","meta":{"_acf_changed":false},"product_brand":[],"product_cat":[299],"product_tag":[303,304,93,305],"class_list":{"0":"post-31886","1":"product","2":"type-product","3":"status-publish","4":"has-post-thumbnail","6":"product_cat-agrumes","7":"product_tag-agrumes","8":"product_tag-exportation-de-fruits-frais","9":"product_tag-orange","10":"product_tag-valence","12":"first","13":"instock","14":"shipping-taxable","15":"product-type-simple"},"acf":[],"yoast_head":"<!-- This site is optimized with the Yoast SEO plugin v27.4 - https:\/\/yoast.com\/product\/yoast-seo-wordpress\/ -->\n<title>Valence | Agro Trade<\/title>\n<meta name=\"robots\" content=\"index, follow, max-snippet:-1, max-image-preview:large, max-video-preview:-1\" \/>\n<link rel=\"canonical\" href=\"https:\/\/web.agro-trade.co\/fr\/produit\/valence\/\" \/>\n<meta property=\"og:locale\" content=\"fr_FR\" \/>\n<meta property=\"og:type\" content=\"article\" \/>\n<meta property=\"og:title\" content=\"Valence | Agro Trade\" \/>\n<meta property=\"og:description\" content=\"Oranges fra\u00eeches de Valence \u2013 Juteuses, sucr\u00e9es et faciles \u00e0 presser, nos oranges de Valence sont parfaites pour les march\u00e9s d&#039;exportation et la consommation fra\u00eeche.\" \/>\n<meta property=\"og:url\" content=\"https:\/\/web.agro-trade.co\/fr\/produit\/valence\/\" \/>\n<meta property=\"og:site_name\" content=\"Agro Trade\" \/>\n<meta property=\"article:publisher\" content=\"https:\/\/www.facebook.com\/AgroTradeforImportandExport\/\" \/>\n<meta property=\"article:modified_time\" content=\"2025-08-18T13:20:15+00:00\" \/>\n<meta property=\"og:image\" content=\"https:\/\/web.agro-trade.co\/wp-content\/uploads\/2021\/08\/Agro-Trade-scaled.webp\" \/>\n\t<meta property=\"og:image:width\" content=\"2560\" \/>\n\t<meta property=\"og:image:height\" content=\"1225\" \/>\n\t<meta property=\"og:image:type\" content=\"image\/webp\" \/>\n<meta name=\"twitter:card\" content=\"summary_large_image\" \/>\n<script type=\"application\/ld+json\" class=\"yoast-schema-graph\">{\"@context\":\"https:\\\/\\\/schema.org\",\"@graph\":[{\"@type\":\"WebPage\",\"@id\":\"https:\\\/\\\/web.agro-trade.co\\\/fr\\\/produit\\\/valence\\\/\",\"url\":\"https:\\\/\\\/web.agro-trade.co\\\/fr\\\/produit\\\/valence\\\/\",\"name\":\"Valence | Agro Trade\",\"isPartOf\":{\"@id\":\"https:\\\/\\\/web.agro-trade.co\\\/#website\"},\"primaryImageOfPage\":{\"@id\":\"https:\\\/\\\/web.agro-trade.co\\\/fr\\\/produit\\\/valence\\\/#primaryimage\"},\"image\":{\"@id\":\"https:\\\/\\\/web.agro-trade.co\\\/fr\\\/produit\\\/valence\\\/#primaryimage\"},\"thumbnailUrl\":\"https:\\\/\\\/web.agro-trade.co\\\/wp-content\\\/uploads\\\/2025\\\/07\\\/1-2-1.png\",\"datePublished\":\"2025-07-28T12:56:54+00:00\",\"dateModified\":\"2025-08-18T13:20:15+00:00\",\"breadcrumb\":{\"@id\":\"https:\\\/\\\/web.agro-trade.co\\\/fr\\\/produit\\\/valence\\\/#breadcrumb\"},\"inLanguage\":\"fr-FR\",\"potentialAction\":[{\"@type\":\"ReadAction\",\"target\":[\"https:\\\/\\\/web.agro-trade.co\\\/fr\\\/produit\\\/valence\\\/\"]}]},{\"@type\":\"ImageObject\",\"inLanguage\":\"fr-FR\",\"@id\":\"https:\\\/\\\/web.agro-trade.co\\\/fr\\\/produit\\\/valence\\\/#primaryimage\",\"url\":\"https:\\\/\\\/web.agro-trade.co\\\/wp-content\\\/uploads\\\/2025\\\/07\\\/1-2-1.png\",\"contentUrl\":\"https:\\\/\\\/web.agro-trade.co\\\/wp-content\\\/uploads\\\/2025\\\/07\\\/1-2-1.png\",\"width\":500,\"height\":500,\"caption\":\"Premium quality Egyptian oranges, freshly harvested, graded, and exported by Agro Trade under the trusted Mahdy Fresh brand \u2013 sweet, juicy, and export-ready for Europe and Gulf markets.\"},{\"@type\":\"BreadcrumbList\",\"@id\":\"https:\\\/\\\/web.agro-trade.co\\\/fr\\\/produit\\\/valence\\\/#breadcrumb\",\"itemListElement\":[{\"@type\":\"ListItem\",\"position\":1,\"name\":\"Home\",\"item\":\"https:\\\/\\\/web.agro-trade.co\\\/\"},{\"@type\":\"ListItem\",\"position\":2,\"name\":\"Boutique\",\"item\":\"https:\\\/\\\/web.agro-trade.co\\\/fr\\\/boutique\\\/\"},{\"@type\":\"ListItem\",\"position\":3,\"name\":\"Valence\"}]},{\"@type\":\"WebSite\",\"@id\":\"https:\\\/\\\/web.agro-trade.co\\\/#website\",\"url\":\"https:\\\/\\\/web.agro-trade.co\\\/\",\"name\":\"Agro Trade\",\"description\":\"Premium Egyptian Fruits &amp; Vegetables for Global Export\",\"publisher\":{\"@id\":\"https:\\\/\\\/web.agro-trade.co\\\/#organization\"},\"alternateName\":\"Agro Trade\",\"potentialAction\":[{\"@type\":\"SearchAction\",\"target\":{\"@type\":\"EntryPoint\",\"urlTemplate\":\"https:\\\/\\\/web.agro-trade.co\\\/?s={search_term_string}\"},\"query-input\":{\"@type\":\"PropertyValueSpecification\",\"valueRequired\":true,\"valueName\":\"search_term_string\"}}],\"inLanguage\":\"fr-FR\"},{\"@type\":\"Organization\",\"@id\":\"https:\\\/\\\/web.agro-trade.co\\\/#organization\",\"name\":\"Agro Trade\",\"alternateName\":\"AgroTrade\",\"url\":\"https:\\\/\\\/web.agro-trade.co\\\/\",\"logo\":{\"@type\":\"ImageObject\",\"inLanguage\":\"fr-FR\",\"@id\":\"https:\\\/\\\/web.agro-trade.co\\\/#\\\/schema\\\/logo\\\/image\\\/\",\"url\":\"https:\\\/\\\/web.agro-trade.co\\\/wp-content\\\/uploads\\\/2025\\\/07\\\/cropped-Etsy-Organic-Beauty-Shop-Icon-e1753043861523.png\",\"contentUrl\":\"https:\\\/\\\/web.agro-trade.co\\\/wp-content\\\/uploads\\\/2025\\\/07\\\/cropped-Etsy-Organic-Beauty-Shop-Icon-e1753043861523.png\",\"width\":512,\"height\":512,\"caption\":\"Agro Trade\"},\"image\":{\"@id\":\"https:\\\/\\\/web.agro-trade.co\\\/#\\\/schema\\\/logo\\\/image\\\/\"},\"sameAs\":[\"https:\\\/\\\/www.facebook.com\\\/AgroTradeforImportandExport\\\/\",\"https:\\\/\\\/www.tiktok.com\\\/@agrotrade.eg\",\"https:\\\/\\\/www.linkedin.com\\\/company\\\/agro-trade-export-import\\\/\",\"https:\\\/\\\/www.youtube.com\\\/@AgroTradeforImportExport\",\"https:\\\/\\\/www.instagram.com\\\/agrotrade.eg\\\/\"]}]}<\/script>\n<!-- \/ Yoast SEO plugin. -->","yoast_head_json":{"title":"Valence | Agro Trade","robots":{"index":"index","follow":"follow","max-snippet":"max-snippet:-1","max-image-preview":"max-image-preview:large","max-video-preview":"max-video-preview:-1"},"canonical":"https:\/\/web.agro-trade.co\/fr\/produit\/valence\/","og_locale":"fr_FR","og_type":"article","og_title":"Valence | Agro Trade","og_description":"Oranges fra\u00eeches de Valence \u2013 Juteuses, sucr\u00e9es et faciles \u00e0 presser, nos oranges de Valence sont parfaites pour les march\u00e9s d'exportation et la consommation fra\u00eeche.","og_url":"https:\/\/web.agro-trade.co\/fr\/produit\/valence\/","og_site_name":"Agro Trade","article_publisher":"https:\/\/www.facebook.com\/AgroTradeforImportandExport\/","article_modified_time":"2025-08-18T13:20:15+00:00","og_image":[{"width":2560,"height":1225,"url":"https:\/\/web.agro-trade.co\/wp-content\/uploads\/2021\/08\/Agro-Trade-scaled.webp","type":"image\/webp"}],"twitter_card":"summary_large_image","schema":{"@context":"https:\/\/schema.org","@graph":[{"@type":"WebPage","@id":"https:\/\/web.agro-trade.co\/fr\/produit\/valence\/","url":"https:\/\/web.agro-trade.co\/fr\/produit\/valence\/","name":"Valence | Agro Trade","isPartOf":{"@id":"https:\/\/web.agro-trade.co\/#website"},"primaryImageOfPage":{"@id":"https:\/\/web.agro-trade.co\/fr\/produit\/valence\/#primaryimage"},"image":{"@id":"https:\/\/web.agro-trade.co\/fr\/produit\/valence\/#primaryimage"},"thumbnailUrl":"https:\/\/web.agro-trade.co\/wp-content\/uploads\/2025\/07\/1-2-1.png","datePublished":"2025-07-28T12:56:54+00:00","dateModified":"2025-08-18T13:20:15+00:00","breadcrumb":{"@id":"https:\/\/web.agro-trade.co\/fr\/produit\/valence\/#breadcrumb"},"inLanguage":"fr-FR","potentialAction":[{"@type":"ReadAction","target":["https:\/\/web.agro-trade.co\/fr\/produit\/valence\/"]}]},{"@type":"ImageObject","inLanguage":"fr-FR","@id":"https:\/\/web.agro-trade.co\/fr\/produit\/valence\/#primaryimage","url":"https:\/\/web.agro-trade.co\/wp-content\/uploads\/2025\/07\/1-2-1.png","contentUrl":"https:\/\/web.agro-trade.co\/wp-content\/uploads\/2025\/07\/1-2-1.png","width":500,"height":500,"caption":"Premium quality Egyptian oranges, freshly harvested, graded, and exported by Agro Trade under the trusted Mahdy Fresh brand \u2013 sweet, juicy, and export-ready for Europe and Gulf markets."},{"@type":"BreadcrumbList","@id":"https:\/\/web.agro-trade.co\/fr\/produit\/valence\/#breadcrumb","itemListElement":[{"@type":"ListItem","position":1,"name":"Home","item":"https:\/\/web.agro-trade.co\/"},{"@type":"ListItem","position":2,"name":"Boutique","item":"https:\/\/web.agro-trade.co\/fr\/boutique\/"},{"@type":"ListItem","position":3,"name":"Valence"}]},{"@type":"WebSite","@id":"https:\/\/web.agro-trade.co\/#website","url":"https:\/\/web.agro-trade.co\/","name":"Agro Trade","description":"Premium Egyptian Fruits &amp; Vegetables for Global Export","publisher":{"@id":"https:\/\/web.agro-trade.co\/#organization"},"alternateName":"Agro Trade","potentialAction":[{"@type":"SearchAction","target":{"@type":"EntryPoint","urlTemplate":"https:\/\/web.agro-trade.co\/?s={search_term_string}"},"query-input":{"@type":"PropertyValueSpecification","valueRequired":true,"valueName":"search_term_string"}}],"inLanguage":"fr-FR"},{"@type":"Organization","@id":"https:\/\/web.agro-trade.co\/#organization","name":"Agro Trade","alternateName":"AgroTrade","url":"https:\/\/web.agro-trade.co\/","logo":{"@type":"ImageObject","inLanguage":"fr-FR","@id":"https:\/\/web.agro-trade.co\/#\/schema\/logo\/image\/","url":"https:\/\/web.agro-trade.co\/wp-content\/uploads\/2025\/07\/cropped-Etsy-Organic-Beauty-Shop-Icon-e1753043861523.png","contentUrl":"https:\/\/web.agro-trade.co\/wp-content\/uploads\/2025\/07\/cropped-Etsy-Organic-Beauty-Shop-Icon-e1753043861523.png","width":512,"height":512,"caption":"Agro Trade"},"image":{"@id":"https:\/\/web.agro-trade.co\/#\/schema\/logo\/image\/"},"sameAs":["https:\/\/www.facebook.com\/AgroTradeforImportandExport\/","https:\/\/www.tiktok.com\/@agrotrade.eg","https:\/\/www.linkedin.com\/company\/agro-trade-export-import\/","https:\/\/www.youtube.com\/@AgroTradeforImportExport","https:\/\/www.instagram.com\/agrotrade.eg\/"]}]}},"_links":{"self":[{"href":"https:\/\/web.agro-trade.co\/fr\/wp-json\/wp\/v2\/product\/31886","targetHints":{"allow":["GET"]}}],"collection":[{"href":"https:\/\/web.agro-trade.co\/fr\/wp-json\/wp\/v2\/product"}],"about":[{"href":"https:\/\/web.agro-trade.co\/fr\/wp-json\/wp\/v2\/types\/product"}],"version-history":[{"count":1,"href":"https:\/\/web.agro-trade.co\/fr\/wp-json\/wp\/v2\/product\/31886\/revisions"}],"predecessor-version":[{"id":31916,"href":"https:\/\/web.agro-trade.co\/fr\/wp-json\/wp\/v2\/product\/31886\/revisions\/31916"}],"wp:featuredmedia":[{"embeddable":true,"href":"https:\/\/web.agro-trade.co\/fr\/wp-json\/wp\/v2\/media\/31132"}],"wp:attachment":[{"href":"https:\/\/web.agro-trade.co\/fr\/wp-json\/wp\/v2\/media?parent=31886"}],"wp:term":[{"taxonomy":"product_brand","embeddable":true,"href":"https:\/\/web.agro-trade.co\/fr\/wp-json\/wp\/v2\/product_brand?post=31886"},{"taxonomy":"product_cat","embeddable":true,"href":"https:\/\/web.agro-trade.co\/fr\/wp-json\/wp\/v2\/product_cat?post=31886"},{"taxonomy":"product_tag","embeddable":true,"href":"https:\/\/web.agro-trade.co\/fr\/wp-json\/wp\/v2\/product_tag?post=31886"}],"curies":[{"name":"wp","href":"https:\/\/api.w.org\/{rel}","templated":true}]}}