{"id":31899,"date":"2025-07-28T12:56:58","date_gmt":"2025-07-28T12:56:58","guid":{"rendered":"https:\/\/web.agro-trade.co\/?post_type=product&#038;p=31899"},"modified":"2025-08-18T13:21:23","modified_gmt":"2025-08-18T13:21:23","slug":"patates-douces","status":"publish","type":"product","link":"https:\/\/web.agro-trade.co\/fr\/produit\/patates-douces\/","title":{"rendered":"Patates douces"},"content":{"rendered":"<p>Nos patates douces sont soigneusement s\u00e9lectionn\u00e9es parmi les vari\u00e9t\u00e9s Bellevue et Beauregard, r\u00e9pondant aux normes europ\u00e9ennes de classe 1. Disponible en plusieurs tailles (S \u00e0 XL) et emball\u00e9 selon la demande du client. Export\u00e9 dans des conteneurs frigorifiques toute l&rsquo;ann\u00e9e.<\/p>\n","protected":false},"excerpt":{"rendered":"<p>Patates douces fra\u00eeches \u2013 Les vari\u00e9t\u00e9s d&rsquo;exportation comme Bellevue et Beauregard sont parfaites pour la p\u00e2tisserie, la friture et les emballages de vente au d\u00e9tail.<\/p>\n","protected":false},"featured_media":31134,"template":"","meta":{"_acf_changed":false},"product_brand":[],"product_cat":[294],"product_tag":[347,348,349,346],"class_list":{"0":"post-31899","1":"product","2":"type-product","3":"status-publish","4":"has-post-thumbnail","6":"product_cat-legumes","7":"product_tag-legumes-dexportation","8":"product_tag-legumes-racines","9":"product_tag-patate-douce","10":"product_tag-produits-egyptiens","12":"first","13":"instock","14":"shipping-taxable","15":"product-type-simple"},"acf":[],"yoast_head":"<!-- This site is optimized with the Yoast SEO plugin v27.4 - https:\/\/yoast.com\/product\/yoast-seo-wordpress\/ -->\n<title>Patates douces | Agro Trade<\/title>\n<meta name=\"robots\" content=\"index, follow, max-snippet:-1, max-image-preview:large, max-video-preview:-1\" \/>\n<link rel=\"canonical\" href=\"https:\/\/web.agro-trade.co\/fr\/produit\/patates-douces\/\" \/>\n<meta property=\"og:locale\" content=\"fr_FR\" \/>\n<meta property=\"og:type\" content=\"article\" \/>\n<meta property=\"og:title\" content=\"Patates douces | Agro Trade\" \/>\n<meta property=\"og:description\" content=\"Patates douces fra\u00eeches \u2013 Les vari\u00e9t\u00e9s d&#039;exportation comme Bellevue et Beauregard sont parfaites pour la p\u00e2tisserie, la friture et les emballages de vente au d\u00e9tail.\" \/>\n<meta property=\"og:url\" content=\"https:\/\/web.agro-trade.co\/fr\/produit\/patates-douces\/\" \/>\n<meta property=\"og:site_name\" content=\"Agro Trade\" \/>\n<meta property=\"article:publisher\" content=\"https:\/\/www.facebook.com\/AgroTradeforImportandExport\/\" \/>\n<meta property=\"article:modified_time\" content=\"2025-08-18T13:21:23+00:00\" \/>\n<meta property=\"og:image\" content=\"https:\/\/web.agro-trade.co\/wp-content\/uploads\/2025\/07\/1-3.png\" \/>\n\t<meta property=\"og:image:width\" content=\"500\" \/>\n\t<meta property=\"og:image:height\" content=\"500\" \/>\n\t<meta property=\"og:image:type\" content=\"image\/png\" \/>\n<meta name=\"twitter:card\" content=\"summary_large_image\" \/>\n<script type=\"application\/ld+json\" class=\"yoast-schema-graph\">{\"@context\":\"https:\\\/\\\/schema.org\",\"@graph\":[{\"@type\":\"WebPage\",\"@id\":\"https:\\\/\\\/web.agro-trade.co\\\/fr\\\/produit\\\/patates-douces\\\/\",\"url\":\"https:\\\/\\\/web.agro-trade.co\\\/fr\\\/produit\\\/patates-douces\\\/\",\"name\":\"Patates douces | Agro Trade\",\"isPartOf\":{\"@id\":\"https:\\\/\\\/web.agro-trade.co\\\/#website\"},\"primaryImageOfPage\":{\"@id\":\"https:\\\/\\\/web.agro-trade.co\\\/fr\\\/produit\\\/patates-douces\\\/#primaryimage\"},\"image\":{\"@id\":\"https:\\\/\\\/web.agro-trade.co\\\/fr\\\/produit\\\/patates-douces\\\/#primaryimage\"},\"thumbnailUrl\":\"https:\\\/\\\/web.agro-trade.co\\\/wp-content\\\/uploads\\\/2025\\\/07\\\/1-3.png\",\"datePublished\":\"2025-07-28T12:56:58+00:00\",\"dateModified\":\"2025-08-18T13:21:23+00:00\",\"breadcrumb\":{\"@id\":\"https:\\\/\\\/web.agro-trade.co\\\/fr\\\/produit\\\/patates-douces\\\/#breadcrumb\"},\"inLanguage\":\"fr-FR\",\"potentialAction\":[{\"@type\":\"ReadAction\",\"target\":[\"https:\\\/\\\/web.agro-trade.co\\\/fr\\\/produit\\\/patates-douces\\\/\"]}]},{\"@type\":\"ImageObject\",\"inLanguage\":\"fr-FR\",\"@id\":\"https:\\\/\\\/web.agro-trade.co\\\/fr\\\/produit\\\/patates-douces\\\/#primaryimage\",\"url\":\"https:\\\/\\\/web.agro-trade.co\\\/wp-content\\\/uploads\\\/2025\\\/07\\\/1-3.png\",\"contentUrl\":\"https:\\\/\\\/web.agro-trade.co\\\/wp-content\\\/uploads\\\/2025\\\/07\\\/1-3.png\",\"width\":500,\"height\":500,\"caption\":\"High-quality Egyptian sweet potatoes, freshly harvested and carefully packed by Agro Trade under the trusted Mahdy Fresh brand \u2013 export-ready to Europe, Gulf, and global markets.\"},{\"@type\":\"BreadcrumbList\",\"@id\":\"https:\\\/\\\/web.agro-trade.co\\\/fr\\\/produit\\\/patates-douces\\\/#breadcrumb\",\"itemListElement\":[{\"@type\":\"ListItem\",\"position\":1,\"name\":\"Home\",\"item\":\"https:\\\/\\\/web.agro-trade.co\\\/\"},{\"@type\":\"ListItem\",\"position\":2,\"name\":\"Boutique\",\"item\":\"https:\\\/\\\/web.agro-trade.co\\\/fr\\\/boutique\\\/\"},{\"@type\":\"ListItem\",\"position\":3,\"name\":\"Patates douces\"}]},{\"@type\":\"WebSite\",\"@id\":\"https:\\\/\\\/web.agro-trade.co\\\/#website\",\"url\":\"https:\\\/\\\/web.agro-trade.co\\\/\",\"name\":\"Agro Trade\",\"description\":\"Premium Egyptian Fruits &amp; Vegetables for Global Export\",\"publisher\":{\"@id\":\"https:\\\/\\\/web.agro-trade.co\\\/#organization\"},\"alternateName\":\"Agro Trade\",\"potentialAction\":[{\"@type\":\"SearchAction\",\"target\":{\"@type\":\"EntryPoint\",\"urlTemplate\":\"https:\\\/\\\/web.agro-trade.co\\\/?s={search_term_string}\"},\"query-input\":{\"@type\":\"PropertyValueSpecification\",\"valueRequired\":true,\"valueName\":\"search_term_string\"}}],\"inLanguage\":\"fr-FR\"},{\"@type\":\"Organization\",\"@id\":\"https:\\\/\\\/web.agro-trade.co\\\/#organization\",\"name\":\"Agro Trade\",\"alternateName\":\"AgroTrade\",\"url\":\"https:\\\/\\\/web.agro-trade.co\\\/\",\"logo\":{\"@type\":\"ImageObject\",\"inLanguage\":\"fr-FR\",\"@id\":\"https:\\\/\\\/web.agro-trade.co\\\/#\\\/schema\\\/logo\\\/image\\\/\",\"url\":\"https:\\\/\\\/web.agro-trade.co\\\/wp-content\\\/uploads\\\/2025\\\/07\\\/cropped-Etsy-Organic-Beauty-Shop-Icon-e1753043861523.png\",\"contentUrl\":\"https:\\\/\\\/web.agro-trade.co\\\/wp-content\\\/uploads\\\/2025\\\/07\\\/cropped-Etsy-Organic-Beauty-Shop-Icon-e1753043861523.png\",\"width\":512,\"height\":512,\"caption\":\"Agro Trade\"},\"image\":{\"@id\":\"https:\\\/\\\/web.agro-trade.co\\\/#\\\/schema\\\/logo\\\/image\\\/\"},\"sameAs\":[\"https:\\\/\\\/www.facebook.com\\\/AgroTradeforImportandExport\\\/\",\"https:\\\/\\\/www.tiktok.com\\\/@agrotrade.eg\",\"https:\\\/\\\/www.linkedin.com\\\/company\\\/agro-trade-export-import\\\/\",\"https:\\\/\\\/www.youtube.com\\\/@AgroTradeforImportExport\",\"https:\\\/\\\/www.instagram.com\\\/agrotrade.eg\\\/\"]}]}<\/script>\n<!-- \/ Yoast SEO plugin. -->","yoast_head_json":{"title":"Patates douces | Agro Trade","robots":{"index":"index","follow":"follow","max-snippet":"max-snippet:-1","max-image-preview":"max-image-preview:large","max-video-preview":"max-video-preview:-1"},"canonical":"https:\/\/web.agro-trade.co\/fr\/produit\/patates-douces\/","og_locale":"fr_FR","og_type":"article","og_title":"Patates douces | Agro Trade","og_description":"Patates douces fra\u00eeches \u2013 Les vari\u00e9t\u00e9s d'exportation comme Bellevue et Beauregard sont parfaites pour la p\u00e2tisserie, la friture et les emballages de vente au d\u00e9tail.","og_url":"https:\/\/web.agro-trade.co\/fr\/produit\/patates-douces\/","og_site_name":"Agro Trade","article_publisher":"https:\/\/www.facebook.com\/AgroTradeforImportandExport\/","article_modified_time":"2025-08-18T13:21:23+00:00","og_image":[{"width":500,"height":500,"url":"https:\/\/web.agro-trade.co\/wp-content\/uploads\/2025\/07\/1-3.png","type":"image\/png"}],"twitter_card":"summary_large_image","schema":{"@context":"https:\/\/schema.org","@graph":[{"@type":"WebPage","@id":"https:\/\/web.agro-trade.co\/fr\/produit\/patates-douces\/","url":"https:\/\/web.agro-trade.co\/fr\/produit\/patates-douces\/","name":"Patates douces | Agro Trade","isPartOf":{"@id":"https:\/\/web.agro-trade.co\/#website"},"primaryImageOfPage":{"@id":"https:\/\/web.agro-trade.co\/fr\/produit\/patates-douces\/#primaryimage"},"image":{"@id":"https:\/\/web.agro-trade.co\/fr\/produit\/patates-douces\/#primaryimage"},"thumbnailUrl":"https:\/\/web.agro-trade.co\/wp-content\/uploads\/2025\/07\/1-3.png","datePublished":"2025-07-28T12:56:58+00:00","dateModified":"2025-08-18T13:21:23+00:00","breadcrumb":{"@id":"https:\/\/web.agro-trade.co\/fr\/produit\/patates-douces\/#breadcrumb"},"inLanguage":"fr-FR","potentialAction":[{"@type":"ReadAction","target":["https:\/\/web.agro-trade.co\/fr\/produit\/patates-douces\/"]}]},{"@type":"ImageObject","inLanguage":"fr-FR","@id":"https:\/\/web.agro-trade.co\/fr\/produit\/patates-douces\/#primaryimage","url":"https:\/\/web.agro-trade.co\/wp-content\/uploads\/2025\/07\/1-3.png","contentUrl":"https:\/\/web.agro-trade.co\/wp-content\/uploads\/2025\/07\/1-3.png","width":500,"height":500,"caption":"High-quality Egyptian sweet potatoes, freshly harvested and carefully packed by Agro Trade under the trusted Mahdy Fresh brand \u2013 export-ready to Europe, Gulf, and global markets."},{"@type":"BreadcrumbList","@id":"https:\/\/web.agro-trade.co\/fr\/produit\/patates-douces\/#breadcrumb","itemListElement":[{"@type":"ListItem","position":1,"name":"Home","item":"https:\/\/web.agro-trade.co\/"},{"@type":"ListItem","position":2,"name":"Boutique","item":"https:\/\/web.agro-trade.co\/fr\/boutique\/"},{"@type":"ListItem","position":3,"name":"Patates douces"}]},{"@type":"WebSite","@id":"https:\/\/web.agro-trade.co\/#website","url":"https:\/\/web.agro-trade.co\/","name":"Agro Trade","description":"Premium Egyptian Fruits &amp; Vegetables for Global Export","publisher":{"@id":"https:\/\/web.agro-trade.co\/#organization"},"alternateName":"Agro Trade","potentialAction":[{"@type":"SearchAction","target":{"@type":"EntryPoint","urlTemplate":"https:\/\/web.agro-trade.co\/?s={search_term_string}"},"query-input":{"@type":"PropertyValueSpecification","valueRequired":true,"valueName":"search_term_string"}}],"inLanguage":"fr-FR"},{"@type":"Organization","@id":"https:\/\/web.agro-trade.co\/#organization","name":"Agro Trade","alternateName":"AgroTrade","url":"https:\/\/web.agro-trade.co\/","logo":{"@type":"ImageObject","inLanguage":"fr-FR","@id":"https:\/\/web.agro-trade.co\/#\/schema\/logo\/image\/","url":"https:\/\/web.agro-trade.co\/wp-content\/uploads\/2025\/07\/cropped-Etsy-Organic-Beauty-Shop-Icon-e1753043861523.png","contentUrl":"https:\/\/web.agro-trade.co\/wp-content\/uploads\/2025\/07\/cropped-Etsy-Organic-Beauty-Shop-Icon-e1753043861523.png","width":512,"height":512,"caption":"Agro Trade"},"image":{"@id":"https:\/\/web.agro-trade.co\/#\/schema\/logo\/image\/"},"sameAs":["https:\/\/www.facebook.com\/AgroTradeforImportandExport\/","https:\/\/www.tiktok.com\/@agrotrade.eg","https:\/\/www.linkedin.com\/company\/agro-trade-export-import\/","https:\/\/www.youtube.com\/@AgroTradeforImportExport","https:\/\/www.instagram.com\/agrotrade.eg\/"]}]}},"_links":{"self":[{"href":"https:\/\/web.agro-trade.co\/fr\/wp-json\/wp\/v2\/product\/31899","targetHints":{"allow":["GET"]}}],"collection":[{"href":"https:\/\/web.agro-trade.co\/fr\/wp-json\/wp\/v2\/product"}],"about":[{"href":"https:\/\/web.agro-trade.co\/fr\/wp-json\/wp\/v2\/types\/product"}],"version-history":[{"count":1,"href":"https:\/\/web.agro-trade.co\/fr\/wp-json\/wp\/v2\/product\/31899\/revisions"}],"predecessor-version":[{"id":31930,"href":"https:\/\/web.agro-trade.co\/fr\/wp-json\/wp\/v2\/product\/31899\/revisions\/31930"}],"wp:featuredmedia":[{"embeddable":true,"href":"https:\/\/web.agro-trade.co\/fr\/wp-json\/wp\/v2\/media\/31134"}],"wp:attachment":[{"href":"https:\/\/web.agro-trade.co\/fr\/wp-json\/wp\/v2\/media?parent=31899"}],"wp:term":[{"taxonomy":"product_brand","embeddable":true,"href":"https:\/\/web.agro-trade.co\/fr\/wp-json\/wp\/v2\/product_brand?post=31899"},{"taxonomy":"product_cat","embeddable":true,"href":"https:\/\/web.agro-trade.co\/fr\/wp-json\/wp\/v2\/product_cat?post=31899"},{"taxonomy":"product_tag","embeddable":true,"href":"https:\/\/web.agro-trade.co\/fr\/wp-json\/wp\/v2\/product_tag?post=31899"}],"curies":[{"name":"wp","href":"https:\/\/api.w.org\/{rel}","templated":true}]}}