{"id":31903,"date":"2025-07-28T12:56:59","date_gmt":"2025-07-28T12:56:59","guid":{"rendered":"https:\/\/web.agro-trade.co\/?post_type=product&#038;p=31903"},"modified":"2025-08-18T13:21:44","modified_gmt":"2025-08-18T13:21:44","slug":"artichaut","status":"publish","type":"product","link":"https:\/\/web.agro-trade.co\/fr\/produit\/artichaut\/","title":{"rendered":"Artichaut"},"content":{"rendered":"<p>Nos artichauts frais pr\u00e9sentent des c\u0153urs tendres, des feuilles serr\u00e9es et une saveur naturellement riche. Riches en antioxydants et en fibres, ils sont pris\u00e9s dans la cuisine gastronomique et les r\u00e9gimes alimentaires ax\u00e9s sur la sant\u00e9. Cultiv\u00e9s dans des environnements agricoles propres, ils sont soigneusement r\u00e9colt\u00e9s et emball\u00e9s pour conserver leur fra\u00eecheur pendant le transport. Un excellent produit pour l&rsquo;exportation en raison de leur haute qualit\u00e9 et de leur d\u00e9veloppement mondial croissant<\/p>\n","protected":false},"excerpt":{"rendered":"<p>Artichauts frais \u2013 C\u0153urs tendres et comestibles, feuilles enti\u00e8res et riches en fibres, les artichauts sont cueillis pour la vente au d\u00e9tail et l&rsquo;exportation sp\u00e9cialis\u00e9es.<\/p>\n","protected":false},"featured_media":30579,"template":"","meta":{"_acf_changed":false},"product_brand":[],"product_cat":[294],"product_tag":[363,365,364,366,367,354],"class_list":{"0":"post-31903","1":"product","2":"type-product","3":"status-publish","4":"has-post-thumbnail","6":"product_cat-legumes","7":"product_tag-artichaut","8":"product_tag-artichaut-frais","9":"product_tag-legume-dexportation","10":"product_tag-legume-gastronomique","11":"product_tag-legume-mediterraneen","12":"product_tag-riche-en-fibres","14":"first","15":"instock","16":"shipping-taxable","17":"product-type-simple"},"acf":[],"yoast_head":"<!-- This site is optimized with the Yoast SEO plugin v27.4 - https:\/\/yoast.com\/product\/yoast-seo-wordpress\/ -->\n<title>Artichaut | Agro Trade<\/title>\n<meta name=\"robots\" content=\"index, follow, max-snippet:-1, max-image-preview:large, max-video-preview:-1\" \/>\n<link rel=\"canonical\" href=\"https:\/\/web.agro-trade.co\/fr\/produit\/artichaut\/\" \/>\n<meta property=\"og:locale\" content=\"fr_FR\" \/>\n<meta property=\"og:type\" content=\"article\" \/>\n<meta property=\"og:title\" content=\"Artichaut | Agro Trade\" \/>\n<meta property=\"og:description\" content=\"Artichauts frais \u2013 C\u0153urs tendres et comestibles, feuilles enti\u00e8res et riches en fibres, les artichauts sont cueillis pour la vente au d\u00e9tail et l&#039;exportation sp\u00e9cialis\u00e9es.\" \/>\n<meta property=\"og:url\" content=\"https:\/\/web.agro-trade.co\/fr\/produit\/artichaut\/\" \/>\n<meta property=\"og:site_name\" content=\"Agro Trade\" \/>\n<meta property=\"article:publisher\" content=\"https:\/\/www.facebook.com\/AgroTradeforImportandExport\/\" \/>\n<meta property=\"article:modified_time\" content=\"2025-08-18T13:21:44+00:00\" \/>\n<meta property=\"og:image\" content=\"https:\/\/web.agro-trade.co\/wp-content\/uploads\/2021\/08\/Agro-Trade-scaled.webp\" \/>\n\t<meta property=\"og:image:width\" content=\"2560\" \/>\n\t<meta property=\"og:image:height\" content=\"1225\" \/>\n\t<meta property=\"og:image:type\" content=\"image\/webp\" \/>\n<meta name=\"twitter:card\" content=\"summary_large_image\" \/>\n<script type=\"application\/ld+json\" class=\"yoast-schema-graph\">{\"@context\":\"https:\\\/\\\/schema.org\",\"@graph\":[{\"@type\":\"WebPage\",\"@id\":\"https:\\\/\\\/web.agro-trade.co\\\/fr\\\/produit\\\/artichaut\\\/\",\"url\":\"https:\\\/\\\/web.agro-trade.co\\\/fr\\\/produit\\\/artichaut\\\/\",\"name\":\"Artichaut | Agro Trade\",\"isPartOf\":{\"@id\":\"https:\\\/\\\/web.agro-trade.co\\\/#website\"},\"primaryImageOfPage\":{\"@id\":\"https:\\\/\\\/web.agro-trade.co\\\/fr\\\/produit\\\/artichaut\\\/#primaryimage\"},\"image\":{\"@id\":\"https:\\\/\\\/web.agro-trade.co\\\/fr\\\/produit\\\/artichaut\\\/#primaryimage\"},\"thumbnailUrl\":\"https:\\\/\\\/web.agro-trade.co\\\/wp-content\\\/uploads\\\/2025\\\/07\\\/30.png\",\"datePublished\":\"2025-07-28T12:56:59+00:00\",\"dateModified\":\"2025-08-18T13:21:44+00:00\",\"breadcrumb\":{\"@id\":\"https:\\\/\\\/web.agro-trade.co\\\/fr\\\/produit\\\/artichaut\\\/#breadcrumb\"},\"inLanguage\":\"fr-FR\",\"potentialAction\":[{\"@type\":\"ReadAction\",\"target\":[\"https:\\\/\\\/web.agro-trade.co\\\/fr\\\/produit\\\/artichaut\\\/\"]}]},{\"@type\":\"ImageObject\",\"inLanguage\":\"fr-FR\",\"@id\":\"https:\\\/\\\/web.agro-trade.co\\\/fr\\\/produit\\\/artichaut\\\/#primaryimage\",\"url\":\"https:\\\/\\\/web.agro-trade.co\\\/wp-content\\\/uploads\\\/2025\\\/07\\\/30.png\",\"contentUrl\":\"https:\\\/\\\/web.agro-trade.co\\\/wp-content\\\/uploads\\\/2025\\\/07\\\/30.png\",\"width\":500,\"height\":500,\"caption\":\"High-quality Egyptian artichokes (fresh globe artichoke) harvested and exported by Agro Trade under the Mahdy Fresh brand \u2013 trusted by global importers for freshness and compliance.\"},{\"@type\":\"BreadcrumbList\",\"@id\":\"https:\\\/\\\/web.agro-trade.co\\\/fr\\\/produit\\\/artichaut\\\/#breadcrumb\",\"itemListElement\":[{\"@type\":\"ListItem\",\"position\":1,\"name\":\"Home\",\"item\":\"https:\\\/\\\/web.agro-trade.co\\\/\"},{\"@type\":\"ListItem\",\"position\":2,\"name\":\"Boutique\",\"item\":\"https:\\\/\\\/web.agro-trade.co\\\/fr\\\/boutique\\\/\"},{\"@type\":\"ListItem\",\"position\":3,\"name\":\"Artichaut\"}]},{\"@type\":\"WebSite\",\"@id\":\"https:\\\/\\\/web.agro-trade.co\\\/#website\",\"url\":\"https:\\\/\\\/web.agro-trade.co\\\/\",\"name\":\"Agro Trade\",\"description\":\"Premium Egyptian Fruits &amp; Vegetables for Global Export\",\"publisher\":{\"@id\":\"https:\\\/\\\/web.agro-trade.co\\\/#organization\"},\"alternateName\":\"Agro Trade\",\"potentialAction\":[{\"@type\":\"SearchAction\",\"target\":{\"@type\":\"EntryPoint\",\"urlTemplate\":\"https:\\\/\\\/web.agro-trade.co\\\/?s={search_term_string}\"},\"query-input\":{\"@type\":\"PropertyValueSpecification\",\"valueRequired\":true,\"valueName\":\"search_term_string\"}}],\"inLanguage\":\"fr-FR\"},{\"@type\":\"Organization\",\"@id\":\"https:\\\/\\\/web.agro-trade.co\\\/#organization\",\"name\":\"Agro Trade\",\"alternateName\":\"AgroTrade\",\"url\":\"https:\\\/\\\/web.agro-trade.co\\\/\",\"logo\":{\"@type\":\"ImageObject\",\"inLanguage\":\"fr-FR\",\"@id\":\"https:\\\/\\\/web.agro-trade.co\\\/#\\\/schema\\\/logo\\\/image\\\/\",\"url\":\"https:\\\/\\\/web.agro-trade.co\\\/wp-content\\\/uploads\\\/2025\\\/07\\\/cropped-Etsy-Organic-Beauty-Shop-Icon-e1753043861523.png\",\"contentUrl\":\"https:\\\/\\\/web.agro-trade.co\\\/wp-content\\\/uploads\\\/2025\\\/07\\\/cropped-Etsy-Organic-Beauty-Shop-Icon-e1753043861523.png\",\"width\":512,\"height\":512,\"caption\":\"Agro Trade\"},\"image\":{\"@id\":\"https:\\\/\\\/web.agro-trade.co\\\/#\\\/schema\\\/logo\\\/image\\\/\"},\"sameAs\":[\"https:\\\/\\\/www.facebook.com\\\/AgroTradeforImportandExport\\\/\",\"https:\\\/\\\/www.tiktok.com\\\/@agrotrade.eg\",\"https:\\\/\\\/www.linkedin.com\\\/company\\\/agro-trade-export-import\\\/\",\"https:\\\/\\\/www.youtube.com\\\/@AgroTradeforImportExport\",\"https:\\\/\\\/www.instagram.com\\\/agrotrade.eg\\\/\"]}]}<\/script>\n<!-- \/ Yoast SEO plugin. -->","yoast_head_json":{"title":"Artichaut | Agro Trade","robots":{"index":"index","follow":"follow","max-snippet":"max-snippet:-1","max-image-preview":"max-image-preview:large","max-video-preview":"max-video-preview:-1"},"canonical":"https:\/\/web.agro-trade.co\/fr\/produit\/artichaut\/","og_locale":"fr_FR","og_type":"article","og_title":"Artichaut | Agro Trade","og_description":"Artichauts frais \u2013 C\u0153urs tendres et comestibles, feuilles enti\u00e8res et riches en fibres, les artichauts sont cueillis pour la vente au d\u00e9tail et l'exportation sp\u00e9cialis\u00e9es.","og_url":"https:\/\/web.agro-trade.co\/fr\/produit\/artichaut\/","og_site_name":"Agro Trade","article_publisher":"https:\/\/www.facebook.com\/AgroTradeforImportandExport\/","article_modified_time":"2025-08-18T13:21:44+00:00","og_image":[{"width":2560,"height":1225,"url":"https:\/\/web.agro-trade.co\/wp-content\/uploads\/2021\/08\/Agro-Trade-scaled.webp","type":"image\/webp"}],"twitter_card":"summary_large_image","schema":{"@context":"https:\/\/schema.org","@graph":[{"@type":"WebPage","@id":"https:\/\/web.agro-trade.co\/fr\/produit\/artichaut\/","url":"https:\/\/web.agro-trade.co\/fr\/produit\/artichaut\/","name":"Artichaut | Agro Trade","isPartOf":{"@id":"https:\/\/web.agro-trade.co\/#website"},"primaryImageOfPage":{"@id":"https:\/\/web.agro-trade.co\/fr\/produit\/artichaut\/#primaryimage"},"image":{"@id":"https:\/\/web.agro-trade.co\/fr\/produit\/artichaut\/#primaryimage"},"thumbnailUrl":"https:\/\/web.agro-trade.co\/wp-content\/uploads\/2025\/07\/30.png","datePublished":"2025-07-28T12:56:59+00:00","dateModified":"2025-08-18T13:21:44+00:00","breadcrumb":{"@id":"https:\/\/web.agro-trade.co\/fr\/produit\/artichaut\/#breadcrumb"},"inLanguage":"fr-FR","potentialAction":[{"@type":"ReadAction","target":["https:\/\/web.agro-trade.co\/fr\/produit\/artichaut\/"]}]},{"@type":"ImageObject","inLanguage":"fr-FR","@id":"https:\/\/web.agro-trade.co\/fr\/produit\/artichaut\/#primaryimage","url":"https:\/\/web.agro-trade.co\/wp-content\/uploads\/2025\/07\/30.png","contentUrl":"https:\/\/web.agro-trade.co\/wp-content\/uploads\/2025\/07\/30.png","width":500,"height":500,"caption":"High-quality Egyptian artichokes (fresh globe artichoke) harvested and exported by Agro Trade under the Mahdy Fresh brand \u2013 trusted by global importers for freshness and compliance."},{"@type":"BreadcrumbList","@id":"https:\/\/web.agro-trade.co\/fr\/produit\/artichaut\/#breadcrumb","itemListElement":[{"@type":"ListItem","position":1,"name":"Home","item":"https:\/\/web.agro-trade.co\/"},{"@type":"ListItem","position":2,"name":"Boutique","item":"https:\/\/web.agro-trade.co\/fr\/boutique\/"},{"@type":"ListItem","position":3,"name":"Artichaut"}]},{"@type":"WebSite","@id":"https:\/\/web.agro-trade.co\/#website","url":"https:\/\/web.agro-trade.co\/","name":"Agro Trade","description":"Premium Egyptian Fruits &amp; Vegetables for Global Export","publisher":{"@id":"https:\/\/web.agro-trade.co\/#organization"},"alternateName":"Agro Trade","potentialAction":[{"@type":"SearchAction","target":{"@type":"EntryPoint","urlTemplate":"https:\/\/web.agro-trade.co\/?s={search_term_string}"},"query-input":{"@type":"PropertyValueSpecification","valueRequired":true,"valueName":"search_term_string"}}],"inLanguage":"fr-FR"},{"@type":"Organization","@id":"https:\/\/web.agro-trade.co\/#organization","name":"Agro Trade","alternateName":"AgroTrade","url":"https:\/\/web.agro-trade.co\/","logo":{"@type":"ImageObject","inLanguage":"fr-FR","@id":"https:\/\/web.agro-trade.co\/#\/schema\/logo\/image\/","url":"https:\/\/web.agro-trade.co\/wp-content\/uploads\/2025\/07\/cropped-Etsy-Organic-Beauty-Shop-Icon-e1753043861523.png","contentUrl":"https:\/\/web.agro-trade.co\/wp-content\/uploads\/2025\/07\/cropped-Etsy-Organic-Beauty-Shop-Icon-e1753043861523.png","width":512,"height":512,"caption":"Agro Trade"},"image":{"@id":"https:\/\/web.agro-trade.co\/#\/schema\/logo\/image\/"},"sameAs":["https:\/\/www.facebook.com\/AgroTradeforImportandExport\/","https:\/\/www.tiktok.com\/@agrotrade.eg","https:\/\/www.linkedin.com\/company\/agro-trade-export-import\/","https:\/\/www.youtube.com\/@AgroTradeforImportExport","https:\/\/www.instagram.com\/agrotrade.eg\/"]}]}},"_links":{"self":[{"href":"https:\/\/web.agro-trade.co\/fr\/wp-json\/wp\/v2\/product\/31903","targetHints":{"allow":["GET"]}}],"collection":[{"href":"https:\/\/web.agro-trade.co\/fr\/wp-json\/wp\/v2\/product"}],"about":[{"href":"https:\/\/web.agro-trade.co\/fr\/wp-json\/wp\/v2\/types\/product"}],"version-history":[{"count":1,"href":"https:\/\/web.agro-trade.co\/fr\/wp-json\/wp\/v2\/product\/31903\/revisions"}],"predecessor-version":[{"id":31934,"href":"https:\/\/web.agro-trade.co\/fr\/wp-json\/wp\/v2\/product\/31903\/revisions\/31934"}],"wp:featuredmedia":[{"embeddable":true,"href":"https:\/\/web.agro-trade.co\/fr\/wp-json\/wp\/v2\/media\/30579"}],"wp:attachment":[{"href":"https:\/\/web.agro-trade.co\/fr\/wp-json\/wp\/v2\/media?parent=31903"}],"wp:term":[{"taxonomy":"product_brand","embeddable":true,"href":"https:\/\/web.agro-trade.co\/fr\/wp-json\/wp\/v2\/product_brand?post=31903"},{"taxonomy":"product_cat","embeddable":true,"href":"https:\/\/web.agro-trade.co\/fr\/wp-json\/wp\/v2\/product_cat?post=31903"},{"taxonomy":"product_tag","embeddable":true,"href":"https:\/\/web.agro-trade.co\/fr\/wp-json\/wp\/v2\/product_tag?post=31903"}],"curies":[{"name":"wp","href":"https:\/\/api.w.org\/{rel}","templated":true}]}}