{"id":31908,"date":"2025-07-28T13:06:51","date_gmt":"2025-07-28T13:06:51","guid":{"rendered":"https:\/\/web.agro-trade.co\/?post_type=product&#038;p=31908"},"modified":"2025-08-18T13:22:09","modified_gmt":"2025-08-18T13:22:09","slug":"goyave","status":"publish","type":"product","link":"https:\/\/web.agro-trade.co\/fr\/produit\/goyave\/","title":{"rendered":"Goyave"},"content":{"rendered":"<p>Parfum\u00e9es et tropicales, nos goyaves fra\u00eeches regorgent de vitamine C et d&rsquo;une fra\u00eecheur de qualit\u00e9 export. Soigneusement cueillies \u00e0 la main pour assurer une maturit\u00e9 et une apparence parfaites, ces goyaves sont riches en fibres alimentaires et en antioxydants. Ils sont id\u00e9aux pour la consommation directe, l&rsquo;extraction de jus ou l&rsquo;utilisation dans les desserts et les confitures. Nos goyaves r\u00e9pondent \u00e0 des normes d\u2019exportation strictes en mati\u00e8re de fra\u00eecheur et de qualit\u00e9.<\/p>\n","protected":false},"excerpt":{"rendered":"<p>Goyaves fra\u00eeches \u2013 Ar\u00f4me tropical, chair douce et riche en vitamine C, nos goyaves sont parfaites pour les supermarch\u00e9s et l&rsquo;utilisation de jus.<\/p>\n","protected":false},"featured_media":31448,"template":"","meta":{"_acf_changed":false},"product_brand":[],"product_cat":[293],"product_tag":[153,387,388,324,389,390,311],"class_list":{"0":"post-31908","1":"product","2":"type-product","3":"status-publish","4":"has-post-thumbnail","6":"product_cat-fruits-fr","7":"product_tag-egyptianguava","8":"product_tag-fruit-exotique","9":"product_tag-fruit-frais","10":"product_tag-fruit-tropical","11":"product_tag-goyave","12":"product_tag-goyaveexport","13":"product_tag-vitamine-c","15":"first","16":"instock","17":"shipping-taxable","18":"product-type-simple"},"acf":[],"yoast_head":"<!-- This site is optimized with the Yoast SEO plugin v27.0 - https:\/\/yoast.com\/product\/yoast-seo-wordpress\/ -->\n<title>Goyave | Agro Trade<\/title>\n<meta name=\"robots\" content=\"index, follow, max-snippet:-1, max-image-preview:large, max-video-preview:-1\" \/>\n<link rel=\"canonical\" href=\"https:\/\/web.agro-trade.co\/fr\/produit\/goyave\/\" \/>\n<meta property=\"og:locale\" content=\"fr_FR\" \/>\n<meta property=\"og:type\" content=\"article\" \/>\n<meta property=\"og:title\" content=\"Goyave | Agro Trade\" \/>\n<meta property=\"og:description\" content=\"Goyaves fra\u00eeches \u2013 Ar\u00f4me tropical, chair douce et riche en vitamine C, nos goyaves sont parfaites pour les supermarch\u00e9s et l&#039;utilisation de jus.\" \/>\n<meta property=\"og:url\" content=\"https:\/\/web.agro-trade.co\/fr\/produit\/goyave\/\" \/>\n<meta property=\"og:site_name\" content=\"Agro Trade\" \/>\n<meta property=\"article:publisher\" content=\"https:\/\/www.facebook.com\/AgroTradeforImportandExport\/\" \/>\n<meta property=\"article:modified_time\" content=\"2025-08-18T13:22:09+00:00\" \/>\n<meta property=\"og:image\" content=\"https:\/\/web.agro-trade.co\/wp-content\/uploads\/2021\/08\/Agro-Trade-scaled.webp\" \/>\n\t<meta property=\"og:image:width\" content=\"2560\" \/>\n\t<meta property=\"og:image:height\" content=\"1225\" \/>\n\t<meta property=\"og:image:type\" content=\"image\/webp\" \/>\n<meta name=\"twitter:card\" content=\"summary_large_image\" \/>\n<script type=\"application\/ld+json\" class=\"yoast-schema-graph\">{\"@context\":\"https:\/\/schema.org\",\"@graph\":[{\"@type\":\"WebPage\",\"@id\":\"https:\/\/web.agro-trade.co\/fr\/produit\/goyave\/\",\"url\":\"https:\/\/web.agro-trade.co\/fr\/produit\/goyave\/\",\"name\":\"Goyave | Agro Trade\",\"isPartOf\":{\"@id\":\"https:\/\/web.agro-trade.co\/#website\"},\"primaryImageOfPage\":{\"@id\":\"https:\/\/web.agro-trade.co\/fr\/produit\/goyave\/#primaryimage\"},\"image\":{\"@id\":\"https:\/\/web.agro-trade.co\/fr\/produit\/goyave\/#primaryimage\"},\"thumbnailUrl\":\"https:\/\/web.agro-trade.co\/wp-content\/uploads\/2025\/07\/41.png\",\"datePublished\":\"2025-07-28T13:06:51+00:00\",\"dateModified\":\"2025-08-18T13:22:09+00:00\",\"breadcrumb\":{\"@id\":\"https:\/\/web.agro-trade.co\/fr\/produit\/goyave\/#breadcrumb\"},\"inLanguage\":\"fr-FR\",\"potentialAction\":[{\"@type\":\"ReadAction\",\"target\":[\"https:\/\/web.agro-trade.co\/fr\/produit\/goyave\/\"]}]},{\"@type\":\"ImageObject\",\"inLanguage\":\"fr-FR\",\"@id\":\"https:\/\/web.agro-trade.co\/fr\/produit\/goyave\/#primaryimage\",\"url\":\"https:\/\/web.agro-trade.co\/wp-content\/uploads\/2025\/07\/41.png\",\"contentUrl\":\"https:\/\/web.agro-trade.co\/wp-content\/uploads\/2025\/07\/41.png\",\"width\":500,\"height\":500,\"caption\":\"Fresh Egyptian guavas, carefully harvested and packed by Agro Trade under the Mahdy Fresh brand. Exported with full traceability and compliance to international quality standards \u2013 trusted by importers worldwide.\"},{\"@type\":\"BreadcrumbList\",\"@id\":\"https:\/\/web.agro-trade.co\/fr\/produit\/goyave\/#breadcrumb\",\"itemListElement\":[{\"@type\":\"ListItem\",\"position\":1,\"name\":\"Home\",\"item\":\"https:\/\/web.agro-trade.co\/\"},{\"@type\":\"ListItem\",\"position\":2,\"name\":\"Boutique\",\"item\":\"https:\/\/web.agro-trade.co\/fr\/boutique\/\"},{\"@type\":\"ListItem\",\"position\":3,\"name\":\"Goyave\"}]},{\"@type\":\"WebSite\",\"@id\":\"https:\/\/web.agro-trade.co\/#website\",\"url\":\"https:\/\/web.agro-trade.co\/\",\"name\":\"Agro Trade\",\"description\":\"Premium Egyptian Fruits &amp; Vegetables for Global Export\",\"publisher\":{\"@id\":\"https:\/\/web.agro-trade.co\/#organization\"},\"alternateName\":\"Agro Trade\",\"potentialAction\":[{\"@type\":\"SearchAction\",\"target\":{\"@type\":\"EntryPoint\",\"urlTemplate\":\"https:\/\/web.agro-trade.co\/?s={search_term_string}\"},\"query-input\":{\"@type\":\"PropertyValueSpecification\",\"valueRequired\":true,\"valueName\":\"search_term_string\"}}],\"inLanguage\":\"fr-FR\"},{\"@type\":\"Organization\",\"@id\":\"https:\/\/web.agro-trade.co\/#organization\",\"name\":\"Agro Trade\",\"alternateName\":\"AgroTrade\",\"url\":\"https:\/\/web.agro-trade.co\/\",\"logo\":{\"@type\":\"ImageObject\",\"inLanguage\":\"fr-FR\",\"@id\":\"https:\/\/web.agro-trade.co\/#\/schema\/logo\/image\/\",\"url\":\"https:\/\/web.agro-trade.co\/wp-content\/uploads\/2025\/07\/cropped-Etsy-Organic-Beauty-Shop-Icon-e1753043861523.png\",\"contentUrl\":\"https:\/\/web.agro-trade.co\/wp-content\/uploads\/2025\/07\/cropped-Etsy-Organic-Beauty-Shop-Icon-e1753043861523.png\",\"width\":512,\"height\":512,\"caption\":\"Agro Trade\"},\"image\":{\"@id\":\"https:\/\/web.agro-trade.co\/#\/schema\/logo\/image\/\"},\"sameAs\":[\"https:\/\/www.facebook.com\/AgroTradeforImportandExport\/\",\"https:\/\/www.tiktok.com\/@agrotrade.eg\",\"https:\/\/www.linkedin.com\/company\/agro-trade-export-import\/\",\"https:\/\/www.youtube.com\/@AgroTradeforImportExport\",\"https:\/\/www.instagram.com\/agrotrade.eg\/\"]}]}<\/script>\n<!-- \/ Yoast SEO plugin. -->","yoast_head_json":{"title":"Goyave | Agro Trade","robots":{"index":"index","follow":"follow","max-snippet":"max-snippet:-1","max-image-preview":"max-image-preview:large","max-video-preview":"max-video-preview:-1"},"canonical":"https:\/\/web.agro-trade.co\/fr\/produit\/goyave\/","og_locale":"fr_FR","og_type":"article","og_title":"Goyave | Agro Trade","og_description":"Goyaves fra\u00eeches \u2013 Ar\u00f4me tropical, chair douce et riche en vitamine C, nos goyaves sont parfaites pour les supermarch\u00e9s et l'utilisation de jus.","og_url":"https:\/\/web.agro-trade.co\/fr\/produit\/goyave\/","og_site_name":"Agro Trade","article_publisher":"https:\/\/www.facebook.com\/AgroTradeforImportandExport\/","article_modified_time":"2025-08-18T13:22:09+00:00","og_image":[{"width":2560,"height":1225,"url":"https:\/\/web.agro-trade.co\/wp-content\/uploads\/2021\/08\/Agro-Trade-scaled.webp","type":"image\/webp"}],"twitter_card":"summary_large_image","schema":{"@context":"https:\/\/schema.org","@graph":[{"@type":"WebPage","@id":"https:\/\/web.agro-trade.co\/fr\/produit\/goyave\/","url":"https:\/\/web.agro-trade.co\/fr\/produit\/goyave\/","name":"Goyave | Agro Trade","isPartOf":{"@id":"https:\/\/web.agro-trade.co\/#website"},"primaryImageOfPage":{"@id":"https:\/\/web.agro-trade.co\/fr\/produit\/goyave\/#primaryimage"},"image":{"@id":"https:\/\/web.agro-trade.co\/fr\/produit\/goyave\/#primaryimage"},"thumbnailUrl":"https:\/\/web.agro-trade.co\/wp-content\/uploads\/2025\/07\/41.png","datePublished":"2025-07-28T13:06:51+00:00","dateModified":"2025-08-18T13:22:09+00:00","breadcrumb":{"@id":"https:\/\/web.agro-trade.co\/fr\/produit\/goyave\/#breadcrumb"},"inLanguage":"fr-FR","potentialAction":[{"@type":"ReadAction","target":["https:\/\/web.agro-trade.co\/fr\/produit\/goyave\/"]}]},{"@type":"ImageObject","inLanguage":"fr-FR","@id":"https:\/\/web.agro-trade.co\/fr\/produit\/goyave\/#primaryimage","url":"https:\/\/web.agro-trade.co\/wp-content\/uploads\/2025\/07\/41.png","contentUrl":"https:\/\/web.agro-trade.co\/wp-content\/uploads\/2025\/07\/41.png","width":500,"height":500,"caption":"Fresh Egyptian guavas, carefully harvested and packed by Agro Trade under the Mahdy Fresh brand. Exported with full traceability and compliance to international quality standards \u2013 trusted by importers worldwide."},{"@type":"BreadcrumbList","@id":"https:\/\/web.agro-trade.co\/fr\/produit\/goyave\/#breadcrumb","itemListElement":[{"@type":"ListItem","position":1,"name":"Home","item":"https:\/\/web.agro-trade.co\/"},{"@type":"ListItem","position":2,"name":"Boutique","item":"https:\/\/web.agro-trade.co\/fr\/boutique\/"},{"@type":"ListItem","position":3,"name":"Goyave"}]},{"@type":"WebSite","@id":"https:\/\/web.agro-trade.co\/#website","url":"https:\/\/web.agro-trade.co\/","name":"Agro Trade","description":"Premium Egyptian Fruits &amp; Vegetables for Global Export","publisher":{"@id":"https:\/\/web.agro-trade.co\/#organization"},"alternateName":"Agro Trade","potentialAction":[{"@type":"SearchAction","target":{"@type":"EntryPoint","urlTemplate":"https:\/\/web.agro-trade.co\/?s={search_term_string}"},"query-input":{"@type":"PropertyValueSpecification","valueRequired":true,"valueName":"search_term_string"}}],"inLanguage":"fr-FR"},{"@type":"Organization","@id":"https:\/\/web.agro-trade.co\/#organization","name":"Agro Trade","alternateName":"AgroTrade","url":"https:\/\/web.agro-trade.co\/","logo":{"@type":"ImageObject","inLanguage":"fr-FR","@id":"https:\/\/web.agro-trade.co\/#\/schema\/logo\/image\/","url":"https:\/\/web.agro-trade.co\/wp-content\/uploads\/2025\/07\/cropped-Etsy-Organic-Beauty-Shop-Icon-e1753043861523.png","contentUrl":"https:\/\/web.agro-trade.co\/wp-content\/uploads\/2025\/07\/cropped-Etsy-Organic-Beauty-Shop-Icon-e1753043861523.png","width":512,"height":512,"caption":"Agro Trade"},"image":{"@id":"https:\/\/web.agro-trade.co\/#\/schema\/logo\/image\/"},"sameAs":["https:\/\/www.facebook.com\/AgroTradeforImportandExport\/","https:\/\/www.tiktok.com\/@agrotrade.eg","https:\/\/www.linkedin.com\/company\/agro-trade-export-import\/","https:\/\/www.youtube.com\/@AgroTradeforImportExport","https:\/\/www.instagram.com\/agrotrade.eg\/"]}]}},"_links":{"self":[{"href":"https:\/\/web.agro-trade.co\/fr\/wp-json\/wp\/v2\/product\/31908","targetHints":{"allow":["GET"]}}],"collection":[{"href":"https:\/\/web.agro-trade.co\/fr\/wp-json\/wp\/v2\/product"}],"about":[{"href":"https:\/\/web.agro-trade.co\/fr\/wp-json\/wp\/v2\/types\/product"}],"version-history":[{"count":1,"href":"https:\/\/web.agro-trade.co\/fr\/wp-json\/wp\/v2\/product\/31908\/revisions"}],"predecessor-version":[{"id":31939,"href":"https:\/\/web.agro-trade.co\/fr\/wp-json\/wp\/v2\/product\/31908\/revisions\/31939"}],"wp:featuredmedia":[{"embeddable":true,"href":"https:\/\/web.agro-trade.co\/fr\/wp-json\/wp\/v2\/media\/31448"}],"wp:attachment":[{"href":"https:\/\/web.agro-trade.co\/fr\/wp-json\/wp\/v2\/media?parent=31908"}],"wp:term":[{"taxonomy":"product_brand","embeddable":true,"href":"https:\/\/web.agro-trade.co\/fr\/wp-json\/wp\/v2\/product_brand?post=31908"},{"taxonomy":"product_cat","embeddable":true,"href":"https:\/\/web.agro-trade.co\/fr\/wp-json\/wp\/v2\/product_cat?post=31908"},{"taxonomy":"product_tag","embeddable":true,"href":"https:\/\/web.agro-trade.co\/fr\/wp-json\/wp\/v2\/product_tag?post=31908"}],"curies":[{"name":"wp","href":"https:\/\/api.w.org\/{rel}","templated":true}]}}