{"id":31911,"date":"2025-07-28T13:06:52","date_gmt":"2025-07-28T13:06:52","guid":{"rendered":"https:\/\/web.agro-trade.co\/?post_type=product&#038;p=31911"},"modified":"2025-08-18T13:22:25","modified_gmt":"2025-08-18T13:22:25","slug":"chou-fleur","status":"publish","type":"product","link":"https:\/\/web.agro-trade.co\/fr\/produit\/chou-fleur\/","title":{"rendered":"Chou-fleur"},"content":{"rendered":"<p>Notre chou-fleur haut de gamme poss\u00e8de des t\u00eates denses et blanches avec une couverture foliaire minimale. Il a une saveur douce, l\u00e9g\u00e8rement noisette et une texture ferme, ce qui le rend parfait pour bouillir, r\u00f4tir ou ricer. Soigneusement cultiv\u00e9 et manipul\u00e9 pour \u00e9viter les ecchymoses ou la d\u00e9coloration, il est id\u00e9al pour les march\u00e9s qui exigent coh\u00e9rence, propret\u00e9 et qualit\u00e9 pr\u00eate \u00e0 l&rsquo;exportation.<\/p>\n","protected":false},"excerpt":{"rendered":"<p>Chou-fleur Premium \u2013 T\u00eates blanches comme neige, compactes au go\u00fbt doux, id\u00e9ales pour la cuisine et les exportations de haut niveau.<\/p>\n","protected":false},"featured_media":30584,"template":"","meta":{"_acf_changed":false},"product_brand":[],"product_cat":[294],"product_tag":[400,402,404,176,405,401,403],"class_list":{"0":"post-31911","1":"product","2":"type-product","3":"status-publish","4":"has-post-thumbnail","6":"product_cat-legumes","7":"product_tag-chou-fleur","8":"product_tag-chou-fleur-egyptien","9":"product_tag-faible-en-glucides","10":"product_tag-freshexport","11":"product_tag-legume-blanc","12":"product_tag-legume-crucifere","13":"product_tag-legume-sain","15":"first","16":"instock","17":"shipping-taxable","18":"product-type-simple"},"acf":[],"yoast_head":"<!-- This site is optimized with the Yoast SEO plugin v27.4 - https:\/\/yoast.com\/product\/yoast-seo-wordpress\/ -->\n<title>Chou-fleur | Agro Trade<\/title>\n<meta name=\"robots\" content=\"index, follow, max-snippet:-1, max-image-preview:large, max-video-preview:-1\" \/>\n<link rel=\"canonical\" href=\"https:\/\/web.agro-trade.co\/fr\/produit\/chou-fleur\/\" \/>\n<meta property=\"og:locale\" content=\"fr_FR\" \/>\n<meta property=\"og:type\" content=\"article\" \/>\n<meta property=\"og:title\" content=\"Chou-fleur | Agro Trade\" \/>\n<meta property=\"og:description\" content=\"Chou-fleur Premium \u2013 T\u00eates blanches comme neige, compactes au go\u00fbt doux, id\u00e9ales pour la cuisine et les exportations de haut niveau.\" \/>\n<meta property=\"og:url\" content=\"https:\/\/web.agro-trade.co\/fr\/produit\/chou-fleur\/\" \/>\n<meta property=\"og:site_name\" content=\"Agro Trade\" \/>\n<meta property=\"article:publisher\" content=\"https:\/\/www.facebook.com\/AgroTradeforImportandExport\/\" \/>\n<meta property=\"article:modified_time\" content=\"2025-08-18T13:22:25+00:00\" \/>\n<meta property=\"og:image\" content=\"https:\/\/web.agro-trade.co\/wp-content\/uploads\/2021\/08\/Agro-Trade-scaled.webp\" \/>\n\t<meta property=\"og:image:width\" content=\"2560\" \/>\n\t<meta property=\"og:image:height\" content=\"1225\" \/>\n\t<meta property=\"og:image:type\" content=\"image\/webp\" \/>\n<meta name=\"twitter:card\" content=\"summary_large_image\" \/>\n<script type=\"application\/ld+json\" class=\"yoast-schema-graph\">{\"@context\":\"https:\\\/\\\/schema.org\",\"@graph\":[{\"@type\":\"WebPage\",\"@id\":\"https:\\\/\\\/web.agro-trade.co\\\/fr\\\/produit\\\/chou-fleur\\\/\",\"url\":\"https:\\\/\\\/web.agro-trade.co\\\/fr\\\/produit\\\/chou-fleur\\\/\",\"name\":\"Chou-fleur | Agro Trade\",\"isPartOf\":{\"@id\":\"https:\\\/\\\/web.agro-trade.co\\\/#website\"},\"primaryImageOfPage\":{\"@id\":\"https:\\\/\\\/web.agro-trade.co\\\/fr\\\/produit\\\/chou-fleur\\\/#primaryimage\"},\"image\":{\"@id\":\"https:\\\/\\\/web.agro-trade.co\\\/fr\\\/produit\\\/chou-fleur\\\/#primaryimage\"},\"thumbnailUrl\":\"https:\\\/\\\/web.agro-trade.co\\\/wp-content\\\/uploads\\\/2025\\\/07\\\/35.png\",\"datePublished\":\"2025-07-28T13:06:52+00:00\",\"dateModified\":\"2025-08-18T13:22:25+00:00\",\"breadcrumb\":{\"@id\":\"https:\\\/\\\/web.agro-trade.co\\\/fr\\\/produit\\\/chou-fleur\\\/#breadcrumb\"},\"inLanguage\":\"fr-FR\",\"potentialAction\":[{\"@type\":\"ReadAction\",\"target\":[\"https:\\\/\\\/web.agro-trade.co\\\/fr\\\/produit\\\/chou-fleur\\\/\"]}]},{\"@type\":\"ImageObject\",\"inLanguage\":\"fr-FR\",\"@id\":\"https:\\\/\\\/web.agro-trade.co\\\/fr\\\/produit\\\/chou-fleur\\\/#primaryimage\",\"url\":\"https:\\\/\\\/web.agro-trade.co\\\/wp-content\\\/uploads\\\/2025\\\/07\\\/35.png\",\"contentUrl\":\"https:\\\/\\\/web.agro-trade.co\\\/wp-content\\\/uploads\\\/2025\\\/07\\\/35.png\",\"width\":500,\"height\":500,\"caption\":\"High-quality Egyptian cauliflower freshly harvested, cleaned, and exported by Agro Trade under the Mahdy Fresh brand \u2013 meeting international food safety standards.\"},{\"@type\":\"BreadcrumbList\",\"@id\":\"https:\\\/\\\/web.agro-trade.co\\\/fr\\\/produit\\\/chou-fleur\\\/#breadcrumb\",\"itemListElement\":[{\"@type\":\"ListItem\",\"position\":1,\"name\":\"Home\",\"item\":\"https:\\\/\\\/web.agro-trade.co\\\/\"},{\"@type\":\"ListItem\",\"position\":2,\"name\":\"Boutique\",\"item\":\"https:\\\/\\\/web.agro-trade.co\\\/fr\\\/boutique\\\/\"},{\"@type\":\"ListItem\",\"position\":3,\"name\":\"Chou-fleur\"}]},{\"@type\":\"WebSite\",\"@id\":\"https:\\\/\\\/web.agro-trade.co\\\/#website\",\"url\":\"https:\\\/\\\/web.agro-trade.co\\\/\",\"name\":\"Agro Trade\",\"description\":\"Premium Egyptian Fruits &amp; Vegetables for Global Export\",\"publisher\":{\"@id\":\"https:\\\/\\\/web.agro-trade.co\\\/#organization\"},\"alternateName\":\"Agro Trade\",\"potentialAction\":[{\"@type\":\"SearchAction\",\"target\":{\"@type\":\"EntryPoint\",\"urlTemplate\":\"https:\\\/\\\/web.agro-trade.co\\\/?s={search_term_string}\"},\"query-input\":{\"@type\":\"PropertyValueSpecification\",\"valueRequired\":true,\"valueName\":\"search_term_string\"}}],\"inLanguage\":\"fr-FR\"},{\"@type\":\"Organization\",\"@id\":\"https:\\\/\\\/web.agro-trade.co\\\/#organization\",\"name\":\"Agro Trade\",\"alternateName\":\"AgroTrade\",\"url\":\"https:\\\/\\\/web.agro-trade.co\\\/\",\"logo\":{\"@type\":\"ImageObject\",\"inLanguage\":\"fr-FR\",\"@id\":\"https:\\\/\\\/web.agro-trade.co\\\/#\\\/schema\\\/logo\\\/image\\\/\",\"url\":\"https:\\\/\\\/web.agro-trade.co\\\/wp-content\\\/uploads\\\/2025\\\/07\\\/cropped-Etsy-Organic-Beauty-Shop-Icon-e1753043861523.png\",\"contentUrl\":\"https:\\\/\\\/web.agro-trade.co\\\/wp-content\\\/uploads\\\/2025\\\/07\\\/cropped-Etsy-Organic-Beauty-Shop-Icon-e1753043861523.png\",\"width\":512,\"height\":512,\"caption\":\"Agro Trade\"},\"image\":{\"@id\":\"https:\\\/\\\/web.agro-trade.co\\\/#\\\/schema\\\/logo\\\/image\\\/\"},\"sameAs\":[\"https:\\\/\\\/www.facebook.com\\\/AgroTradeforImportandExport\\\/\",\"https:\\\/\\\/www.tiktok.com\\\/@agrotrade.eg\",\"https:\\\/\\\/www.linkedin.com\\\/company\\\/agro-trade-export-import\\\/\",\"https:\\\/\\\/www.youtube.com\\\/@AgroTradeforImportExport\",\"https:\\\/\\\/www.instagram.com\\\/agrotrade.eg\\\/\"]}]}<\/script>\n<!-- \/ Yoast SEO plugin. -->","yoast_head_json":{"title":"Chou-fleur | Agro Trade","robots":{"index":"index","follow":"follow","max-snippet":"max-snippet:-1","max-image-preview":"max-image-preview:large","max-video-preview":"max-video-preview:-1"},"canonical":"https:\/\/web.agro-trade.co\/fr\/produit\/chou-fleur\/","og_locale":"fr_FR","og_type":"article","og_title":"Chou-fleur | Agro Trade","og_description":"Chou-fleur Premium \u2013 T\u00eates blanches comme neige, compactes au go\u00fbt doux, id\u00e9ales pour la cuisine et les exportations de haut niveau.","og_url":"https:\/\/web.agro-trade.co\/fr\/produit\/chou-fleur\/","og_site_name":"Agro Trade","article_publisher":"https:\/\/www.facebook.com\/AgroTradeforImportandExport\/","article_modified_time":"2025-08-18T13:22:25+00:00","og_image":[{"width":2560,"height":1225,"url":"https:\/\/web.agro-trade.co\/wp-content\/uploads\/2021\/08\/Agro-Trade-scaled.webp","type":"image\/webp"}],"twitter_card":"summary_large_image","schema":{"@context":"https:\/\/schema.org","@graph":[{"@type":"WebPage","@id":"https:\/\/web.agro-trade.co\/fr\/produit\/chou-fleur\/","url":"https:\/\/web.agro-trade.co\/fr\/produit\/chou-fleur\/","name":"Chou-fleur | Agro Trade","isPartOf":{"@id":"https:\/\/web.agro-trade.co\/#website"},"primaryImageOfPage":{"@id":"https:\/\/web.agro-trade.co\/fr\/produit\/chou-fleur\/#primaryimage"},"image":{"@id":"https:\/\/web.agro-trade.co\/fr\/produit\/chou-fleur\/#primaryimage"},"thumbnailUrl":"https:\/\/web.agro-trade.co\/wp-content\/uploads\/2025\/07\/35.png","datePublished":"2025-07-28T13:06:52+00:00","dateModified":"2025-08-18T13:22:25+00:00","breadcrumb":{"@id":"https:\/\/web.agro-trade.co\/fr\/produit\/chou-fleur\/#breadcrumb"},"inLanguage":"fr-FR","potentialAction":[{"@type":"ReadAction","target":["https:\/\/web.agro-trade.co\/fr\/produit\/chou-fleur\/"]}]},{"@type":"ImageObject","inLanguage":"fr-FR","@id":"https:\/\/web.agro-trade.co\/fr\/produit\/chou-fleur\/#primaryimage","url":"https:\/\/web.agro-trade.co\/wp-content\/uploads\/2025\/07\/35.png","contentUrl":"https:\/\/web.agro-trade.co\/wp-content\/uploads\/2025\/07\/35.png","width":500,"height":500,"caption":"High-quality Egyptian cauliflower freshly harvested, cleaned, and exported by Agro Trade under the Mahdy Fresh brand \u2013 meeting international food safety standards."},{"@type":"BreadcrumbList","@id":"https:\/\/web.agro-trade.co\/fr\/produit\/chou-fleur\/#breadcrumb","itemListElement":[{"@type":"ListItem","position":1,"name":"Home","item":"https:\/\/web.agro-trade.co\/"},{"@type":"ListItem","position":2,"name":"Boutique","item":"https:\/\/web.agro-trade.co\/fr\/boutique\/"},{"@type":"ListItem","position":3,"name":"Chou-fleur"}]},{"@type":"WebSite","@id":"https:\/\/web.agro-trade.co\/#website","url":"https:\/\/web.agro-trade.co\/","name":"Agro Trade","description":"Premium Egyptian Fruits &amp; Vegetables for Global Export","publisher":{"@id":"https:\/\/web.agro-trade.co\/#organization"},"alternateName":"Agro Trade","potentialAction":[{"@type":"SearchAction","target":{"@type":"EntryPoint","urlTemplate":"https:\/\/web.agro-trade.co\/?s={search_term_string}"},"query-input":{"@type":"PropertyValueSpecification","valueRequired":true,"valueName":"search_term_string"}}],"inLanguage":"fr-FR"},{"@type":"Organization","@id":"https:\/\/web.agro-trade.co\/#organization","name":"Agro Trade","alternateName":"AgroTrade","url":"https:\/\/web.agro-trade.co\/","logo":{"@type":"ImageObject","inLanguage":"fr-FR","@id":"https:\/\/web.agro-trade.co\/#\/schema\/logo\/image\/","url":"https:\/\/web.agro-trade.co\/wp-content\/uploads\/2025\/07\/cropped-Etsy-Organic-Beauty-Shop-Icon-e1753043861523.png","contentUrl":"https:\/\/web.agro-trade.co\/wp-content\/uploads\/2025\/07\/cropped-Etsy-Organic-Beauty-Shop-Icon-e1753043861523.png","width":512,"height":512,"caption":"Agro Trade"},"image":{"@id":"https:\/\/web.agro-trade.co\/#\/schema\/logo\/image\/"},"sameAs":["https:\/\/www.facebook.com\/AgroTradeforImportandExport\/","https:\/\/www.tiktok.com\/@agrotrade.eg","https:\/\/www.linkedin.com\/company\/agro-trade-export-import\/","https:\/\/www.youtube.com\/@AgroTradeforImportExport","https:\/\/www.instagram.com\/agrotrade.eg\/"]}]}},"_links":{"self":[{"href":"https:\/\/web.agro-trade.co\/fr\/wp-json\/wp\/v2\/product\/31911","targetHints":{"allow":["GET"]}}],"collection":[{"href":"https:\/\/web.agro-trade.co\/fr\/wp-json\/wp\/v2\/product"}],"about":[{"href":"https:\/\/web.agro-trade.co\/fr\/wp-json\/wp\/v2\/types\/product"}],"version-history":[{"count":1,"href":"https:\/\/web.agro-trade.co\/fr\/wp-json\/wp\/v2\/product\/31911\/revisions"}],"predecessor-version":[{"id":31942,"href":"https:\/\/web.agro-trade.co\/fr\/wp-json\/wp\/v2\/product\/31911\/revisions\/31942"}],"wp:featuredmedia":[{"embeddable":true,"href":"https:\/\/web.agro-trade.co\/fr\/wp-json\/wp\/v2\/media\/30584"}],"wp:attachment":[{"href":"https:\/\/web.agro-trade.co\/fr\/wp-json\/wp\/v2\/media?parent=31911"}],"wp:term":[{"taxonomy":"product_brand","embeddable":true,"href":"https:\/\/web.agro-trade.co\/fr\/wp-json\/wp\/v2\/product_brand?post=31911"},{"taxonomy":"product_cat","embeddable":true,"href":"https:\/\/web.agro-trade.co\/fr\/wp-json\/wp\/v2\/product_cat?post=31911"},{"taxonomy":"product_tag","embeddable":true,"href":"https:\/\/web.agro-trade.co\/fr\/wp-json\/wp\/v2\/product_tag?post=31911"}],"curies":[{"name":"wp","href":"https:\/\/api.w.org\/{rel}","templated":true}]}}